{"id":24785,"date":"2022-03-06T17:36:52","date_gmt":"2022-03-06T16:36:52","guid":{"rendered":"https:\/\/traductera.com\/cookie-policy\/"},"modified":"2022-03-06T17:48:56","modified_gmt":"2022-03-06T16:48:56","slug":"cookie-richtlinie","status":"publish","type":"page","link":"https:\/\/traductera.com\/de\/cookie-richtlinie\/","title":{"rendered":"Cookie-Richtlinie"},"content":{"rendered":"<div class=\"wpb-content-wrapper\">[vc_row][vc_column][mk_fancy_title size=&#8220;&#8220; font_family=&#8220;none&#8220;]Cookies, die wir auf unserer Website verwenden:[\/mk_fancy_title][vc_raw_html]JTVCcmVuZGVyX2Nvb2tpZXNfbGlzdCUyMGRpc3BsYXlfc2luZ2xlX2Nvb2tpZXMlM0R0cnVlJTVE[\/vc_raw_html][\/vc_column][\/vc_row][vc_row][vc_column][mk_fancy_title tag_name=&#8220;h4&#8243; size=&#8220;&#8220; font_family=&#8220;none&#8220;]Verwaltung Ihrer pers\u00f6nlichen Daten:[\/mk_fancy_title][vc_column_text css=&#8220;.vc_custom_1639402268233{margin-bottom: 0px !important;}&#8220;]\n<div class=\"ct-ultimate-gdpr-container ct-ultimate-gdpr-my-account  ct-ultimate-gdpr-simple-form\">\n\n\t\n    <div id=\"tabs\">\n        <ul>\n                        <li>\n                <a href=\"#tabs-1\">\n\t\t\t\t\tZugang zu pers\u00f6nlichen Daten                <\/a>\n            <\/li>\n            <li>\n                <a href=\"#tabs-2\">\n\t\t\t\t\tVergiss mich                <\/a>\n            <\/li>\n            <li>\n                <a href=\"#tabs-3\">\n\t\t\t\t\tDatenberichtigung                <\/a>\n            <\/li>\n\t\t\t        <\/ul>\n\n        \n        <div id=\"tabs-1\">\n\n            <div class=\"ct-headerContent\">\n\t\t\t\tIm Folgenden k\u00f6nnen Sie beantragen, dass Ihre pers\u00f6nlichen Daten, die auf dieser Website gesammelt werden, per E-Mail an Sie gesendet werden.            <\/div>\n\n            <form id=\"ct-ultimate-gdpr-data-access\" method=\"post\">\n                <label for=\"ct-ultimate-gdpr-email\">E-mail:<\/label>\n\t\t\t\t                    <input type=\"email\" name=\"ct-ultimate-gdpr-email\" value=\"\" required=\"\" id=\"ct-ultimate-gdpr-email\">\n\t\t\t\t                <label for=\"ct-ultimate-gdpr-consent-data-access\">\n                    <input type=\"checkbox\" id=\"ct-ultimate-gdpr-consent-data-access\"\n                           name=\"ct-ultimate-gdpr-consent-data-access\" required=\"\">\n                    <span class=\"ct-checkbox\"><\/span>\n\t\t\t\t\tIch bin damit einverstanden, dass meine E-Mails gesammelt werden, um meine angeforderten Daten zu erhalten. Weitere Informationen finden Sie auf der Seite Datenschutz.                <\/label>\n\t\t\t\t\n\t\t\t\t\n                <input type=\"hidden\" name=\"ct-ultimate-gdpr-request-url\" value=\"https:\/\/traductera.com\/de\/cookie-richtlinie\/\"\/>\n                <input type=\"submit\" name=\"ct-ultimate-gdpr-data-access-submit\"\n                       value=\"Einreichen\">\n\n            <\/form>\n        <\/div>\n\n        <div id=\"tabs-2\">\n            <div class=\"ct-headerContent\">\n                <p>Removal of your data will not limit in any way the system functionalities<\/p>                Unten k\u00f6nnen Sie nach Diensten suchen, die Ihre pers\u00f6nlichen Daten auf dieser Website erfassen. \u00dcberpr\u00fcfen Sie Dienstleistungen, von denen Sie vergessen m\u00f6chten. Dies wird eine Anfrage an den Website-Administrator senden. Sie werden per E-Mail benachrichtigt, sobald dies erledigt ist.            <\/div>\n\n            <form id=\"ct-ultimate-gdpr-forget\" method=\"post\">\n\n                <div class=\"ct-ultimate-gdpr-services-list\">\n\n\t\t\t\t\t                            <div class=\"ct-ultimate-gdpr-service-options\">\n                                <div class=\"ct-ultimate-gdpr-service-option\">\n                                    <input type=\"checkbox\" name=\"ct-ultimate-gdpr-service-forget[]\"\n                                           value=\"wp_comments\">\n                                    <span class=\"ct-checkbox\"><\/span>\n                                <\/div>\n                                <div class=\"ct-ultimate-gdpr-service-details\">\n                                    <div class=\"ct-ultimate-gdpr-service-title\">WP Comments<\/div>\n                                    <div class=\"ct-ultimate-gdpr-service-description\">WordPress Kommentare sind Daten, die von Benutzern in Kommentaren eingegeben werden<\/div>\n                                <\/div>\n                            <\/div>\n\n\n\t\t\t\t\t\t                            <div class=\"ct-ultimate-gdpr-service-options\">\n                                <div class=\"ct-ultimate-gdpr-service-option\">\n                                    <input type=\"checkbox\" name=\"ct-ultimate-gdpr-service-forget[]\"\n                                           value=\"wp_posts\">\n                                    <span class=\"ct-checkbox\"><\/span>\n                                <\/div>\n                                <div class=\"ct-ultimate-gdpr-service-details\">\n                                    <div class=\"ct-ultimate-gdpr-service-title\">WordPress Posts<\/div>\n                                    <div class=\"ct-ultimate-gdpr-service-description\">WordPress postet Autorendaten<\/div>\n                                <\/div>\n                            <\/div>\n\n\n\t\t\t\t\t\t                            <div class=\"ct-ultimate-gdpr-service-options\">\n                                <div class=\"ct-ultimate-gdpr-service-option\">\n                                    <input type=\"checkbox\" name=\"ct-ultimate-gdpr-service-forget[]\"\n                                           value=\"wp_user\">\n                                    <span class=\"ct-checkbox\"><\/span>\n                                <\/div>\n                                <div class=\"ct-ultimate-gdpr-service-details\">\n                                    <div class=\"ct-ultimate-gdpr-service-title\">WP User Data<\/div>\n                                    <div class=\"ct-ultimate-gdpr-service-description\">WordPress-Benutzerdaten werden als Benutzermetadaten in der Datenbank gespeichert<\/div>\n                                <\/div>\n                            <\/div>\n\n\n\t\t\t\t\t\t\n\n                    <div class=\"ct-ultimate-gdpr-services-email\">\n\n                        <label for=\"ct-ultimate-gdpr-forget-email\">E-mail:<\/label>\n\t\t\t\t\t\t                            <input type=\"email\" name=\"ct-ultimate-gdpr-email\" value=\"\" required=\"\"\n                                   id=\"ct-ultimate-gdpr-forget-email\">\n\t\t\t\t\t\t                    <\/div>\n\n                    <label for=\"ct-ultimate-gdpr-consent-forget-me\">\n                        <input type=\"checkbox\" id=\"ct-ultimate-gdpr-consent-forget-me\"\n                               name=\"ct-ultimate-gdpr-consent-forget-me\" required=\"\">\n                        <span class=\"ct-checkbox\"><\/span>\n\t\t\t\t\t\tIch bin damit einverstanden, dass meine E-Mail zur Bearbeitung dieser Anfrage gesammelt wird. Weitere Informationen finden Sie auf der Seite Datenschutz.                    <\/label>\n\t\t\t\t\t\n\t\t\t\t\t\n                    <input type=\"hidden\" name=\"ct-ultimate-gdpr-request-url\" value=\"https:\/\/traductera.com\/de\/cookie-richtlinie\/\"\/>\n                    <input type=\"submit\" class=\"ct-ultimate-gdpr-forget-submitBtn\" name=\"ct-ultimate-gdpr-forget-submit\"\n                           value=\"Einreichen\">\n\n\n                <\/div>\n\n            <\/form>\n        <\/div>\n\n        <div id=\"tabs-3\">\n            <div class=\"ct-headerContent\">\n\t\t\t\tIm Folgenden k\u00f6nnen Sie eine Anfrage senden, um Ihre Daten vom Website Administrator korrigieren zu lassen. Geben Sie ein, was Sie korrigiert haben m\u00f6chten. Sie werden per E-Mail benachrichtigt, sobald dies erledigt ist.            <\/div>\n\n            <form id=\"ct-ultimate-gdpr-rectification\" method=\"post\">\n\n                <div class=\"ct-ultimate-gdpr-services-email\">\n\n                    <label for=\"ct-ultimate-gdpr-rectification-data-current\" class=\"ct-u-display-block\">\n\t\t\t\t\t\tAktuelle Daten                    <\/label>\n                    <textarea\n                            name=\"ct-ultimate-gdpr-rectification-data-current\"\n                            rows=\"5\"\n                            required\n                            id=\"ct-ultimate-gdpr-rectification-data-current\"\n                    ><\/textarea>\n\n                <\/div>\n\n                <div class=\"ct-ultimate-gdpr-services-email\">\n\n                    <label for=\"ct-ultimate-gdpr-rectification-data-rectified\" class=\"ct-u-display-block\">\n\t\t\t\t\t\tBerichtigte Daten                    <\/label>\n                    <textarea\n                            name=\"ct-ultimate-gdpr-rectification-data-rectified\"\n                            rows=\"5\"\n                            required\n                            id=\"ct-ultimate-gdpr-rectification-data-rectified\"\n                    ><\/textarea>\n\n                <\/div>\n\n                <div class=\"ct-ultimate-gdpr-services-email\">\n\n                    <label for=\"ct-ultimate-gdpr-rectify-email\">E-mail:<\/label>\n\t\t\t\t\t                        <input\n                                type=\"email\"\n                                name=\"ct-ultimate-gdpr-email\"\n                                value=\"\"\n                                required=\"\"\n                                id=\"ct-ultimate-gdpr-rectify-email\"\n                        >\n\t\t\t\t\t                <\/div>\n\n                <label for=\"ct-ultimate-gdpr-consent-data-rectification\">\n                    <input type=\"checkbox\" id=\"ct-ultimate-gdpr-consent-data-rectification\"\n                           name=\"ct-ultimate-gdpr-consent-data-rectification\" required=\"\">\n                    <span class=\"ct-checkbox ct-ultimate-gdpr-simple-form\"><\/span>\n\t\t\t\t\tIch bin damit einverstanden, dass meine E-Mail zur Bearbeitung dieser Anfrage gesammelt wird. Weitere Informationen finden Sie auf der Seite Datenschutz.                <\/label>\n\t\t\t\t\n\t\t\t\t\n                <input type=\"hidden\" name=\"ct-ultimate-gdpr-request-url\" value=\"https:\/\/traductera.com\/de\/cookie-richtlinie\/\"\/>\n                <input type=\"submit\" class=\"ct-ultimate-gdpr-forget-submitBtn\"\n                       name=\"ct-ultimate-gdpr-rectification-submit\"\n                       value=\"Einreichen\">\n\n\n            <\/form>\n        <\/div>\n\t\t    <\/div>\n\n<\/div>[\/vc_column_text][\/vc_column][\/vc_row][vc_row][vc_column][mk_fancy_title tag_name=&#8220;h4&#8243; size=&#8220;&#8220; font_family=&#8220;none&#8220;]Cookie-Einstellungen \u00e4ndern:[\/mk_fancy_title][vc_raw_html el_class=&#8220;vc_btn vc_btn_juicy_pink vc_btn-juicy_pink vc_btn_lg vc_btn-lg vc_btn_square&#8220;]JTVCdWx0aW1hdGVfZ2Rwcl9jb29raWVfcG9wdXAlNURTcHIlQzMlQTF2YSUyMG5hc3RhdmVuJUMzJUFEJTIwc291Ym9yJUM1JUFGJTIwQ29va2llcyU1QiUyRnVsdGltYXRlX2dkcHJfY29va2llX3BvcHVwJTVE[\/vc_raw_html][\/vc_column][\/vc_row]\n<\/div>","protected":false},"excerpt":{"rendered":"<p>[vc_row][vc_column][mk_fancy_title size=&#8220;&#8220; font_family=&#8220;none&#8220;]Cookies, die wir auf unserer Website verwenden:[\/mk_fancy_title][vc_raw_html]JTVCcmVuZGVyX2Nvb2tpZXNfbGlzdCUyMGRpc3BsYXlfc2luZ2xlX2Nvb2tpZXMlM0R0cnVlJTVE[\/vc_raw_html][\/vc_column][\/vc_row][vc_row][vc_column][mk_fancy_title tag_name=&#8220;h4&#8243; size=&#8220;&#8220; font_family=&#8220;none&#8220;]Verwaltung Ihrer pers\u00f6nlichen Daten:[\/mk_fancy_title][vc_column_text css=&#8220;.vc_custom_1639402268233{margin-bottom: 0px !important;}&#8220;][\/vc_column_text][\/vc_column][\/vc_row][vc_row][vc_column][mk_fancy_title tag_name=&#8220;h4&#8243; size=&#8220;&#8220; font_family=&#8220;none&#8220;]Cookie-Einstellungen \u00e4ndern:[\/mk_fancy_title][vc_raw_html el_class=&#8220;vc_btn vc_btn_juicy_pink vc_btn-juicy_pink vc_btn_lg vc_btn-lg vc_btn_square&#8220;]JTVCdWx0aW1hdGVfZ2Rwcl9jb29raWVfcG9wdXAlNURTcHIlQzMlQTF2YSUyMG5hc3RhdmVuJUMzJUFEJTIwc291Ym9yJUM1JUFGJTIwQ29va2llcyU1QiUyRnVsdGltYXRlX2dkcHJfY29va2llX3BvcHVwJTVE[\/vc_raw_html][\/vc_column][\/vc_row]<\/p>\n","protected":false},"author":3,"featured_media":0,"parent":0,"menu_order":0,"comment_status":"closed","ping_status":"closed","template":"","meta":{"_acf_changed":false,"_monsterinsights_skip_tracking":false,"_monsterinsights_sitenote_active":false,"_monsterinsights_sitenote_note":"","_monsterinsights_sitenote_category":0,"footnotes":""},"class_list":["post-24785","page","type-page","status-publish","hentry"],"acf":[],"yoast_head":"<title>Cookie-Richtlinie &#8226; ACP Traductera<\/title>\n<meta name=\"robots\" content=\"index, follow, max-snippet:-1, max-image-preview:large, max-video-preview:-1\" \/>\n<link rel=\"canonical\" href=\"https:\/\/traductera.com\/de\/cookie-richtlinie\/\" \/>\n<meta property=\"og:locale\" content=\"de_DE\" \/>\n<meta property=\"og:type\" content=\"article\" \/>\n<meta property=\"og:title\" content=\"Cookie-Richtlinie &#8226; ACP Traductera\" \/>\n<meta property=\"og:description\" content=\"[vc_row][vc_column][mk_fancy_title size=&#8220;&#8220; font_family=&#8220;none&#8220;]Cookies, die wir auf unserer Website verwenden:[\/mk_fancy_title][vc_raw_html]JTVCcmVuZGVyX2Nvb2tpZXNfbGlzdCUyMGRpc3BsYXlfc2luZ2xlX2Nvb2tpZXMlM0R0cnVlJTVE[\/vc_raw_html][\/vc_column][\/vc_row][vc_row][vc_column][mk_fancy_title tag_name=&#8220;h4&#8243; size=&#8220;&#8220; font_family=&#8220;none&#8220;]Verwaltung Ihrer pers\u00f6nlichen Daten:[\/mk_fancy_title][vc_column_text css=&#8220;.vc_custom_1639402268233{margin-bottom: 0px !important;}&#8220;][\/vc_column_text][\/vc_column][\/vc_row][vc_row][vc_column][mk_fancy_title tag_name=&#8220;h4&#8243; size=&#8220;&#8220; font_family=&#8220;none&#8220;]Cookie-Einstellungen \u00e4ndern:[\/mk_fancy_title][vc_raw_html el_class=&#8220;vc_btn vc_btn_juicy_pink vc_btn-juicy_pink vc_btn_lg vc_btn-lg vc_btn_square&#8220;]JTVCdWx0aW1hdGVfZ2Rwcl9jb29raWVfcG9wdXAlNURTcHIlQzMlQTF2YSUyMG5hc3RhdmVuJUMzJUFEJTIwc291Ym9yJUM1JUFGJTIwQ29va2llcyU1QiUyRnVsdGltYXRlX2dkcHJfY29va2llX3BvcHVwJTVE[\/vc_raw_html][\/vc_column][\/vc_row]\" \/>\n<meta property=\"og:url\" content=\"https:\/\/traductera.com\/de\/cookie-richtlinie\/\" \/>\n<meta property=\"og:site_name\" content=\"ACP Traductera\" \/>\n<meta property=\"article:publisher\" content=\"https:\/\/www.facebook.com\/ACPtraductera\" \/>\n<meta property=\"article:modified_time\" content=\"2022-03-06T16:48:56+00:00\" \/>\n<meta property=\"og:image\" content=\"https:\/\/traductera.com\/wp-content\/uploads\/2015\/03\/logo_slider.png\" \/>\n\t<meta property=\"og:image:width\" content=\"700\" \/>\n\t<meta property=\"og:image:height\" content=\"86\" \/>\n\t<meta property=\"og:image:type\" content=\"image\/png\" \/>\n<meta name=\"twitter:card\" content=\"summary_large_image\" \/>\n<meta name=\"twitter:site\" content=\"@traductera\" \/>\n<meta name=\"twitter:label1\" content=\"Gesch\u00e4tzte Lesezeit\" \/>\n\t<meta name=\"twitter:data1\" content=\"1\u00a0Minute\" \/>\n<script type=\"application\/ld+json\" class=\"yoast-schema-graph\">{\"@context\":\"https:\/\/schema.org\",\"@graph\":[{\"@type\":\"WebPage\",\"@id\":\"https:\/\/traductera.com\/de\/cookie-richtlinie\/\",\"url\":\"https:\/\/traductera.com\/de\/cookie-richtlinie\/\",\"name\":\"Cookie-Richtlinie &#8226; ACP Traductera\",\"isPartOf\":{\"@id\":\"https:\/\/traductera.com\/#website\"},\"datePublished\":\"2022-03-06T16:36:52+00:00\",\"dateModified\":\"2022-03-06T16:48:56+00:00\",\"inLanguage\":\"de\",\"potentialAction\":[{\"@type\":\"ReadAction\",\"target\":[\"https:\/\/traductera.com\/de\/cookie-richtlinie\/\"]}]},{\"@type\":\"WebSite\",\"@id\":\"https:\/\/traductera.com\/#website\",\"url\":\"https:\/\/traductera.com\/\",\"name\":\"ACP Traductera\",\"description\":\"\u00dcbersetzungspartner f\u00fcr Ihren Erfolg in  Mittel- und Osteuropa\",\"publisher\":{\"@id\":\"https:\/\/traductera.com\/#organization\"},\"potentialAction\":[{\"@type\":\"SearchAction\",\"target\":{\"@type\":\"EntryPoint\",\"urlTemplate\":\"https:\/\/traductera.com\/?s={search_term_string}\"},\"query-input\":{\"@type\":\"PropertyValueSpecification\",\"valueRequired\":true,\"valueName\":\"search_term_string\"}}],\"inLanguage\":\"de\"},{\"@type\":\"Organization\",\"@id\":\"https:\/\/traductera.com\/#organization\",\"name\":\"ACP Traductera, a.s.\",\"url\":\"https:\/\/traductera.com\/\",\"logo\":{\"@type\":\"ImageObject\",\"inLanguage\":\"de\",\"@id\":\"https:\/\/traductera.com\/#\/schema\/logo\/image\/\",\"url\":\"https:\/\/traductera.com\/wp-content\/uploads\/2015\/03\/logo_slider.png\",\"contentUrl\":\"https:\/\/traductera.com\/wp-content\/uploads\/2015\/03\/logo_slider.png\",\"width\":700,\"height\":86,\"caption\":\"ACP Traductera, a.s.\"},\"image\":{\"@id\":\"https:\/\/traductera.com\/#\/schema\/logo\/image\/\"},\"sameAs\":[\"https:\/\/www.facebook.com\/ACPtraductera\",\"https:\/\/x.com\/traductera\",\"https:\/\/www.instagram.com\/acptraductera\/\",\"https:\/\/www.linkedin.com\/company\/acp-traductera\"]}]}<\/script>","yoast_head_json":{"title":"Cookie-Richtlinie &#8226; ACP Traductera","robots":{"index":"index","follow":"follow","max-snippet":"max-snippet:-1","max-image-preview":"max-image-preview:large","max-video-preview":"max-video-preview:-1"},"canonical":"https:\/\/traductera.com\/de\/cookie-richtlinie\/","og_locale":"de_DE","og_type":"article","og_title":"Cookie-Richtlinie &#8226; ACP Traductera","og_description":"[vc_row][vc_column][mk_fancy_title size=&#8220;&#8220; font_family=&#8220;none&#8220;]Cookies, die wir auf unserer Website verwenden:[\/mk_fancy_title][vc_raw_html]JTVCcmVuZGVyX2Nvb2tpZXNfbGlzdCUyMGRpc3BsYXlfc2luZ2xlX2Nvb2tpZXMlM0R0cnVlJTVE[\/vc_raw_html][\/vc_column][\/vc_row][vc_row][vc_column][mk_fancy_title tag_name=&#8220;h4&#8243; size=&#8220;&#8220; font_family=&#8220;none&#8220;]Verwaltung Ihrer pers\u00f6nlichen Daten:[\/mk_fancy_title][vc_column_text css=&#8220;.vc_custom_1639402268233{margin-bottom: 0px !important;}&#8220;][\/vc_column_text][\/vc_column][\/vc_row][vc_row][vc_column][mk_fancy_title tag_name=&#8220;h4&#8243; size=&#8220;&#8220; font_family=&#8220;none&#8220;]Cookie-Einstellungen \u00e4ndern:[\/mk_fancy_title][vc_raw_html el_class=&#8220;vc_btn vc_btn_juicy_pink vc_btn-juicy_pink vc_btn_lg vc_btn-lg vc_btn_square&#8220;]JTVCdWx0aW1hdGVfZ2Rwcl9jb29raWVfcG9wdXAlNURTcHIlQzMlQTF2YSUyMG5hc3RhdmVuJUMzJUFEJTIwc291Ym9yJUM1JUFGJTIwQ29va2llcyU1QiUyRnVsdGltYXRlX2dkcHJfY29va2llX3BvcHVwJTVE[\/vc_raw_html][\/vc_column][\/vc_row]","og_url":"https:\/\/traductera.com\/de\/cookie-richtlinie\/","og_site_name":"ACP Traductera","article_publisher":"https:\/\/www.facebook.com\/ACPtraductera","article_modified_time":"2022-03-06T16:48:56+00:00","og_image":[{"width":700,"height":86,"url":"https:\/\/traductera.com\/wp-content\/uploads\/2015\/03\/logo_slider.png","type":"image\/png"}],"twitter_card":"summary_large_image","twitter_site":"@traductera","twitter_misc":{"Gesch\u00e4tzte Lesezeit":"1\u00a0Minute"},"schema":{"@context":"https:\/\/schema.org","@graph":[{"@type":"WebPage","@id":"https:\/\/traductera.com\/de\/cookie-richtlinie\/","url":"https:\/\/traductera.com\/de\/cookie-richtlinie\/","name":"Cookie-Richtlinie &#8226; ACP Traductera","isPartOf":{"@id":"https:\/\/traductera.com\/#website"},"datePublished":"2022-03-06T16:36:52+00:00","dateModified":"2022-03-06T16:48:56+00:00","inLanguage":"de","potentialAction":[{"@type":"ReadAction","target":["https:\/\/traductera.com\/de\/cookie-richtlinie\/"]}]},{"@type":"WebSite","@id":"https:\/\/traductera.com\/#website","url":"https:\/\/traductera.com\/","name":"ACP Traductera","description":"\u00dcbersetzungspartner f\u00fcr Ihren Erfolg in  Mittel- und Osteuropa","publisher":{"@id":"https:\/\/traductera.com\/#organization"},"potentialAction":[{"@type":"SearchAction","target":{"@type":"EntryPoint","urlTemplate":"https:\/\/traductera.com\/?s={search_term_string}"},"query-input":{"@type":"PropertyValueSpecification","valueRequired":true,"valueName":"search_term_string"}}],"inLanguage":"de"},{"@type":"Organization","@id":"https:\/\/traductera.com\/#organization","name":"ACP Traductera, a.s.","url":"https:\/\/traductera.com\/","logo":{"@type":"ImageObject","inLanguage":"de","@id":"https:\/\/traductera.com\/#\/schema\/logo\/image\/","url":"https:\/\/traductera.com\/wp-content\/uploads\/2015\/03\/logo_slider.png","contentUrl":"https:\/\/traductera.com\/wp-content\/uploads\/2015\/03\/logo_slider.png","width":700,"height":86,"caption":"ACP Traductera, a.s."},"image":{"@id":"https:\/\/traductera.com\/#\/schema\/logo\/image\/"},"sameAs":["https:\/\/www.facebook.com\/ACPtraductera","https:\/\/x.com\/traductera","https:\/\/www.instagram.com\/acptraductera\/","https:\/\/www.linkedin.com\/company\/acp-traductera"]}]}},"_links":{"self":[{"href":"https:\/\/traductera.com\/de\/wp-json\/wp\/v2\/pages\/24785","targetHints":{"allow":["GET"]}}],"collection":[{"href":"https:\/\/traductera.com\/de\/wp-json\/wp\/v2\/pages"}],"about":[{"href":"https:\/\/traductera.com\/de\/wp-json\/wp\/v2\/types\/page"}],"author":[{"embeddable":true,"href":"https:\/\/traductera.com\/de\/wp-json\/wp\/v2\/users\/3"}],"replies":[{"embeddable":true,"href":"https:\/\/traductera.com\/de\/wp-json\/wp\/v2\/comments?post=24785"}],"version-history":[{"count":0,"href":"https:\/\/traductera.com\/de\/wp-json\/wp\/v2\/pages\/24785\/revisions"}],"wp:attachment":[{"href":"https:\/\/traductera.com\/de\/wp-json\/wp\/v2\/media?parent=24785"}],"curies":[{"name":"wp","href":"https:\/\/api.w.org\/{rel}","templated":true}]}}