{"id":2749,"date":"2015-06-04T21:59:15","date_gmt":"2015-06-04T19:59:15","guid":{"rendered":"\/\/traductera.com\/?page_id=2749"},"modified":"2024-05-29T11:30:29","modified_gmt":"2024-05-29T09:30:29","slug":"sprachkombinationen","status":"publish","type":"page","link":"https:\/\/traductera.com\/de\/sprachkombinationen\/","title":{"rendered":"Sprachkombinationen"},"content":{"rendered":"<div class=\"wpb-content-wrapper\">[mk_page_section bg_image=&#8220;\/\/traductera.com\/wp-content\/uploads\/2015\/03\/doktori1.jpg&#8220; attachment=&#8220;fixed&#8220; bg_position=&#8220;center center&#8220; bg_repeat=&#8220;no-repeat&#8220; bg_stretch=&#8220;true&#8220; top_shadow=&#8220;true&#8220; min_height=&#8220;400&#8243; padding_top=&#8220;0&#8243; padding_bottom=&#8220;0&#8243; section_id=&#8220;lide&#8220; sidebar=&#8220;sidebar-1&#8243; first_page=&#8220;true&#8220; last_page=&#8220;true&#8220;][vc_column][vc_empty_space height=&#8220;200px&#8220;][vc_column_text align=&#8220;center&#8220; animation=&#8220;top-to-bottom&#8220; css=&#8220;.vc_custom_1716975027311{margin-bottom: 0px !important;}&#8220;]\n<h1 style=\"text-align: center;\"><span style=\"color: #333333;\">357&nbsp;047&nbsp;921<\/span> <span style=\"color: #333333;\">Worte \u00fcbersetzt<\/span><\/h1>\n[\/vc_column_text][vc_empty_space height=&#8220;100px&#8220;][vc_empty_space height=&#8220;100px&#8220;][\/vc_column][\/mk_page_section][mk_page_section bg_color=&#8220;#ffffff&#8220; enable_3d=&#8220;true&#8220; padding_top=&#8220;0&#8243; padding_bottom=&#8220;0&#8243; el_class=&#8220;sl_back_01&#8243; sidebar=&#8220;sidebar-1&#8243; first_page=&#8220;false&#8220; last_page=&#8220;false&#8220;][vc_column][vc_empty_space height=&#8220;30px&#8220;][vc_column_text align=&#8220;center&#8220;]\n<h2 style=\"text-align: center;\">Sprachkombinationen<\/h2>\n[\/vc_column_text][mk_divider style=&#8220;thin_solid&#8220; divider_width=&#8220;custom_width&#8220; custom_width=&#8220;100&#8243; thickness=&#8220;2&#8243; margin_bottom=&#8220;50&#8243;][vc_row_inner][vc_column_inner][vc_column_text el_class=&#8220;id=&#8222;preklady&#8222;&#8220; css=&#8220;.vc_custom_1716975056799{margin-bottom: 0px !important;}&#8220;]\n<h6>Wir haben uns auf \u00dcbersetzungsservices f\u00fcr mittel- und osteurop\u00e4ische Sprachen spezialisiert. Zu unseren Ausgangssprachen geh\u00f6ren vorwiegend Englisch, Deutsch, Spanisch, Franz\u00f6sisch und weitere westeurop\u00e4ische Sprachen. Mit unseren etwa 1&nbsp;500 erfahrenen \u00dcbersetzern, die alle \u00fcber umfangreiche Fachkenntnisse auf ihrem jeweiligen Gebiet verf\u00fcgen, kommen wir auf fast 700 Sprachkombinationen.<\/h6>\n[\/vc_column_text][\/vc_column_inner][\/vc_row_inner][vc_empty_space][\/vc_column][\/mk_page_section][mk_page_section bg_image=&#8220;\/\/traductera.com\/wp-content\/uploads\/2015\/03\/doktori1.jpg&#8220; attachment=&#8220;fixed&#8220; bg_position=&#8220;center center&#8220; bg_repeat=&#8220;no-repeat&#8220; bg_stretch=&#8220;true&#8220; speed_factor=&#8220;0.7&#8243; video_mask=&#8220;true&#8220; video_color_mask=&#8220;#2d2d2d&#8220; video_opacity=&#8220;0.8&#8243; sidebar=&#8220;sidebar-1&#8243; first_page=&#8220;false&#8220; last_page=&#8220;false&#8220;][vc_column][vc_tabs style=&#8220;simple&#8220; container_bg_color=&#8220;rgba(255,255,255,0.01)&#8220;][vc_tab title=&#8220;Liste der Ausgangs- und Zielsprachen&#8220; tab_id=&#8220;1426002694-1-67&#8243;][vc_empty_space][vc_row_inner][vc_column_inner width=&#8220;1\/6&#8243;][vc_column_text]\n<h6 style=\"text-align: right;\"><span style=\"color: #ffffff;\">D\u00e4nisch<\/span><\/h6>\n<h6 style=\"text-align: right;\"><span style=\"color: #ffffff;\">Deutsch<\/span><\/h6>\n<h6 style=\"text-align: right;\"><span style=\"color: #ffffff;\">Englisch<\/span><\/h6>\n<h6 style=\"text-align: right;\"><span style=\"color: #ffffff;\">Finnisch<\/span><\/h6>\n<h6 style=\"text-align: right;\"><span style=\"color: #ffffff;\">Franz\u00f6sisch<\/span><\/h6>\n<h6 style=\"text-align: right;\"><span style=\"color: #ffffff;\">Holl\u00e4ndisch<\/span><\/h6>\n[\/vc_column_text][\/vc_column_inner][vc_column_inner width=&#8220;1\/6&#8243;][vc_column_text]\n<h6 style=\"text-align: right;\"><span style=\"color: #ffffff;\">Griechisch<\/span><\/h6>\n<h6 style=\"text-align: right;\"><span style=\"color: #ffffff;\">Italienisch<\/span><\/h6>\n<h6 style=\"text-align: right;\"><span style=\"color: #ffffff;\">Norwegisch<\/span><\/h6>\n<h6 style=\"text-align: right;\"><span style=\"color: #ffffff;\">Portugiesisch<\/span><\/h6>\n<h6 style=\"text-align: right;\"><span style=\"color: #ffffff;\">Spanisch<\/span><\/h6>\n<h6 style=\"text-align: right;\"><span style=\"color: #ffffff;\">Schwedisch<\/span><\/h6>\n[\/vc_column_text][\/vc_column_inner][vc_column_inner width=&#8220;1\/6&#8243; css=&#8220;.vc_custom_1435320215784{margin-right: 0px !important;margin-left: 0px !important;border-right-width: 0px !important;border-left-width: 0px !important;padding-right: 0px !important;padding-left: 0px !important;}&#8220;][mk_font_icons icon=&#8220;mk-icon-random&#8220; color=&#8220;#ffffff&#8220; size=&#8220;x-large&#8220; margin_horizental=&#8220;0&#8243; margin_vertical=&#8220;0&#8243; align=&#8220;center&#8220;][vc_empty_space][vc_column_text animation=&#8220;right-to-left&#8220;]\n<p style=\"text-align: center;\"><span style=\"color: #ffffff;\">&lt;&lt; \u00a0AUSGANGSSPRACHEN<\/span><\/p>\n[\/vc_column_text][vc_separator el_width=&#8220;70&#8243;][vc_column_text margin_bottom=&#8220;-30&#8243; animation=&#8220;right-to-left&#8220; el_class=&#8220;text_source&#8220;]\n<h5 style=\"text-align: center;\"><span style=\"color: #ffffff;\">ZIELSPRACHEN<\/span><\/h5>\n[\/vc_column_text][\/vc_column_inner][vc_column_inner width=&#8220;1\/6&#8243;][vc_column_text animation=&#8220;right-to-left&#8220;]\n<h6 style=\"text-align: left;\"><span style=\"color: #ffffff;\">Albanisch<\/span><\/h6>\n<h6 style=\"text-align: left;\"><span style=\"color: #ffffff;\">Armenisch<\/span><\/h6>\n<h6 style=\"text-align: left;\"><span style=\"color: #ffffff;\">Bosnisch<\/span><\/h6>\n<h6 style=\"text-align: left;\"><span style=\"color: #ffffff;\">Bulgarisch<\/span><\/h6>\n<h6 style=\"text-align: left;\"><span style=\"color: #ffffff;\">Estnisch<\/span><\/h6>\n<h6 style=\"text-align: left;\"><span style=\"color: #ffffff;\">Georgisch<\/span><\/h6>\n<h6 style=\"text-align: left;\"><span style=\"color: #ffffff;\">Griechisch<\/span><\/h6>\n<h6 style=\"text-align: left;\"><span style=\"color: #ffffff;\">Kasachisch<\/span><\/h6>\n[\/vc_column_text][\/vc_column_inner][vc_column_inner width=&#8220;1\/6&#8243;][vc_column_text animation=&#8220;right-to-left&#8220;]\n<h6 style=\"text-align: left;\"><span style=\"color: #ffffff;\">Kroatisch<\/span><\/h6>\n<h6 style=\"text-align: left;\"><span style=\"color: #ffffff;\">Lettisch<\/span><\/h6>\n<h6 style=\"text-align: left;\"><span style=\"color: #ffffff;\">Lituaisch<\/span><\/h6>\n<h6 style=\"text-align: left;\"><span style=\"color: #ffffff;\">Mazedonisch<\/span><\/h6>\n<h6 style=\"text-align: left;\"><span style=\"color: #ffffff;\">Montenegrinisch<\/span><\/h6>\n<h6 style=\"text-align: left;\"><span style=\"color: #ffffff;\">Polnisch<\/span><\/h6>\n<h6 style=\"text-align: left;\"><span style=\"color: #ffffff;\">Rum\u00e4nisch<\/span><\/h6>\n<h6 style=\"text-align: left;\"><span style=\"color: #ffffff;\">Russisch<\/span><\/h6>\n[\/vc_column_text][\/vc_column_inner][vc_column_inner width=&#8220;1\/6&#8243;][vc_column_text animation=&#8220;right-to-left&#8220;]\n<h6 style=\"text-align: left;\"><span style=\"color: #ffffff;\">Serbisch<\/span><\/h6>\n<h6 style=\"text-align: left;\"><span style=\"color: #ffffff;\">Slowakisch<\/span><\/h6>\n<h6 style=\"text-align: left;\"><span style=\"color: #ffffff;\">Slowenisch<\/span><\/h6>\n<h6 style=\"text-align: left;\"><span style=\"color: #ffffff;\">Tschechisch<\/span><\/h6>\n<h6 style=\"text-align: left;\"><span style=\"color: #ffffff;\">T\u00fcrkisch<\/span><\/h6>\n<h6 style=\"text-align: left;\"><span style=\"color: #ffffff;\">Ukrainisch<\/span><\/h6>\n<h6 style=\"text-align: left;\"><span style=\"color: #ffffff;\">Ungarisch<\/span><\/h6>\n<h6 style=\"text-align: left;\"><span style=\"color: #ffffff;\">Weissrussisch<\/span><\/h6>\n[\/vc_column_text][\/vc_column_inner][\/vc_row_inner][vc_empty_space height=&#8220;30px&#8220;][\/vc_tab][\/vc_tabs][vc_separator color=&#8220;custom&#8220; accent_color=&#8220;#545454&#8243;][vc_row_inner][vc_column_inner width=&#8220;1\/3&#8243;][vc_column_text]\n<h6><span style=\"color: #ffffff;\"> Weitere Informationen &#8211; klicken Sie auf gew\u00fcnschten Sprachen:<\/span><\/h6>\n[\/vc_column_text][\/vc_column_inner][vc_column_inner width=&#8220;2\/3&#8243;][mk_toggle style=&#8220;fancy&#8220; title=&#8220;CZ&#8220;]\n<h6>Wir haben mehr als 22 Millionen W\u00f6rter aus\/nach Tschechisch \u00fcbersetzen.\u00a0Wir arbeiten mit 406 Linguisten zusammen, die aus\/nach\u00a0 Tschechisch \u00fcbersetzen.<\/h6>\n<h6>Texte aus Medizin und Technik werden am h\u00e4ufigsten \u00fcbersetzt. Mehr Fachgebiete finden Sie unter folgenden <span style=\"color: #ff0000;\"><a href=\"\/?page_id=2758&amp;lang=de\"><strong>Link<\/strong><\/a><\/span>.<\/h6>\n[\/mk_toggle][mk_toggle style=&#8220;fancy&#8220; title=&#8220;EN&#8220;]\n<h6>Wir haben mehr als 83 Millionen W\u00f6rter aus\/nach Englisch \u00fcbersetzen.\u00a0Wir arbeiten mit 673 Linguisten zusammen, die aus\/nach Englisch \u00fcbersetzen.<\/h6>\n<h6>Texte aus Medizin und Technik werden am h\u00e4ufigsten \u00fcbersetzt. Mehr Fachgebiete finden Sie unter folgenden <a href=\"\/?page_id=2758&amp;lang=de\"><strong>Link<\/strong><\/a>.<\/h6>\n[\/mk_toggle][mk_toggle style=&#8220;fancy&#8220; title=&#8220;DE&#8220;]\n<h6>Wir haben mehr als 22 Millionen W\u00f6rter aus\/nach Deutsch \u00fcbersetzen. Wir arbeiten mit 273 Linguisten zusammen, die aus\/nach Englisch \u00fcbersetzen.<\/h6>\n<h6>Texte aus Medizin und Technik werden am h\u00e4ufigsten \u00fcbersetzt. Mehr Fachgebiete finden Sie unter folgenden <a href=\"\/?page_id=2758&amp;lang=de\"><strong>Link<\/strong><\/a>.<\/h6>\n[\/mk_toggle][mk_toggle style=&#8220;fancy&#8220; title=&#8220;FR&#8220;]\n<h6>Wir haben mehr als 1 Million W\u00f6rter aus\/nach Franz\u00f6sisch \u00fcbersetzen.\u00a0Wir arbeiten mit 166 Linguisten zusammen, die aus\/nach Englisch \u00fcbersetzen.<\/h6>\n<h6>Texte aus Medizin und Technik werden am h\u00e4ufigsten \u00fcbersetzt. Mehr Fachgebiete finden Sie unter folgenden <a href=\"\/?page_id=2758&amp;lang=de\"><strong>Link<\/strong><\/a>.<\/h6>\n[\/mk_toggle][mk_toggle style=&#8220;fancy&#8220; title=&#8220;ES&#8220;]\n<h6>Wir haben mehr als 400 Tausend W\u00f6rter aus\/nach Spanisch \u00fcbersetzen.\u00a0Wir arbeiten mit 84 Linguisten zusammen, die aus\/nach Englisch \u00fcbersetzen.<\/h6>\n<h6>Texte aus Medizin und Technik werden am h\u00e4ufigsten \u00fcbersetzt. Mehr Fachgebiete finden Sie unter folgenden <a href=\"\/?page_id=2758&amp;lang=de\"><strong>Link<\/strong><\/a>.<\/h6>\n[\/mk_toggle][\/vc_column_inner][\/vc_row_inner][\/vc_column][\/mk_page_section][mk_page_section bg_image=&#8220;\/\/traductera.com\/wp-content\/uploads\/2015\/03\/doktori1.jpg&#8220; attachment=&#8220;fixed&#8220; bg_position=&#8220;center center&#8220; bg_repeat=&#8220;no-repeat&#8220; bg_stretch=&#8220;true&#8220; speed_factor=&#8220;0.7&#8243; video_mask=&#8220;true&#8220; video_color_mask=&#8220;#2d2d2d&#8220; video_opacity=&#8220;0.8&#8243; sidebar=&#8220;sidebar-1&#8243; first_page=&#8220;false&#8220; last_page=&#8220;false&#8220;][vc_column][vc_empty_space height=&#8220;30px&#8220;][vc_separator color=&#8220;black&#8220;][vc_row_inner][vc_column_inner width=&#8220;2\/3&#8243;][\/vc_column_inner][vc_column_inner width=&#8220;1\/3&#8243;][vc_button2 title=&#8220;Kontaktformular&#8220; align=&#8220;right&#8220; style=&#8220;square&#8220; color=&#8220;juicy_pink&#8220; size=&#8220;lg&#8220; link=&#8220;url:kontaktformular||target:%20_blank&#8220;][\/vc_column_inner][\/vc_row_inner][vc_empty_space height=&#8220;50px&#8220;][\/vc_column][\/mk_page_section]\n<\/div>","protected":false},"excerpt":{"rendered":"<p>[mk_page_section bg_image=&#8220;\/\/traductera.com\/wp-content\/uploads\/2015\/03\/doktori1.jpg&#8220; attachment=&#8220;fixed&#8220; bg_position=&#8220;center center&#8220; bg_repeat=&#8220;no-repeat&#8220; bg_stretch=&#8220;true&#8220; top_shadow=&#8220;true&#8220; min_height=&#8220;400&#8243; padding_top=&#8220;0&#8243; padding_bottom=&#8220;0&#8243; section_id=&#8220;lide&#8220; sidebar=&#8220;sidebar-1&#8243; first_page=&#8220;true&#8220; last_page=&#8220;true&#8220;][vc_column][vc_empty_space height=&#8220;200px&#8220;][vc_column_text align=&#8220;center&#8220; animation=&#8220;top-to-bottom&#8220; css=&#8220;.vc_custom_1716975027311{margin-bottom: 0px !important;}&#8220;] 357&nbsp;047&nbsp;921 Worte \u00fcbersetzt [\/vc_column_text][vc_empty_space height=&#8220;100px&#8220;][vc_empty_space height=&#8220;100px&#8220;][\/vc_column][\/mk_page_section][mk_page_section bg_color=&#8220;#ffffff&#8220; enable_3d=&#8220;true&#8220; padding_top=&#8220;0&#8243; padding_bottom=&#8220;0&#8243; el_class=&#8220;sl_back_01&#8243; sidebar=&#8220;sidebar-1&#8243; first_page=&#8220;false&#8220; last_page=&#8220;false&#8220;][vc_column][vc_empty_space height=&#8220;30px&#8220;][vc_column_text align=&#8220;center&#8220;] Sprachkombinationen [\/vc_column_text][mk_divider style=&#8220;thin_solid&#8220; divider_width=&#8220;custom_width&#8220; custom_width=&#8220;100&#8243; thickness=&#8220;2&#8243; margin_bottom=&#8220;50&#8243;][vc_row_inner][vc_column_inner][vc_column_text el_class=&#8220;id=&#8222;preklady&#8222;&#8220; css=&#8220;.vc_custom_1716975056799{margin-bottom: 0px !important;}&#8220;] Wir haben uns auf \u00dcbersetzungsservices f\u00fcr mittel- [&hellip;]<\/p>\n","protected":false},"author":1,"featured_media":0,"parent":0,"menu_order":0,"comment_status":"open","ping_status":"closed","template":"","meta":{"_acf_changed":false,"_monsterinsights_skip_tracking":false,"_monsterinsights_sitenote_active":false,"_monsterinsights_sitenote_note":"","_monsterinsights_sitenote_category":0,"footnotes":""},"class_list":["post-2749","page","type-page","status-publish","hentry"],"acf":[],"yoast_head":"<title>Sprachkombinationen &#8226; ACP Traductera<\/title>\n<meta name=\"robots\" content=\"index, follow, max-snippet:-1, max-image-preview:large, max-video-preview:-1\" \/>\n<link rel=\"canonical\" href=\"https:\/\/traductera.com\/languages\/\" \/>\n<meta property=\"og:locale\" content=\"de_DE\" \/>\n<meta property=\"og:type\" content=\"article\" \/>\n<meta property=\"og:title\" content=\"Sprachkombinationen &#8226; ACP Traductera\" \/>\n<meta property=\"og:description\" content=\"[mk_page_section bg_image=&#8220;\/\/traductera.com\/wp-content\/uploads\/2015\/03\/doktori1.jpg&#8220; attachment=&#8220;fixed&#8220; bg_position=&#8220;center center&#8220; bg_repeat=&#8220;no-repeat&#8220; bg_stretch=&#8220;true&#8220; top_shadow=&#8220;true&#8220; min_height=&#8220;400&#8243; padding_top=&#8220;0&#8243; padding_bottom=&#8220;0&#8243; section_id=&#8220;lide&#8220; sidebar=&#8220;sidebar-1&#8243; first_page=&#8220;true&#8220; last_page=&#8220;true&#8220;][vc_column][vc_empty_space height=&#8220;200px&#8220;][vc_column_text align=&#8220;center&#8220; animation=&#8220;top-to-bottom&#8220; css=&#8220;.vc_custom_1716975027311{margin-bottom: 0px !important;}&#8220;] 357&nbsp;047&nbsp;921 Worte \u00fcbersetzt [\/vc_column_text][vc_empty_space height=&#8220;100px&#8220;][vc_empty_space height=&#8220;100px&#8220;][\/vc_column][\/mk_page_section][mk_page_section bg_color=&#8220;#ffffff&#8220; enable_3d=&#8220;true&#8220; padding_top=&#8220;0&#8243; padding_bottom=&#8220;0&#8243; el_class=&#8220;sl_back_01&#8243; sidebar=&#8220;sidebar-1&#8243; first_page=&#8220;false&#8220; last_page=&#8220;false&#8220;][vc_column][vc_empty_space height=&#8220;30px&#8220;][vc_column_text align=&#8220;center&#8220;] Sprachkombinationen [\/vc_column_text][mk_divider style=&#8220;thin_solid&#8220; divider_width=&#8220;custom_width&#8220; custom_width=&#8220;100&#8243; thickness=&#8220;2&#8243; margin_bottom=&#8220;50&#8243;][vc_row_inner][vc_column_inner][vc_column_text el_class=&#8220;id=&#8222;preklady&#8222;&#8220; css=&#8220;.vc_custom_1716975056799{margin-bottom: 0px !important;}&#8220;] Wir haben uns auf \u00dcbersetzungsservices f\u00fcr mittel- [&hellip;]\" \/>\n<meta property=\"og:url\" content=\"https:\/\/traductera.com\/languages\/\" \/>\n<meta property=\"og:site_name\" content=\"ACP Traductera\" \/>\n<meta property=\"article:publisher\" content=\"https:\/\/www.facebook.com\/ACPtraductera\" \/>\n<meta property=\"article:modified_time\" content=\"2024-05-29T09:30:29+00:00\" \/>\n<meta property=\"og:image\" content=\"https:\/\/traductera.com\/wp-content\/uploads\/2015\/02\/doktori.jpg\" \/>\n<meta name=\"twitter:card\" content=\"summary_large_image\" \/>\n<meta name=\"twitter:image\" content=\"https:\/\/traductera.com\/wp-content\/uploads\/2015\/02\/doktori.jpg\" \/>\n<meta name=\"twitter:site\" content=\"@traductera\" \/>\n<meta name=\"twitter:label1\" content=\"Gesch\u00e4tzte Lesezeit\" \/>\n\t<meta name=\"twitter:data1\" content=\"4\u00a0Minuten\" \/>\n<script type=\"application\/ld+json\" class=\"yoast-schema-graph\">{\"@context\":\"https:\/\/schema.org\",\"@graph\":[{\"@type\":\"WebPage\",\"@id\":\"https:\/\/traductera.com\/languages\/\",\"url\":\"https:\/\/traductera.com\/languages\/\",\"name\":\"Sprachkombinationen &#8226; ACP Traductera\",\"isPartOf\":{\"@id\":\"https:\/\/traductera.com\/#website\"},\"datePublished\":\"2015-06-04T19:59:15+00:00\",\"dateModified\":\"2024-05-29T09:30:29+00:00\",\"inLanguage\":\"de\",\"potentialAction\":[{\"@type\":\"ReadAction\",\"target\":[\"https:\/\/traductera.com\/languages\/\"]}]},{\"@type\":\"WebSite\",\"@id\":\"https:\/\/traductera.com\/#website\",\"url\":\"https:\/\/traductera.com\/\",\"name\":\"ACP Traductera\",\"description\":\"\u00dcbersetzungspartner f\u00fcr Ihren Erfolg in  Mittel- und Osteuropa\",\"publisher\":{\"@id\":\"https:\/\/traductera.com\/#organization\"},\"potentialAction\":[{\"@type\":\"SearchAction\",\"target\":{\"@type\":\"EntryPoint\",\"urlTemplate\":\"https:\/\/traductera.com\/?s={search_term_string}\"},\"query-input\":{\"@type\":\"PropertyValueSpecification\",\"valueRequired\":true,\"valueName\":\"search_term_string\"}}],\"inLanguage\":\"de\"},{\"@type\":\"Organization\",\"@id\":\"https:\/\/traductera.com\/#organization\",\"name\":\"ACP Traductera, a.s.\",\"url\":\"https:\/\/traductera.com\/\",\"logo\":{\"@type\":\"ImageObject\",\"inLanguage\":\"de\",\"@id\":\"https:\/\/traductera.com\/#\/schema\/logo\/image\/\",\"url\":\"https:\/\/traductera.com\/wp-content\/uploads\/2015\/03\/logo_slider.png\",\"contentUrl\":\"https:\/\/traductera.com\/wp-content\/uploads\/2015\/03\/logo_slider.png\",\"width\":700,\"height\":86,\"caption\":\"ACP Traductera, a.s.\"},\"image\":{\"@id\":\"https:\/\/traductera.com\/#\/schema\/logo\/image\/\"},\"sameAs\":[\"https:\/\/www.facebook.com\/ACPtraductera\",\"https:\/\/x.com\/traductera\",\"https:\/\/www.instagram.com\/acptraductera\/\",\"https:\/\/www.linkedin.com\/company\/acp-traductera\"]}]}<\/script>","yoast_head_json":{"title":"Sprachkombinationen &#8226; ACP Traductera","robots":{"index":"index","follow":"follow","max-snippet":"max-snippet:-1","max-image-preview":"max-image-preview:large","max-video-preview":"max-video-preview:-1"},"canonical":"https:\/\/traductera.com\/languages\/","og_locale":"de_DE","og_type":"article","og_title":"Sprachkombinationen &#8226; ACP Traductera","og_description":"[mk_page_section bg_image=&#8220;\/\/traductera.com\/wp-content\/uploads\/2015\/03\/doktori1.jpg&#8220; attachment=&#8220;fixed&#8220; bg_position=&#8220;center center&#8220; bg_repeat=&#8220;no-repeat&#8220; bg_stretch=&#8220;true&#8220; top_shadow=&#8220;true&#8220; min_height=&#8220;400&#8243; padding_top=&#8220;0&#8243; padding_bottom=&#8220;0&#8243; section_id=&#8220;lide&#8220; sidebar=&#8220;sidebar-1&#8243; first_page=&#8220;true&#8220; last_page=&#8220;true&#8220;][vc_column][vc_empty_space height=&#8220;200px&#8220;][vc_column_text align=&#8220;center&#8220; animation=&#8220;top-to-bottom&#8220; css=&#8220;.vc_custom_1716975027311{margin-bottom: 0px !important;}&#8220;] 357&nbsp;047&nbsp;921 Worte \u00fcbersetzt [\/vc_column_text][vc_empty_space height=&#8220;100px&#8220;][vc_empty_space height=&#8220;100px&#8220;][\/vc_column][\/mk_page_section][mk_page_section bg_color=&#8220;#ffffff&#8220; enable_3d=&#8220;true&#8220; padding_top=&#8220;0&#8243; padding_bottom=&#8220;0&#8243; el_class=&#8220;sl_back_01&#8243; sidebar=&#8220;sidebar-1&#8243; first_page=&#8220;false&#8220; last_page=&#8220;false&#8220;][vc_column][vc_empty_space height=&#8220;30px&#8220;][vc_column_text align=&#8220;center&#8220;] Sprachkombinationen [\/vc_column_text][mk_divider style=&#8220;thin_solid&#8220; divider_width=&#8220;custom_width&#8220; custom_width=&#8220;100&#8243; thickness=&#8220;2&#8243; margin_bottom=&#8220;50&#8243;][vc_row_inner][vc_column_inner][vc_column_text el_class=&#8220;id=&#8222;preklady&#8222;&#8220; css=&#8220;.vc_custom_1716975056799{margin-bottom: 0px !important;}&#8220;] Wir haben uns auf \u00dcbersetzungsservices f\u00fcr mittel- [&hellip;]","og_url":"https:\/\/traductera.com\/languages\/","og_site_name":"ACP Traductera","article_publisher":"https:\/\/www.facebook.com\/ACPtraductera","article_modified_time":"2024-05-29T09:30:29+00:00","og_image":[{"url":"https:\/\/traductera.com\/wp-content\/uploads\/2015\/02\/doktori.jpg","type":"","width":"","height":""}],"twitter_card":"summary_large_image","twitter_image":"https:\/\/traductera.com\/wp-content\/uploads\/2015\/02\/doktori.jpg","twitter_site":"@traductera","twitter_misc":{"Gesch\u00e4tzte Lesezeit":"4\u00a0Minuten"},"schema":{"@context":"https:\/\/schema.org","@graph":[{"@type":"WebPage","@id":"https:\/\/traductera.com\/languages\/","url":"https:\/\/traductera.com\/languages\/","name":"Sprachkombinationen &#8226; ACP Traductera","isPartOf":{"@id":"https:\/\/traductera.com\/#website"},"datePublished":"2015-06-04T19:59:15+00:00","dateModified":"2024-05-29T09:30:29+00:00","inLanguage":"de","potentialAction":[{"@type":"ReadAction","target":["https:\/\/traductera.com\/languages\/"]}]},{"@type":"WebSite","@id":"https:\/\/traductera.com\/#website","url":"https:\/\/traductera.com\/","name":"ACP Traductera","description":"\u00dcbersetzungspartner f\u00fcr Ihren Erfolg in  Mittel- und Osteuropa","publisher":{"@id":"https:\/\/traductera.com\/#organization"},"potentialAction":[{"@type":"SearchAction","target":{"@type":"EntryPoint","urlTemplate":"https:\/\/traductera.com\/?s={search_term_string}"},"query-input":{"@type":"PropertyValueSpecification","valueRequired":true,"valueName":"search_term_string"}}],"inLanguage":"de"},{"@type":"Organization","@id":"https:\/\/traductera.com\/#organization","name":"ACP Traductera, a.s.","url":"https:\/\/traductera.com\/","logo":{"@type":"ImageObject","inLanguage":"de","@id":"https:\/\/traductera.com\/#\/schema\/logo\/image\/","url":"https:\/\/traductera.com\/wp-content\/uploads\/2015\/03\/logo_slider.png","contentUrl":"https:\/\/traductera.com\/wp-content\/uploads\/2015\/03\/logo_slider.png","width":700,"height":86,"caption":"ACP Traductera, a.s."},"image":{"@id":"https:\/\/traductera.com\/#\/schema\/logo\/image\/"},"sameAs":["https:\/\/www.facebook.com\/ACPtraductera","https:\/\/x.com\/traductera","https:\/\/www.instagram.com\/acptraductera\/","https:\/\/www.linkedin.com\/company\/acp-traductera"]}]}},"_links":{"self":[{"href":"https:\/\/traductera.com\/de\/wp-json\/wp\/v2\/pages\/2749","targetHints":{"allow":["GET"]}}],"collection":[{"href":"https:\/\/traductera.com\/de\/wp-json\/wp\/v2\/pages"}],"about":[{"href":"https:\/\/traductera.com\/de\/wp-json\/wp\/v2\/types\/page"}],"author":[{"embeddable":true,"href":"https:\/\/traductera.com\/de\/wp-json\/wp\/v2\/users\/1"}],"replies":[{"embeddable":true,"href":"https:\/\/traductera.com\/de\/wp-json\/wp\/v2\/comments?post=2749"}],"version-history":[{"count":0,"href":"https:\/\/traductera.com\/de\/wp-json\/wp\/v2\/pages\/2749\/revisions"}],"wp:attachment":[{"href":"https:\/\/traductera.com\/de\/wp-json\/wp\/v2\/media?parent=2749"}],"curies":[{"name":"wp","href":"https:\/\/api.w.org\/{rel}","templated":true}]}}