{"id":2768,"date":"2015-06-04T22:27:23","date_gmt":"2015-06-04T20:27:23","guid":{"rendered":"\/\/traductera.com\/?page_id=2768"},"modified":"2025-03-31T15:00:39","modified_gmt":"2025-03-31T13:00:39","slug":"uber-uns","status":"publish","type":"page","link":"https:\/\/traductera.com\/de\/uber-uns\/","title":{"rendered":"\u00dcber uns"},"content":{"rendered":"<div class=\"wpb-content-wrapper\">[mk_page_section bg_image=&#8220;\/\/traductera.com\/wp-content\/uploads\/2017\/05\/traductera-about-us-bg.jpg&#8220; attachment=&#8220;fixed&#8220; bg_position=&#8220;left center&#8220; bg_repeat=&#8220;no-repeat&#8220; bg_stretch=&#8220;true&#8220; video_color_mask=&#8220;#000000&#8243; video_opacity=&#8220;0.1&#8243; top_shadow=&#8220;true&#8220; min_height=&#8220;600&#8243; full_width=&#8220;true&#8220; padding_top=&#8220;0&#8243; padding_bottom=&#8220;0&#8243; sidebar=&#8220;sidebar-1&#8243; first_page=&#8220;true&#8220; last_page=&#8220;true&#8220;][vc_column][vc_empty_space height=&#8220;200px&#8220;][vc_column_text align=&#8220;center&#8220;]\n<h1 style=\"text-align: center;\"><span style=\"color: #ffffff;\">Wir sind<\/span><\/h1>\n<p>&nbsp;<\/p>\n<h1 style=\"text-align: center;\"><span style=\"color: #ffffff;\">ISO 17100-zertifiziert<\/span><\/h1>\n[\/vc_column_text][vc_empty_space height=&#8220;40px&#8220;][\/vc_column][\/mk_page_section][mk_page_section attachment=&#8220;fixed&#8220; bg_position=&#8220;center center&#8220; bg_repeat=&#8220;no-repeat&#8220; bg_stretch=&#8220;true&#8220; top_shadow=&#8220;true&#8220; min_height=&#8220;0&#8243; padding_top=&#8220;0&#8243; padding_bottom=&#8220;0&#8243; sidebar=&#8220;sidebar-1&#8243; first_page=&#8220;true&#8220; last_page=&#8220;true&#8220;][vc_column][vc_empty_space height=&#8220;80px&#8220;][vc_column_text align=&#8220;center&#8220;]\n<h2 style=\"text-align: center;\">ACP Traductera ist eine \u00dcbersetzungsagentur mit Sitz in Tschechien<\/h2>\n[\/vc_column_text][vc_empty_space height=&#8220;30px&#8220;][vc_separator][\/vc_column][\/mk_page_section][mk_page_section bg_color=&#8220;#ffffff&#8220; attachment=&#8220;fixed&#8220; bg_position=&#8220;center center&#8220; bg_repeat=&#8220;no-repeat&#8220; video_color_mask=&#8220;#ffffff&#8220; video_opacity=&#8220;0.8&#8243; padding_top=&#8220;0&#8243; padding_bottom=&#8220;0&#8243; section_id=&#8220;id=&#8222;preklady&#8222;&#8220; el_class=&#8220;sl_back_01&#8243; sidebar=&#8220;sidebar-1&#8243; first_page=&#8220;false&#8220; last_page=&#8220;false&#8220;][vc_column][vc_empty_space height=&#8220;30px&#8220;][vc_row_inner][vc_column_inner width=&#8220;1\/2&#8243;][vc_column_text]\n<h6><span style=\"color: #000000;\">[mk_dropcaps content=&#8220;W&#8220; style=&#8220;fancy-style&#8220; width=&#8220;1\/1&#8243; el_position=&#8220;first last&#8220;]<\/span>ir haben uns auf mittel- und osteurop\u00e4ische Sprachen spezialisiert und bieten \u00dcbersetzungsservices f\u00fcr alle Fachbereiche.<\/h6>\n[\/vc_column_text][vc_separator color=&#8220;custom&#8220; accent_color=&#8220;#d6d6d6&#8243;][vc_column_text]\n<h6><span style=\"color: #000000;\">[mk_dropcaps content=&#8220;U&#8220; style=&#8220;fancy-style&#8220; width=&#8220;1\/1&#8243; el_position=&#8220;first last&#8220;]<\/span>nser Ziel: Zufriedene Kunden. Wir sind immer darum bem\u00fcht, eine enge Gesch\u00e4ftsbeziehung zu unseren Kunden aufzubauen, um so ihre individuellen Bed\u00fcrfnisse und Anforderungen besser kennenzulernen. Im Rahmen unserer flexiblen Arbeitsprozesse ist es uns m\u00f6glich, die beste \u2013 speziell auf die Bed\u00fcrfnisse des jeweiligen Kunden zugeschnittene \u2013 L\u00f6sung anzubieten und umzusetzen.<\/h6>\n[\/vc_column_text][vc_separator color=&#8220;custom&#8220; accent_color=&#8220;#d6d6d6&#8243;][\/vc_column_inner][vc_column_inner width=&#8220;1\/2&#8243;][vc_column_text]\n<h6><span style=\"color: #000000;\">[mk_dropcaps content=&#8220;M&#8220; style=&#8220;fancy-style&#8220; width=&#8220;1\/1&#8243; el_position=&#8220;first last&#8220;]\u00a0<\/span>it unserem umfangreichen Portfolio m\u00f6chten wir den Anspr\u00fcchen internationaler Kommunikationsprofis, ausl\u00e4ndischer Investoren, weltweit f\u00fchrender Anbieter von \u00dcbersetzungs- und Lokalisierungsservices und weiterer Dienstleister gerecht werden.<\/h6>\n[\/vc_column_text][vc_separator color=&#8220;custom&#8220; accent_color=&#8220;#d6d6d6&#8243;][vc_column_text css=&#8220;.vc_custom_1716974470556{margin-bottom: 0px !important;}&#8220;]\n<h6><span style=\"color: #000000;\">[mk_dropcaps content=&#8220;D&#8220; style=&#8220;fancy-style&#8220; width=&#8220;1\/1&#8243; el_position=&#8220;first last&#8220;]<\/span>ie individuelle Herangehensweise bei jedem einzelnen Kunden und unser gro\u00dfes Team, bestehend aus \u00fcber 1.500 qualifizierten und professionellen \u00dcbersetzern, Korrektoren, Terminologie-Spezialisten, Grafikern, IT-Spezialisten sowie erfahrenen Projektmanagern, sind die wertvollsten Aktiva unseres Unternehmens, in die wir gerne investieren. So k\u00f6nnen wir unsere Kunden bei der Eroberung der mittel- und osteurop\u00e4ischen M\u00e4rkte professionell unterst\u00fctzen.<\/h6>\n[\/vc_column_text][vc_separator color=&#8220;custom&#8220; accent_color=&#8220;#d6d6d6&#8243;][\/vc_column_inner][\/vc_row_inner][vc_empty_space height=&#8220;50px&#8220;][\/vc_column][\/mk_page_section][mk_page_section bg_image=&#8220;\/\/traductera.com\/wp-content\/uploads\/2017\/05\/traductera-about-us-bg.jpg&#8220; attachment=&#8220;fixed&#8220; bg_position=&#8220;center center&#8220; bg_repeat=&#8220;no-repeat&#8220; bg_stretch=&#8220;true&#8220; speed_factor=&#8220;0.7&#8243; video_mask=&#8220;true&#8220; video_color_mask=&#8220;#2d2d2d&#8220; video_opacity=&#8220;0.5&#8243; sidebar=&#8220;sidebar-1&#8243; first_page=&#8220;false&#8220; last_page=&#8220;false&#8220;][vc_column][vc_empty_space height=&#8220;50px&#8220;][vc_column_text]\n<h5 style=\"text-align: left;\"><span style=\"color: #ffffff;\">ACP Traductera in Zahlen<\/span><\/h5>\n[\/vc_column_text][vc_row_inner][vc_column_inner width=&#8220;1\/6&#8243;][mk_milestone align=&#8220;center&#8220; icon_color=&#8220;#dd3333&#8243; stop=&#8220;20&#8243; speed=&#8220;1700&#8243; text_color=&#8220;#ffffff&#8220; text_size=&#8220;40&#8243; font_family=&#8220;none&#8220;][vc_separator color=&#8220;white&#8220; el_width=&#8220;50&#8243;][vc_column_text align=&#8220;center&#8220; el_class=&#8220;mile&#8220;]\n<h6 style=\"text-align: center;\"><span style=\"color: #ffffff;\"> Jahre <\/span> <span style=\"color: #ffffff;\">Erfahrung<\/span><\/h6>\n[\/vc_column_text][\/vc_column_inner][vc_column_inner width=&#8220;1\/6&#8243;][mk_milestone align=&#8220;center&#8220; icon_color=&#8220;#dd3333&#8243; stop=&#8220;20&#8243; speed=&#8220;2200&#8243; text_color=&#8220;#ffffff&#8220; text_size=&#8220;40&#8243; font_family=&#8220;none&#8220;][vc_separator color=&#8220;white&#8220; el_width=&#8220;50&#8243;][vc_column_text align=&#8220;center&#8220; el_class=&#8220;mile&#8220;]\n<h6 style=\"text-align: center;\"><span style=\"color: #ffffff;\">Angestellte<\/span><\/h6>\n[\/vc_column_text][\/vc_column_inner][vc_column_inner width=&#8220;1\/6&#8243;][mk_milestone align=&#8220;center&#8220; icon_color=&#8220;#dd3333&#8243; stop=&#8220;95.25&#8243; speed=&#8220;2400&#8243; suffix=&#8220;%&#8220; text_color=&#8220;#ffffff&#8220; text_size=&#8220;40&#8243; font_family=&#8220;none&#8220;][vc_separator color=&#8220;white&#8220; el_width=&#8220;50&#8243;][vc_column_text align=&#8220;center&#8220; el_class=&#8220;mile&#8220;]\n<h6 style=\"text-align: center;\"><span style=\"color: #ffffff;\">zufriedene Kunden<\/span><\/h6>\n[\/vc_column_text][\/vc_column_inner][vc_column_inner width=&#8220;1\/6&#8243;][mk_milestone align=&#8220;center&#8220; icon_color=&#8220;#dd3333&#8243; stop=&#8220;1500&#8243; speed=&#8220;3000&#8243; text_color=&#8220;#ffffff&#8220; text_size=&#8220;40&#8243; font_family=&#8220;none&#8220;][vc_separator color=&#8220;white&#8220; el_width=&#8220;50&#8243;][vc_column_text align=&#8220;center&#8220; el_class=&#8220;mile&#8220;]\n<h6 style=\"text-align: center;\"><span style=\"color: #ffffff;\">professionelle \u00dcbersetzer<\/span><\/h6>\n[\/vc_column_text][\/vc_column_inner][vc_column_inner width=&#8220;1\/6&#8243;][mk_milestone align=&#8220;center&#8220; icon_color=&#8220;#dd3333&#8243; start=&#8220;1000&#8243; stop=&#8220;308436&#8243; speed=&#8220;4000&#8243; text_color=&#8220;#ffffff&#8220; text_size=&#8220;40&#8243; font_family=&#8220;none&#8220;][vc_separator color=&#8220;white&#8220; el_width=&#8220;50&#8243;][vc_column_text align=&#8220;center&#8220; el_class=&#8220;mile&#8220;]\n<h6 style=\"text-align: center;\"><span style=\"color: #ffffff;\">abgeschlossene Projekte<\/span><\/h6>\n[\/vc_column_text][\/vc_column_inner][vc_column_inner width=&#8220;1\/6&#8243;][mk_milestone align=&#8220;center&#8220; icon_color=&#8220;#dd3333&#8243; start=&#8220;100000&#8243; stop=&#8220;385547921&#8243; speed=&#8220;4500&#8243; text_color=&#8220;#ffffff&#8220; text_size=&#8220;40&#8243; font_family=&#8220;none&#8220;][vc_separator color=&#8220;white&#8220; el_width=&#8220;50&#8243;][vc_column_text align=&#8220;center&#8220; el_class=&#8220;mile&#8220;]\n<h6 style=\"text-align: center;\"><span style=\"color: #ffffff;\">\u00fcbersetzte W\u00f6rter<\/span><\/h6>\n[\/vc_column_text][\/vc_column_inner][\/vc_row_inner][vc_empty_space height=&#8220;50px&#8220;][vc_separator color=&#8220;black&#8220;][vc_row_inner][vc_column_inner width=&#8220;2\/3&#8243;][\/vc_column_inner][vc_column_inner width=&#8220;1\/3&#8243;][vc_button2 title=&#8220;Kontaktformular&#8220; align=&#8220;right&#8220; style=&#8220;square&#8220; color=&#8220;juicy_pink&#8220; size=&#8220;lg&#8220; link=&#8220;url:kontaktformular||target:%20_blank&#8220;][\/vc_column_inner][\/vc_row_inner][vc_empty_space height=&#8220;50px&#8220;][\/vc_column][\/mk_page_section]\n<\/div>","protected":false},"excerpt":{"rendered":"<p>[mk_page_section bg_image=&#8220;\/\/traductera.com\/wp-content\/uploads\/2017\/05\/traductera-about-us-bg.jpg&#8220; attachment=&#8220;fixed&#8220; bg_position=&#8220;left center&#8220; bg_repeat=&#8220;no-repeat&#8220; bg_stretch=&#8220;true&#8220; video_color_mask=&#8220;#000000&#8243; video_opacity=&#8220;0.1&#8243; top_shadow=&#8220;true&#8220; min_height=&#8220;600&#8243; full_width=&#8220;true&#8220; padding_top=&#8220;0&#8243; padding_bottom=&#8220;0&#8243; sidebar=&#8220;sidebar-1&#8243; first_page=&#8220;true&#8220; last_page=&#8220;true&#8220;][vc_column][vc_empty_space height=&#8220;200px&#8220;][vc_column_text align=&#8220;center&#8220;] Wir sind &nbsp; ISO 17100-zertifiziert [\/vc_column_text][vc_empty_space height=&#8220;40px&#8220;][\/vc_column][\/mk_page_section][mk_page_section attachment=&#8220;fixed&#8220; bg_position=&#8220;center center&#8220; bg_repeat=&#8220;no-repeat&#8220; bg_stretch=&#8220;true&#8220; top_shadow=&#8220;true&#8220; min_height=&#8220;0&#8243; padding_top=&#8220;0&#8243; padding_bottom=&#8220;0&#8243; sidebar=&#8220;sidebar-1&#8243; first_page=&#8220;true&#8220; last_page=&#8220;true&#8220;][vc_column][vc_empty_space height=&#8220;80px&#8220;][vc_column_text align=&#8220;center&#8220;] ACP Traductera ist eine \u00dcbersetzungsagentur mit Sitz in Tschechien [\/vc_column_text][vc_empty_space height=&#8220;30px&#8220;][vc_separator][\/vc_column][\/mk_page_section][mk_page_section bg_color=&#8220;#ffffff&#8220; attachment=&#8220;fixed&#8220; bg_position=&#8220;center center&#8220; [&hellip;]<\/p>\n","protected":false},"author":1,"featured_media":0,"parent":0,"menu_order":0,"comment_status":"open","ping_status":"closed","template":"","meta":{"_acf_changed":false,"_monsterinsights_skip_tracking":false,"_monsterinsights_sitenote_active":false,"_monsterinsights_sitenote_note":"","_monsterinsights_sitenote_category":0,"footnotes":""},"class_list":["post-2768","page","type-page","status-publish","hentry"],"acf":[],"yoast_head":"<title>\u00dcber uns &#8226; ACP Traductera<\/title>\n<meta name=\"robots\" content=\"index, follow, max-snippet:-1, max-image-preview:large, max-video-preview:-1\" \/>\n<link rel=\"canonical\" href=\"https:\/\/traductera.com\/de\/uber-uns\/\" \/>\n<meta property=\"og:locale\" content=\"de_DE\" \/>\n<meta property=\"og:type\" content=\"article\" \/>\n<meta property=\"og:title\" content=\"\u00dcber uns &#8226; ACP Traductera\" \/>\n<meta property=\"og:description\" content=\"[mk_page_section bg_image=&#8220;\/\/traductera.com\/wp-content\/uploads\/2017\/05\/traductera-about-us-bg.jpg&#8220; attachment=&#8220;fixed&#8220; bg_position=&#8220;left center&#8220; bg_repeat=&#8220;no-repeat&#8220; bg_stretch=&#8220;true&#8220; video_color_mask=&#8220;#000000&#8243; video_opacity=&#8220;0.1&#8243; top_shadow=&#8220;true&#8220; min_height=&#8220;600&#8243; full_width=&#8220;true&#8220; padding_top=&#8220;0&#8243; padding_bottom=&#8220;0&#8243; sidebar=&#8220;sidebar-1&#8243; first_page=&#8220;true&#8220; last_page=&#8220;true&#8220;][vc_column][vc_empty_space height=&#8220;200px&#8220;][vc_column_text align=&#8220;center&#8220;] Wir sind &nbsp; ISO 17100-zertifiziert [\/vc_column_text][vc_empty_space height=&#8220;40px&#8220;][\/vc_column][\/mk_page_section][mk_page_section attachment=&#8220;fixed&#8220; bg_position=&#8220;center center&#8220; bg_repeat=&#8220;no-repeat&#8220; bg_stretch=&#8220;true&#8220; top_shadow=&#8220;true&#8220; min_height=&#8220;0&#8243; padding_top=&#8220;0&#8243; padding_bottom=&#8220;0&#8243; sidebar=&#8220;sidebar-1&#8243; first_page=&#8220;true&#8220; last_page=&#8220;true&#8220;][vc_column][vc_empty_space height=&#8220;80px&#8220;][vc_column_text align=&#8220;center&#8220;] ACP Traductera ist eine \u00dcbersetzungsagentur mit Sitz in Tschechien [\/vc_column_text][vc_empty_space height=&#8220;30px&#8220;][vc_separator][\/vc_column][\/mk_page_section][mk_page_section bg_color=&#8220;#ffffff&#8220; attachment=&#8220;fixed&#8220; bg_position=&#8220;center center&#8220; [&hellip;]\" \/>\n<meta property=\"og:url\" content=\"https:\/\/traductera.com\/de\/uber-uns\/\" \/>\n<meta property=\"og:site_name\" content=\"ACP Traductera\" \/>\n<meta property=\"article:publisher\" content=\"https:\/\/www.facebook.com\/ACPtraductera\" \/>\n<meta property=\"article:modified_time\" content=\"2025-03-31T13:00:39+00:00\" \/>\n<meta property=\"og:image\" content=\"https:\/\/traductera.com\/wp-content\/uploads\/2017\/05\/traductera-about-us-bg.jpg\" \/>\n<meta name=\"twitter:card\" content=\"summary_large_image\" \/>\n<meta name=\"twitter:image\" content=\"https:\/\/traductera.com\/wp-content\/uploads\/2017\/05\/traductera-about-us-bg.jpg\" \/>\n<meta name=\"twitter:site\" content=\"@traductera\" \/>\n<meta name=\"twitter:label1\" content=\"Gesch\u00e4tzte Lesezeit\" \/>\n\t<meta name=\"twitter:data1\" content=\"2\u00a0Minuten\" \/>\n<script type=\"application\/ld+json\" class=\"yoast-schema-graph\">{\"@context\":\"https:\/\/schema.org\",\"@graph\":[{\"@type\":\"WebPage\",\"@id\":\"https:\/\/traductera.com\/de\/uber-uns\/\",\"url\":\"https:\/\/traductera.com\/de\/uber-uns\/\",\"name\":\"\u00dcber uns &#8226; ACP Traductera\",\"isPartOf\":{\"@id\":\"https:\/\/traductera.com\/#website\"},\"datePublished\":\"2015-06-04T20:27:23+00:00\",\"dateModified\":\"2025-03-31T13:00:39+00:00\",\"inLanguage\":\"de\",\"potentialAction\":[{\"@type\":\"ReadAction\",\"target\":[\"https:\/\/traductera.com\/de\/uber-uns\/\"]}]},{\"@type\":\"WebSite\",\"@id\":\"https:\/\/traductera.com\/#website\",\"url\":\"https:\/\/traductera.com\/\",\"name\":\"ACP Traductera\",\"description\":\"\u00dcbersetzungspartner f\u00fcr Ihren Erfolg in  Mittel- und Osteuropa\",\"publisher\":{\"@id\":\"https:\/\/traductera.com\/#organization\"},\"potentialAction\":[{\"@type\":\"SearchAction\",\"target\":{\"@type\":\"EntryPoint\",\"urlTemplate\":\"https:\/\/traductera.com\/?s={search_term_string}\"},\"query-input\":{\"@type\":\"PropertyValueSpecification\",\"valueRequired\":true,\"valueName\":\"search_term_string\"}}],\"inLanguage\":\"de\"},{\"@type\":\"Organization\",\"@id\":\"https:\/\/traductera.com\/#organization\",\"name\":\"ACP Traductera, a.s.\",\"url\":\"https:\/\/traductera.com\/\",\"logo\":{\"@type\":\"ImageObject\",\"inLanguage\":\"de\",\"@id\":\"https:\/\/traductera.com\/#\/schema\/logo\/image\/\",\"url\":\"https:\/\/traductera.com\/wp-content\/uploads\/2015\/03\/logo_slider.png\",\"contentUrl\":\"https:\/\/traductera.com\/wp-content\/uploads\/2015\/03\/logo_slider.png\",\"width\":700,\"height\":86,\"caption\":\"ACP Traductera, a.s.\"},\"image\":{\"@id\":\"https:\/\/traductera.com\/#\/schema\/logo\/image\/\"},\"sameAs\":[\"https:\/\/www.facebook.com\/ACPtraductera\",\"https:\/\/x.com\/traductera\",\"https:\/\/www.instagram.com\/acptraductera\/\",\"https:\/\/www.linkedin.com\/company\/acp-traductera\"]}]}<\/script>","yoast_head_json":{"title":"\u00dcber uns &#8226; ACP Traductera","robots":{"index":"index","follow":"follow","max-snippet":"max-snippet:-1","max-image-preview":"max-image-preview:large","max-video-preview":"max-video-preview:-1"},"canonical":"https:\/\/traductera.com\/de\/uber-uns\/","og_locale":"de_DE","og_type":"article","og_title":"\u00dcber uns &#8226; ACP Traductera","og_description":"[mk_page_section bg_image=&#8220;\/\/traductera.com\/wp-content\/uploads\/2017\/05\/traductera-about-us-bg.jpg&#8220; attachment=&#8220;fixed&#8220; bg_position=&#8220;left center&#8220; bg_repeat=&#8220;no-repeat&#8220; bg_stretch=&#8220;true&#8220; video_color_mask=&#8220;#000000&#8243; video_opacity=&#8220;0.1&#8243; top_shadow=&#8220;true&#8220; min_height=&#8220;600&#8243; full_width=&#8220;true&#8220; padding_top=&#8220;0&#8243; padding_bottom=&#8220;0&#8243; sidebar=&#8220;sidebar-1&#8243; first_page=&#8220;true&#8220; last_page=&#8220;true&#8220;][vc_column][vc_empty_space height=&#8220;200px&#8220;][vc_column_text align=&#8220;center&#8220;] Wir sind &nbsp; ISO 17100-zertifiziert [\/vc_column_text][vc_empty_space height=&#8220;40px&#8220;][\/vc_column][\/mk_page_section][mk_page_section attachment=&#8220;fixed&#8220; bg_position=&#8220;center center&#8220; bg_repeat=&#8220;no-repeat&#8220; bg_stretch=&#8220;true&#8220; top_shadow=&#8220;true&#8220; min_height=&#8220;0&#8243; padding_top=&#8220;0&#8243; padding_bottom=&#8220;0&#8243; sidebar=&#8220;sidebar-1&#8243; first_page=&#8220;true&#8220; last_page=&#8220;true&#8220;][vc_column][vc_empty_space height=&#8220;80px&#8220;][vc_column_text align=&#8220;center&#8220;] ACP Traductera ist eine \u00dcbersetzungsagentur mit Sitz in Tschechien [\/vc_column_text][vc_empty_space height=&#8220;30px&#8220;][vc_separator][\/vc_column][\/mk_page_section][mk_page_section bg_color=&#8220;#ffffff&#8220; attachment=&#8220;fixed&#8220; bg_position=&#8220;center center&#8220; [&hellip;]","og_url":"https:\/\/traductera.com\/de\/uber-uns\/","og_site_name":"ACP Traductera","article_publisher":"https:\/\/www.facebook.com\/ACPtraductera","article_modified_time":"2025-03-31T13:00:39+00:00","og_image":[{"url":"https:\/\/traductera.com\/wp-content\/uploads\/2017\/05\/traductera-about-us-bg.jpg","type":"","width":"","height":""}],"twitter_card":"summary_large_image","twitter_image":"https:\/\/traductera.com\/wp-content\/uploads\/2017\/05\/traductera-about-us-bg.jpg","twitter_site":"@traductera","twitter_misc":{"Gesch\u00e4tzte Lesezeit":"2\u00a0Minuten"},"schema":{"@context":"https:\/\/schema.org","@graph":[{"@type":"WebPage","@id":"https:\/\/traductera.com\/de\/uber-uns\/","url":"https:\/\/traductera.com\/de\/uber-uns\/","name":"\u00dcber uns &#8226; ACP Traductera","isPartOf":{"@id":"https:\/\/traductera.com\/#website"},"datePublished":"2015-06-04T20:27:23+00:00","dateModified":"2025-03-31T13:00:39+00:00","inLanguage":"de","potentialAction":[{"@type":"ReadAction","target":["https:\/\/traductera.com\/de\/uber-uns\/"]}]},{"@type":"WebSite","@id":"https:\/\/traductera.com\/#website","url":"https:\/\/traductera.com\/","name":"ACP Traductera","description":"\u00dcbersetzungspartner f\u00fcr Ihren Erfolg in  Mittel- und Osteuropa","publisher":{"@id":"https:\/\/traductera.com\/#organization"},"potentialAction":[{"@type":"SearchAction","target":{"@type":"EntryPoint","urlTemplate":"https:\/\/traductera.com\/?s={search_term_string}"},"query-input":{"@type":"PropertyValueSpecification","valueRequired":true,"valueName":"search_term_string"}}],"inLanguage":"de"},{"@type":"Organization","@id":"https:\/\/traductera.com\/#organization","name":"ACP Traductera, a.s.","url":"https:\/\/traductera.com\/","logo":{"@type":"ImageObject","inLanguage":"de","@id":"https:\/\/traductera.com\/#\/schema\/logo\/image\/","url":"https:\/\/traductera.com\/wp-content\/uploads\/2015\/03\/logo_slider.png","contentUrl":"https:\/\/traductera.com\/wp-content\/uploads\/2015\/03\/logo_slider.png","width":700,"height":86,"caption":"ACP Traductera, a.s."},"image":{"@id":"https:\/\/traductera.com\/#\/schema\/logo\/image\/"},"sameAs":["https:\/\/www.facebook.com\/ACPtraductera","https:\/\/x.com\/traductera","https:\/\/www.instagram.com\/acptraductera\/","https:\/\/www.linkedin.com\/company\/acp-traductera"]}]}},"_links":{"self":[{"href":"https:\/\/traductera.com\/de\/wp-json\/wp\/v2\/pages\/2768","targetHints":{"allow":["GET"]}}],"collection":[{"href":"https:\/\/traductera.com\/de\/wp-json\/wp\/v2\/pages"}],"about":[{"href":"https:\/\/traductera.com\/de\/wp-json\/wp\/v2\/types\/page"}],"author":[{"embeddable":true,"href":"https:\/\/traductera.com\/de\/wp-json\/wp\/v2\/users\/1"}],"replies":[{"embeddable":true,"href":"https:\/\/traductera.com\/de\/wp-json\/wp\/v2\/comments?post=2768"}],"version-history":[{"count":1,"href":"https:\/\/traductera.com\/de\/wp-json\/wp\/v2\/pages\/2768\/revisions"}],"predecessor-version":[{"id":40378,"href":"https:\/\/traductera.com\/de\/wp-json\/wp\/v2\/pages\/2768\/revisions\/40378"}],"wp:attachment":[{"href":"https:\/\/traductera.com\/de\/wp-json\/wp\/v2\/media?parent=2768"}],"curies":[{"name":"wp","href":"https:\/\/api.w.org\/{rel}","templated":true}]}}