{"id":2779,"date":"2015-06-04T22:42:03","date_gmt":"2015-06-04T20:42:03","guid":{"rendered":"\/\/traductera.com\/?page_id=2779"},"modified":"2025-12-17T13:58:28","modified_gmt":"2025-12-17T12:58:28","slug":"kontakt","status":"publish","type":"page","link":"https:\/\/traductera.com\/de\/kontakt\/","title":{"rendered":"KONTAKT"},"content":{"rendered":"<div class=\"wpb-content-wrapper\">[mk_page_section bg_image=&#8220;\/\/traductera.com\/wp-content\/uploads\/2015\/02\/kontakty.jpg&#8220; attachment=&#8220;fixed&#8220; bg_position=&#8220;center top&#8220; bg_repeat=&#8220;no-repeat&#8220; bg_stretch=&#8220;true&#8220; top_shadow=&#8220;true&#8220; min_height=&#8220;300&#8243; full_width=&#8220;true&#8220; padding_top=&#8220;0&#8243; padding_bottom=&#8220;0&#8243; first_page=&#8220;true&#8220; last_page=&#8220;true&#8220; sidebar=&#8220;sidebar-1&#8243;][vc_column css=&#8220;.vc_custom_1425645001352{margin-top: 150px !important;}&#8220;][vc_column_text align=&#8220;center&#8220;]\n<h1 style=\"text-align: center;\"><span style=\"color: #ffffff;\">Unser Ziel: Zufriedene Kunden<\/span><\/h1>\n[\/vc_column_text][\/vc_column][\/mk_page_section][mk_page_section bg_position=&#8220;center top&#8220; bg_repeat=&#8220;no-repeat&#8220; bg_stretch=&#8220;true&#8220; padding_top=&#8220;50&#8243; padding_bottom=&#8220;50&#8243; first_page=&#8220;true&#8220; last_page=&#8220;true&#8220; sidebar=&#8220;sidebar-1&#8243;][vc_column css=&#8220;.vc_custom_1424732832919{padding-left: 50px !important;}&#8220;][vc_row_inner][vc_column_inner width=&#8220;1\/4&#8243;][vc_separator color=&#8220;custom&#8220; align=&#8220;align_left&#8220; border_width=&#8220;4&#8243; el_width=&#8220;60&#8243; accent_color=&#8220;#dd3333&#8243;][vc_column_text animation=&#8220;left-to-right&#8220; el_class=&#8220;kontakt&#8220;]\n<h1>KONTAKT<\/h1>\n[\/vc_column_text][\/vc_column_inner][vc_column_inner width=&#8220;1\/4&#8243;][vc_column_text title=&#8220;Adresse:&#8220; disable_pattern=&#8220;false&#8220; animation=&#8220;top-to-bottom&#8220;]\n<h6>ACP Traductera, a.s.<br \/>\nNa Piket\u011b 173\/III<br \/>\nJind\u0159ich\u016fv Hradec<br \/>\nTschechische Republik<br \/>\nVAT CZ27198286<\/h6>\n[\/vc_column_text][\/vc_column_inner][vc_column_inner width=&#8220;1\/4&#8243;][vc_column_text title=&#8220;Kontakt:&#8220; disable_pattern=&#8220;false&#8220; animation=&#8220;top-to-bottom&#8220; css=&#8220;.vc_custom_1765976374971{margin-bottom: 0px !important;}&#8220;]\n<h6>E-mail: <strong><a href=\"mailto:%69%6E%66%6F%40%74%72%61%64%75%63%74%65%72%61%2E%63%6F%6D\">email me<\/a><\/strong><br \/>\nTelefon:+420&nbsp;384&nbsp;361&nbsp;300<br \/>\nSkype:traductera<\/h6>\n[\/vc_column_text][\/vc_column_inner][vc_column_inner width=&#8220;1\/4&#8243;][vc_column_text title=&#8220;B\u00fcrozeiten:&#8220; disable_pattern=&#8220;false&#8220; animation=&#8220;top-to-bottom&#8220;]\n<h6>Montag bis Freitag von 09:00 bis 20:00 Uhr<\/h6>\n[\/vc_column_text][\/vc_column_inner][\/vc_row_inner][vc_row_inner][vc_column_inner width=&#8220;1\/4&#8243;][\/vc_column_inner][vc_column_inner width=&#8220;3\/4&#8243;][vc_empty_space][vc_separator][vc_column_text disable_pattern=&#8220;false&#8220; animation=&#8220;top-to-bottom&#8220;]\n<h6>Die Gesellschaft ist im Handelsregister beim Kreisgericht in \u010cesk\u00e9 Bud\u011bjovice, Abschnitt B, Einlageblatt 2007, eingetragen.<\/h6>\n[\/vc_column_text][\/vc_column_inner][\/vc_row_inner][\/vc_column][\/mk_page_section][mk_page_section bg_position=&#8220;center center&#8220; bg_stretch=&#8220;true&#8220; full_width=&#8220;true&#8220; padding_top=&#8220;0&#8243; padding_bottom=&#8220;0&#8243; first_page=&#8220;true&#8220; last_page=&#8220;true&#8220; sidebar=&#8220;sidebar-1&#8243;][vc_column][mk_advanced_gmaps latitude=&#8220;49.135969&#8243; longitude=&#8220;15.000420&#8243; address=&#8220;Na Piket\u011b 173\/III 377 01 Jind\u0159ich\u016fv Hradec&#8220; pin_icon=&#8220;\/\/traductera.com\/wp-content\/uploads\/2015\/02\/bod.png&#8220; pan_control=&#8220;false&#8220; map_type_control=&#8220;false&#8220; modify_coloring=&#8220;true&#8220; hue=&#8220;rgba(0,0,0,0.5)&#8220; saturation=&#8220;0&#8243; lightness=&#8220;0&#8243; zoom=&#8220;10&#8243;][\/vc_column][\/mk_page_section][mk_page_section bg_image=&#8220;\/\/traductera.com\/wp-content\/uploads\/2015\/02\/home_2_a.jpg&#8220; bg_color=&#8220;#6b6b6b&#8220; attachment=&#8220;fixed&#8220; bg_position=&#8220;center center&#8220; bg_repeat=&#8220;no-repeat&#8220; bg_stretch=&#8220;true&#8220; speed_factor=&#8220;0.2&#8243; padding_top=&#8220;50&#8243; padding_bottom=&#8220;50&#8243; first_page=&#8220;true&#8220; last_page=&#8220;true&#8220; sidebar=&#8220;sidebar-1&#8243;][vc_column][mk_testimonials count=&#8220;-1&#8243; slideshow_speed=&#8220;4250&#8243; animation=&#8220;scale-up&#8220; testimonials=&#8220;2785,2787,2790&#8243;][\/vc_column][\/mk_page_section][mk_page_section bg_image=&#8220;\/\/traductera.com\/wp-content\/uploads\/2015\/02\/kontakty.jpg&#8220; attachment=&#8220;fixed&#8220; bg_position=&#8220;center center&#8220; bg_repeat=&#8220;no-repeat&#8220; bg_stretch=&#8220;true&#8220; video_color_mask=&#8220;rgba(0,0,0,0.96)&#8220; padding_top=&#8220;50&#8243; padding_bottom=&#8220;50&#8243; sidebar=&#8220;sidebar-1&#8243;][vc_column][vc_separator color=&#8220;black&#8220;][vc_row_inner][vc_column_inner width=&#8220;2\/3&#8243;][\/vc_column_inner][vc_column_inner width=&#8220;1\/3&#8243;][vc_button2 title=&#8220;Kontaktformular&#8220; align=&#8220;right&#8220; style=&#8220;square&#8220; color=&#8220;juicy_pink&#8220; size=&#8220;lg&#8220; link=&#8220;url:Kontaktformular||target:%20_blank&#8220;][\/vc_column_inner][\/vc_row_inner][\/vc_column][\/mk_page_section]\n<\/div>","protected":false},"excerpt":{"rendered":"<p>[mk_page_section bg_image=&#8220;\/\/traductera.com\/wp-content\/uploads\/2015\/02\/kontakty.jpg&#8220; attachment=&#8220;fixed&#8220; bg_position=&#8220;center top&#8220; bg_repeat=&#8220;no-repeat&#8220; bg_stretch=&#8220;true&#8220; top_shadow=&#8220;true&#8220; min_height=&#8220;300&#8243; full_width=&#8220;true&#8220; padding_top=&#8220;0&#8243; padding_bottom=&#8220;0&#8243; first_page=&#8220;true&#8220; last_page=&#8220;true&#8220; sidebar=&#8220;sidebar-1&#8243;][vc_column css=&#8220;.vc_custom_1425645001352{margin-top: 150px !important;}&#8220;][vc_column_text align=&#8220;center&#8220;] Unser Ziel: Zufriedene Kunden [\/vc_column_text][\/vc_column][\/mk_page_section][mk_page_section bg_position=&#8220;center top&#8220; bg_repeat=&#8220;no-repeat&#8220; bg_stretch=&#8220;true&#8220; padding_top=&#8220;50&#8243; padding_bottom=&#8220;50&#8243; first_page=&#8220;true&#8220; last_page=&#8220;true&#8220; sidebar=&#8220;sidebar-1&#8243;][vc_column css=&#8220;.vc_custom_1424732832919{padding-left: 50px !important;}&#8220;][vc_row_inner][vc_column_inner width=&#8220;1\/4&#8243;][vc_separator color=&#8220;custom&#8220; align=&#8220;align_left&#8220; border_width=&#8220;4&#8243; el_width=&#8220;60&#8243; accent_color=&#8220;#dd3333&#8243;][vc_column_text animation=&#8220;left-to-right&#8220; el_class=&#8220;kontakt&#8220;] KONTAKT [\/vc_column_text][\/vc_column_inner][vc_column_inner width=&#8220;1\/4&#8243;][vc_column_text title=&#8220;Adresse:&#8220; disable_pattern=&#8220;false&#8220; animation=&#8220;top-to-bottom&#8220;] ACP Traductera, a.s. Na Piket\u011b [&hellip;]<\/p>\n","protected":false},"author":1,"featured_media":0,"parent":0,"menu_order":0,"comment_status":"open","ping_status":"closed","template":"","meta":{"_acf_changed":false,"_monsterinsights_skip_tracking":false,"_monsterinsights_sitenote_active":false,"_monsterinsights_sitenote_note":"","_monsterinsights_sitenote_category":0,"footnotes":""},"class_list":["post-2779","page","type-page","status-publish","hentry"],"acf":[],"yoast_head":"<title>KONTAKT &#8226; ACP Traductera<\/title>\n<meta name=\"robots\" content=\"index, follow, max-snippet:-1, max-image-preview:large, max-video-preview:-1\" \/>\n<link rel=\"canonical\" href=\"https:\/\/traductera.com\/de\/kontakt\/\" \/>\n<meta property=\"og:locale\" content=\"de_DE\" \/>\n<meta property=\"og:type\" content=\"article\" \/>\n<meta property=\"og:title\" content=\"KONTAKT &#8226; ACP Traductera\" \/>\n<meta property=\"og:description\" content=\"[mk_page_section bg_image=&#8220;\/\/traductera.com\/wp-content\/uploads\/2015\/02\/kontakty.jpg&#8220; attachment=&#8220;fixed&#8220; bg_position=&#8220;center top&#8220; bg_repeat=&#8220;no-repeat&#8220; bg_stretch=&#8220;true&#8220; top_shadow=&#8220;true&#8220; min_height=&#8220;300&#8243; full_width=&#8220;true&#8220; padding_top=&#8220;0&#8243; padding_bottom=&#8220;0&#8243; first_page=&#8220;true&#8220; last_page=&#8220;true&#8220; sidebar=&#8220;sidebar-1&#8243;][vc_column css=&#8220;.vc_custom_1425645001352{margin-top: 150px !important;}&#8220;][vc_column_text align=&#8220;center&#8220;] Unser Ziel: Zufriedene Kunden [\/vc_column_text][\/vc_column][\/mk_page_section][mk_page_section bg_position=&#8220;center top&#8220; bg_repeat=&#8220;no-repeat&#8220; bg_stretch=&#8220;true&#8220; padding_top=&#8220;50&#8243; padding_bottom=&#8220;50&#8243; first_page=&#8220;true&#8220; last_page=&#8220;true&#8220; sidebar=&#8220;sidebar-1&#8243;][vc_column css=&#8220;.vc_custom_1424732832919{padding-left: 50px !important;}&#8220;][vc_row_inner][vc_column_inner width=&#8220;1\/4&#8243;][vc_separator color=&#8220;custom&#8220; align=&#8220;align_left&#8220; border_width=&#8220;4&#8243; el_width=&#8220;60&#8243; accent_color=&#8220;#dd3333&#8243;][vc_column_text animation=&#8220;left-to-right&#8220; el_class=&#8220;kontakt&#8220;] KONTAKT [\/vc_column_text][\/vc_column_inner][vc_column_inner width=&#8220;1\/4&#8243;][vc_column_text title=&#8220;Adresse:&#8220; disable_pattern=&#8220;false&#8220; animation=&#8220;top-to-bottom&#8220;] ACP Traductera, a.s. Na Piket\u011b [&hellip;]\" \/>\n<meta property=\"og:url\" content=\"https:\/\/traductera.com\/de\/kontakt\/\" \/>\n<meta property=\"og:site_name\" content=\"ACP Traductera\" \/>\n<meta property=\"article:publisher\" content=\"https:\/\/www.facebook.com\/ACPtraductera\" \/>\n<meta property=\"article:modified_time\" content=\"2025-12-17T12:58:28+00:00\" \/>\n<meta property=\"og:image\" content=\"https:\/\/traductera.com\/wp-content\/uploads\/2015\/03\/logo_slider.png\" \/>\n\t<meta property=\"og:image:width\" content=\"700\" \/>\n\t<meta property=\"og:image:height\" content=\"86\" \/>\n\t<meta property=\"og:image:type\" content=\"image\/png\" \/>\n<meta name=\"twitter:card\" content=\"summary_large_image\" \/>\n<meta name=\"twitter:site\" content=\"@traductera\" \/>\n<meta name=\"twitter:label1\" content=\"Gesch\u00e4tzte Lesezeit\" \/>\n\t<meta name=\"twitter:data1\" content=\"1\u00a0Minute\" \/>\n<script type=\"application\/ld+json\" class=\"yoast-schema-graph\">{\"@context\":\"https:\/\/schema.org\",\"@graph\":[{\"@type\":\"WebPage\",\"@id\":\"https:\/\/traductera.com\/de\/kontakt\/\",\"url\":\"https:\/\/traductera.com\/de\/kontakt\/\",\"name\":\"KONTAKT &#8226; ACP Traductera\",\"isPartOf\":{\"@id\":\"https:\/\/traductera.com\/#website\"},\"datePublished\":\"2015-06-04T20:42:03+00:00\",\"dateModified\":\"2025-12-17T12:58:28+00:00\",\"inLanguage\":\"de\",\"potentialAction\":[{\"@type\":\"ReadAction\",\"target\":[\"https:\/\/traductera.com\/de\/kontakt\/\"]}]},{\"@type\":\"WebSite\",\"@id\":\"https:\/\/traductera.com\/#website\",\"url\":\"https:\/\/traductera.com\/\",\"name\":\"ACP Traductera\",\"description\":\"\u00dcbersetzungspartner f\u00fcr Ihren Erfolg in  Mittel- und Osteuropa\",\"publisher\":{\"@id\":\"https:\/\/traductera.com\/#organization\"},\"potentialAction\":[{\"@type\":\"SearchAction\",\"target\":{\"@type\":\"EntryPoint\",\"urlTemplate\":\"https:\/\/traductera.com\/?s={search_term_string}\"},\"query-input\":{\"@type\":\"PropertyValueSpecification\",\"valueRequired\":true,\"valueName\":\"search_term_string\"}}],\"inLanguage\":\"de\"},{\"@type\":\"Organization\",\"@id\":\"https:\/\/traductera.com\/#organization\",\"name\":\"ACP Traductera, a.s.\",\"url\":\"https:\/\/traductera.com\/\",\"logo\":{\"@type\":\"ImageObject\",\"inLanguage\":\"de\",\"@id\":\"https:\/\/traductera.com\/#\/schema\/logo\/image\/\",\"url\":\"https:\/\/traductera.com\/wp-content\/uploads\/2015\/03\/logo_slider.png\",\"contentUrl\":\"https:\/\/traductera.com\/wp-content\/uploads\/2015\/03\/logo_slider.png\",\"width\":700,\"height\":86,\"caption\":\"ACP Traductera, a.s.\"},\"image\":{\"@id\":\"https:\/\/traductera.com\/#\/schema\/logo\/image\/\"},\"sameAs\":[\"https:\/\/www.facebook.com\/ACPtraductera\",\"https:\/\/x.com\/traductera\",\"https:\/\/www.instagram.com\/acptraductera\/\",\"https:\/\/www.linkedin.com\/company\/acp-traductera\"]}]}<\/script>","yoast_head_json":{"title":"KONTAKT &#8226; ACP Traductera","robots":{"index":"index","follow":"follow","max-snippet":"max-snippet:-1","max-image-preview":"max-image-preview:large","max-video-preview":"max-video-preview:-1"},"canonical":"https:\/\/traductera.com\/de\/kontakt\/","og_locale":"de_DE","og_type":"article","og_title":"KONTAKT &#8226; ACP Traductera","og_description":"[mk_page_section bg_image=&#8220;\/\/traductera.com\/wp-content\/uploads\/2015\/02\/kontakty.jpg&#8220; attachment=&#8220;fixed&#8220; bg_position=&#8220;center top&#8220; bg_repeat=&#8220;no-repeat&#8220; bg_stretch=&#8220;true&#8220; top_shadow=&#8220;true&#8220; min_height=&#8220;300&#8243; full_width=&#8220;true&#8220; padding_top=&#8220;0&#8243; padding_bottom=&#8220;0&#8243; first_page=&#8220;true&#8220; last_page=&#8220;true&#8220; sidebar=&#8220;sidebar-1&#8243;][vc_column css=&#8220;.vc_custom_1425645001352{margin-top: 150px !important;}&#8220;][vc_column_text align=&#8220;center&#8220;] Unser Ziel: Zufriedene Kunden [\/vc_column_text][\/vc_column][\/mk_page_section][mk_page_section bg_position=&#8220;center top&#8220; bg_repeat=&#8220;no-repeat&#8220; bg_stretch=&#8220;true&#8220; padding_top=&#8220;50&#8243; padding_bottom=&#8220;50&#8243; first_page=&#8220;true&#8220; last_page=&#8220;true&#8220; sidebar=&#8220;sidebar-1&#8243;][vc_column css=&#8220;.vc_custom_1424732832919{padding-left: 50px !important;}&#8220;][vc_row_inner][vc_column_inner width=&#8220;1\/4&#8243;][vc_separator color=&#8220;custom&#8220; align=&#8220;align_left&#8220; border_width=&#8220;4&#8243; el_width=&#8220;60&#8243; accent_color=&#8220;#dd3333&#8243;][vc_column_text animation=&#8220;left-to-right&#8220; el_class=&#8220;kontakt&#8220;] KONTAKT [\/vc_column_text][\/vc_column_inner][vc_column_inner width=&#8220;1\/4&#8243;][vc_column_text title=&#8220;Adresse:&#8220; disable_pattern=&#8220;false&#8220; animation=&#8220;top-to-bottom&#8220;] ACP Traductera, a.s. Na Piket\u011b [&hellip;]","og_url":"https:\/\/traductera.com\/de\/kontakt\/","og_site_name":"ACP Traductera","article_publisher":"https:\/\/www.facebook.com\/ACPtraductera","article_modified_time":"2025-12-17T12:58:28+00:00","og_image":[{"width":700,"height":86,"url":"https:\/\/traductera.com\/wp-content\/uploads\/2015\/03\/logo_slider.png","type":"image\/png"}],"twitter_card":"summary_large_image","twitter_site":"@traductera","twitter_misc":{"Gesch\u00e4tzte Lesezeit":"1\u00a0Minute"},"schema":{"@context":"https:\/\/schema.org","@graph":[{"@type":"WebPage","@id":"https:\/\/traductera.com\/de\/kontakt\/","url":"https:\/\/traductera.com\/de\/kontakt\/","name":"KONTAKT &#8226; ACP Traductera","isPartOf":{"@id":"https:\/\/traductera.com\/#website"},"datePublished":"2015-06-04T20:42:03+00:00","dateModified":"2025-12-17T12:58:28+00:00","inLanguage":"de","potentialAction":[{"@type":"ReadAction","target":["https:\/\/traductera.com\/de\/kontakt\/"]}]},{"@type":"WebSite","@id":"https:\/\/traductera.com\/#website","url":"https:\/\/traductera.com\/","name":"ACP Traductera","description":"\u00dcbersetzungspartner f\u00fcr Ihren Erfolg in  Mittel- und Osteuropa","publisher":{"@id":"https:\/\/traductera.com\/#organization"},"potentialAction":[{"@type":"SearchAction","target":{"@type":"EntryPoint","urlTemplate":"https:\/\/traductera.com\/?s={search_term_string}"},"query-input":{"@type":"PropertyValueSpecification","valueRequired":true,"valueName":"search_term_string"}}],"inLanguage":"de"},{"@type":"Organization","@id":"https:\/\/traductera.com\/#organization","name":"ACP Traductera, a.s.","url":"https:\/\/traductera.com\/","logo":{"@type":"ImageObject","inLanguage":"de","@id":"https:\/\/traductera.com\/#\/schema\/logo\/image\/","url":"https:\/\/traductera.com\/wp-content\/uploads\/2015\/03\/logo_slider.png","contentUrl":"https:\/\/traductera.com\/wp-content\/uploads\/2015\/03\/logo_slider.png","width":700,"height":86,"caption":"ACP Traductera, a.s."},"image":{"@id":"https:\/\/traductera.com\/#\/schema\/logo\/image\/"},"sameAs":["https:\/\/www.facebook.com\/ACPtraductera","https:\/\/x.com\/traductera","https:\/\/www.instagram.com\/acptraductera\/","https:\/\/www.linkedin.com\/company\/acp-traductera"]}]}},"_links":{"self":[{"href":"https:\/\/traductera.com\/de\/wp-json\/wp\/v2\/pages\/2779","targetHints":{"allow":["GET"]}}],"collection":[{"href":"https:\/\/traductera.com\/de\/wp-json\/wp\/v2\/pages"}],"about":[{"href":"https:\/\/traductera.com\/de\/wp-json\/wp\/v2\/types\/page"}],"author":[{"embeddable":true,"href":"https:\/\/traductera.com\/de\/wp-json\/wp\/v2\/users\/1"}],"replies":[{"embeddable":true,"href":"https:\/\/traductera.com\/de\/wp-json\/wp\/v2\/comments?post=2779"}],"version-history":[{"count":1,"href":"https:\/\/traductera.com\/de\/wp-json\/wp\/v2\/pages\/2779\/revisions"}],"predecessor-version":[{"id":40589,"href":"https:\/\/traductera.com\/de\/wp-json\/wp\/v2\/pages\/2779\/revisions\/40589"}],"wp:attachment":[{"href":"https:\/\/traductera.com\/de\/wp-json\/wp\/v2\/media?parent=2779"}],"curies":[{"name":"wp","href":"https:\/\/api.w.org\/{rel}","templated":true}]}}