{"id":2867,"date":"2015-03-04T13:34:15","date_gmt":"2015-03-04T12:34:15","guid":{"rendered":"\/\/traductera.com\/cenova-nabidka-2\/"},"modified":"2020-05-25T16:17:25","modified_gmt":"2020-05-25T14:17:25","slug":"kontaktformular","status":"publish","type":"page","link":"https:\/\/traductera.com\/de\/kontaktformular\/","title":{"rendered":"KONTAKTFORMULAR"},"content":{"rendered":"[mk_page_section bg_image=&#8220;\/\/traductera.com\/wp-content\/uploads\/2015\/02\/home_2_a.jpg&#8220; attachment=&#8220;fixed&#8220; sidebar=&#8220;sidebar-1&#8243; first_page=&#8220;false&#8220; last_page=&#8220;false&#8220;][vc_column][\/vc_column][\/mk_page_section][mk_page_section][vc_column width=&#8220;1\/4&#8243;][mk_fancy_title color=&#8220;#393836&#8243; size=&#8220;20&#8243; font_style=&#8220;inhert&#8220; margin_bottom=&#8220;18&#8243; font_family=&#8220;none&#8220;]KONTAKTFORMULAR[\/mk_fancy_title][\/vc_column][vc_column width=&#8220;3\/4&#8243;][vc_column_text]\n<h6>Sie m\u00f6chten mehr \u00fcber unsere Serviceleistungen erfahren oder ein spezielles Preisangebot erhalten? Bitte f\u00fcllen Sie das nachfolgende Formular aus. Falls Sie eine Text\u00fcbersetzung ben\u00f6tigen, f\u00fcgen Sie den Text bitte hinzu. Wir werden uns innerhalb von 24 Stunden mit Ihnen in Verbindung setzen. Rufen Sie uns in dringenden F\u00e4llen unter folgender Rufnummer an: +420&nbsp;777&nbsp;333&nbsp;637.<\/h6>\n[\/vc_column_text][vc_separator][vc_raw_html]JTVCZm9ybWlkYWJsZSUyMGlkJTNENiU1RA==[\/vc_raw_html][vc_column_text]\n<h6>Danke f\u00fcr Ihr Interesse an unseren Services. ACP Traductera, a.s. verpflichtet sich, Ihre Daten gem\u00e4\u00df dem geltenden Recht, besonders dem Gesetz Nr. 101\/2000 zum Schutz pers\u00f6nlicher Daten sowie den aktuellen Fassungen der einschl\u00e4gigen Gesetze und Verordnungen, vertraulich zu behandeln. Ihre Daten werden nicht an Dritte weitergegeben und lediglich zur Ausf\u00fchrung des betreffenden Vertrags und zum Versand von Gesch\u00e4ftsmitteilungen \u00fcber ACP Traductera, a.s., verwendet. Mit dem Absenden dieses Formulars stimmen Sie der Nutzung Ihrer Daten zu diesem Zweck zu.<\/h6>\n[\/vc_column_text][\/vc_column][\/mk_page_section]\n","protected":false},"excerpt":{"rendered":"<p>[mk_page_section bg_image=&#8220;\/\/traductera.com\/wp-content\/uploads\/2015\/02\/home_2_a.jpg&#8220; attachment=&#8220;fixed&#8220; sidebar=&#8220;sidebar-1&#8243; first_page=&#8220;false&#8220; last_page=&#8220;false&#8220;][vc_column][\/vc_column][\/mk_page_section][mk_page_section][vc_column width=&#8220;1\/4&#8243;][mk_fancy_title color=&#8220;#393836&#8243; size=&#8220;20&#8243; font_style=&#8220;inhert&#8220; margin_bottom=&#8220;18&#8243; font_family=&#8220;none&#8220;]KONTAKTFORMULAR[\/mk_fancy_title][\/vc_column][vc_column width=&#8220;3\/4&#8243;][vc_column_text] Sie m\u00f6chten mehr \u00fcber unsere Serviceleistungen erfahren oder ein spezielles Preisangebot erhalten? Bitte f\u00fcllen Sie das nachfolgende Formular aus. Falls Sie eine Text\u00fcbersetzung ben\u00f6tigen, f\u00fcgen Sie den Text bitte hinzu. Wir werden uns innerhalb von 24 Stunden mit Ihnen in Verbindung setzen. [&hellip;]<\/p>\n","protected":false},"author":1,"featured_media":0,"parent":0,"menu_order":0,"comment_status":"open","ping_status":"closed","template":"","meta":{"_acf_changed":false,"_monsterinsights_skip_tracking":false,"_monsterinsights_sitenote_active":false,"_monsterinsights_sitenote_note":"","_monsterinsights_sitenote_category":0,"footnotes":""},"class_list":["post-2867","page","type-page","status-publish","hentry"],"acf":[],"yoast_head":"<title>KONTAKTFORMULAR &#8226; ACP Traductera<\/title>\n<meta name=\"robots\" content=\"index, follow, max-snippet:-1, max-image-preview:large, max-video-preview:-1\" \/>\n<link rel=\"canonical\" href=\"https:\/\/traductera.com\/de\/kontaktformular\/\" \/>\n<meta property=\"og:locale\" content=\"de_DE\" \/>\n<meta property=\"og:type\" content=\"article\" \/>\n<meta property=\"og:title\" content=\"KONTAKTFORMULAR &#8226; ACP Traductera\" \/>\n<meta property=\"og:description\" content=\"[mk_page_section bg_image=&#8220;\/\/traductera.com\/wp-content\/uploads\/2015\/02\/home_2_a.jpg&#8220; attachment=&#8220;fixed&#8220; sidebar=&#8220;sidebar-1&#8243; first_page=&#8220;false&#8220; last_page=&#8220;false&#8220;][vc_column][\/vc_column][\/mk_page_section][mk_page_section][vc_column width=&#8220;1\/4&#8243;][mk_fancy_title color=&#8220;#393836&#8243; size=&#8220;20&#8243; font_style=&#8220;inhert&#8220; margin_bottom=&#8220;18&#8243; font_family=&#8220;none&#8220;]KONTAKTFORMULAR[\/mk_fancy_title][\/vc_column][vc_column width=&#8220;3\/4&#8243;][vc_column_text] Sie m\u00f6chten mehr \u00fcber unsere Serviceleistungen erfahren oder ein spezielles Preisangebot erhalten? Bitte f\u00fcllen Sie das nachfolgende Formular aus. Falls Sie eine Text\u00fcbersetzung ben\u00f6tigen, f\u00fcgen Sie den Text bitte hinzu. Wir werden uns innerhalb von 24 Stunden mit Ihnen in Verbindung setzen. [&hellip;]\" \/>\n<meta property=\"og:url\" content=\"https:\/\/traductera.com\/de\/kontaktformular\/\" \/>\n<meta property=\"og:site_name\" content=\"ACP Traductera\" \/>\n<meta property=\"article:publisher\" content=\"https:\/\/www.facebook.com\/ACPtraductera\" \/>\n<meta property=\"article:modified_time\" content=\"2020-05-25T14:17:25+00:00\" \/>\n<meta property=\"og:image\" content=\"https:\/\/traductera.com\/wp-content\/uploads\/2015\/03\/logo_slider.png\" \/>\n\t<meta property=\"og:image:width\" content=\"700\" \/>\n\t<meta property=\"og:image:height\" content=\"86\" \/>\n\t<meta property=\"og:image:type\" content=\"image\/png\" \/>\n<meta name=\"twitter:card\" content=\"summary_large_image\" \/>\n<meta name=\"twitter:site\" content=\"@traductera\" \/>\n<meta name=\"twitter:label1\" content=\"Gesch\u00e4tzte Lesezeit\" \/>\n\t<meta name=\"twitter:data1\" content=\"1\u00a0Minute\" \/>\n<script type=\"application\/ld+json\" class=\"yoast-schema-graph\">{\"@context\":\"https:\/\/schema.org\",\"@graph\":[{\"@type\":\"WebPage\",\"@id\":\"https:\/\/traductera.com\/de\/kontaktformular\/\",\"url\":\"https:\/\/traductera.com\/de\/kontaktformular\/\",\"name\":\"KONTAKTFORMULAR &#8226; ACP Traductera\",\"isPartOf\":{\"@id\":\"https:\/\/traductera.com\/#website\"},\"datePublished\":\"2015-03-04T12:34:15+00:00\",\"dateModified\":\"2020-05-25T14:17:25+00:00\",\"inLanguage\":\"de\",\"potentialAction\":[{\"@type\":\"ReadAction\",\"target\":[\"https:\/\/traductera.com\/de\/kontaktformular\/\"]}]},{\"@type\":\"WebSite\",\"@id\":\"https:\/\/traductera.com\/#website\",\"url\":\"https:\/\/traductera.com\/\",\"name\":\"ACP Traductera\",\"description\":\"\u00dcbersetzungspartner f\u00fcr Ihren Erfolg in  Mittel- und Osteuropa\",\"publisher\":{\"@id\":\"https:\/\/traductera.com\/#organization\"},\"potentialAction\":[{\"@type\":\"SearchAction\",\"target\":{\"@type\":\"EntryPoint\",\"urlTemplate\":\"https:\/\/traductera.com\/?s={search_term_string}\"},\"query-input\":{\"@type\":\"PropertyValueSpecification\",\"valueRequired\":true,\"valueName\":\"search_term_string\"}}],\"inLanguage\":\"de\"},{\"@type\":\"Organization\",\"@id\":\"https:\/\/traductera.com\/#organization\",\"name\":\"ACP Traductera, a.s.\",\"url\":\"https:\/\/traductera.com\/\",\"logo\":{\"@type\":\"ImageObject\",\"inLanguage\":\"de\",\"@id\":\"https:\/\/traductera.com\/#\/schema\/logo\/image\/\",\"url\":\"https:\/\/traductera.com\/wp-content\/uploads\/2015\/03\/logo_slider.png\",\"contentUrl\":\"https:\/\/traductera.com\/wp-content\/uploads\/2015\/03\/logo_slider.png\",\"width\":700,\"height\":86,\"caption\":\"ACP Traductera, a.s.\"},\"image\":{\"@id\":\"https:\/\/traductera.com\/#\/schema\/logo\/image\/\"},\"sameAs\":[\"https:\/\/www.facebook.com\/ACPtraductera\",\"https:\/\/x.com\/traductera\",\"https:\/\/www.instagram.com\/acptraductera\/\",\"https:\/\/www.linkedin.com\/company\/acp-traductera\"]}]}<\/script>","yoast_head_json":{"title":"KONTAKTFORMULAR &#8226; ACP Traductera","robots":{"index":"index","follow":"follow","max-snippet":"max-snippet:-1","max-image-preview":"max-image-preview:large","max-video-preview":"max-video-preview:-1"},"canonical":"https:\/\/traductera.com\/de\/kontaktformular\/","og_locale":"de_DE","og_type":"article","og_title":"KONTAKTFORMULAR &#8226; ACP Traductera","og_description":"[mk_page_section bg_image=&#8220;\/\/traductera.com\/wp-content\/uploads\/2015\/02\/home_2_a.jpg&#8220; attachment=&#8220;fixed&#8220; sidebar=&#8220;sidebar-1&#8243; first_page=&#8220;false&#8220; last_page=&#8220;false&#8220;][vc_column][\/vc_column][\/mk_page_section][mk_page_section][vc_column width=&#8220;1\/4&#8243;][mk_fancy_title color=&#8220;#393836&#8243; size=&#8220;20&#8243; font_style=&#8220;inhert&#8220; margin_bottom=&#8220;18&#8243; font_family=&#8220;none&#8220;]KONTAKTFORMULAR[\/mk_fancy_title][\/vc_column][vc_column width=&#8220;3\/4&#8243;][vc_column_text] Sie m\u00f6chten mehr \u00fcber unsere Serviceleistungen erfahren oder ein spezielles Preisangebot erhalten? Bitte f\u00fcllen Sie das nachfolgende Formular aus. Falls Sie eine Text\u00fcbersetzung ben\u00f6tigen, f\u00fcgen Sie den Text bitte hinzu. Wir werden uns innerhalb von 24 Stunden mit Ihnen in Verbindung setzen. [&hellip;]","og_url":"https:\/\/traductera.com\/de\/kontaktformular\/","og_site_name":"ACP Traductera","article_publisher":"https:\/\/www.facebook.com\/ACPtraductera","article_modified_time":"2020-05-25T14:17:25+00:00","og_image":[{"width":700,"height":86,"url":"https:\/\/traductera.com\/wp-content\/uploads\/2015\/03\/logo_slider.png","type":"image\/png"}],"twitter_card":"summary_large_image","twitter_site":"@traductera","twitter_misc":{"Gesch\u00e4tzte Lesezeit":"1\u00a0Minute"},"schema":{"@context":"https:\/\/schema.org","@graph":[{"@type":"WebPage","@id":"https:\/\/traductera.com\/de\/kontaktformular\/","url":"https:\/\/traductera.com\/de\/kontaktformular\/","name":"KONTAKTFORMULAR &#8226; ACP Traductera","isPartOf":{"@id":"https:\/\/traductera.com\/#website"},"datePublished":"2015-03-04T12:34:15+00:00","dateModified":"2020-05-25T14:17:25+00:00","inLanguage":"de","potentialAction":[{"@type":"ReadAction","target":["https:\/\/traductera.com\/de\/kontaktformular\/"]}]},{"@type":"WebSite","@id":"https:\/\/traductera.com\/#website","url":"https:\/\/traductera.com\/","name":"ACP Traductera","description":"\u00dcbersetzungspartner f\u00fcr Ihren Erfolg in  Mittel- und Osteuropa","publisher":{"@id":"https:\/\/traductera.com\/#organization"},"potentialAction":[{"@type":"SearchAction","target":{"@type":"EntryPoint","urlTemplate":"https:\/\/traductera.com\/?s={search_term_string}"},"query-input":{"@type":"PropertyValueSpecification","valueRequired":true,"valueName":"search_term_string"}}],"inLanguage":"de"},{"@type":"Organization","@id":"https:\/\/traductera.com\/#organization","name":"ACP Traductera, a.s.","url":"https:\/\/traductera.com\/","logo":{"@type":"ImageObject","inLanguage":"de","@id":"https:\/\/traductera.com\/#\/schema\/logo\/image\/","url":"https:\/\/traductera.com\/wp-content\/uploads\/2015\/03\/logo_slider.png","contentUrl":"https:\/\/traductera.com\/wp-content\/uploads\/2015\/03\/logo_slider.png","width":700,"height":86,"caption":"ACP Traductera, a.s."},"image":{"@id":"https:\/\/traductera.com\/#\/schema\/logo\/image\/"},"sameAs":["https:\/\/www.facebook.com\/ACPtraductera","https:\/\/x.com\/traductera","https:\/\/www.instagram.com\/acptraductera\/","https:\/\/www.linkedin.com\/company\/acp-traductera"]}]}},"_links":{"self":[{"href":"https:\/\/traductera.com\/de\/wp-json\/wp\/v2\/pages\/2867","targetHints":{"allow":["GET"]}}],"collection":[{"href":"https:\/\/traductera.com\/de\/wp-json\/wp\/v2\/pages"}],"about":[{"href":"https:\/\/traductera.com\/de\/wp-json\/wp\/v2\/types\/page"}],"author":[{"embeddable":true,"href":"https:\/\/traductera.com\/de\/wp-json\/wp\/v2\/users\/1"}],"replies":[{"embeddable":true,"href":"https:\/\/traductera.com\/de\/wp-json\/wp\/v2\/comments?post=2867"}],"version-history":[{"count":0,"href":"https:\/\/traductera.com\/de\/wp-json\/wp\/v2\/pages\/2867\/revisions"}],"wp:attachment":[{"href":"https:\/\/traductera.com\/de\/wp-json\/wp\/v2\/media?parent=2867"}],"curies":[{"name":"wp","href":"https:\/\/api.w.org\/{rel}","templated":true}]}}