{"id":24786,"date":"2022-03-06T17:36:52","date_gmt":"2022-03-06T16:36:52","guid":{"rendered":"https:\/\/traductera.com\/cookie-policy\/"},"modified":"2022-03-06T17:49:26","modified_gmt":"2022-03-06T16:49:26","slug":"politica-de-cookies","status":"publish","type":"page","link":"https:\/\/traductera.com\/es\/politica-de-cookies\/","title":{"rendered":"Pol\u00edtica de cookies"},"content":{"rendered":"<div class=\"wpb-content-wrapper\">[vc_row][vc_column][mk_fancy_title size=\u00bb\u00bb font_family=\u00bbnone\u00bb]Cookies que utilizamos en nuestro sitio web:[\/mk_fancy_title][vc_raw_html]JTVCcmVuZGVyX2Nvb2tpZXNfbGlzdCUyMGRpc3BsYXlfc2luZ2xlX2Nvb2tpZXMlM0R0cnVlJTVE[\/vc_raw_html][\/vc_column][\/vc_row][vc_row][vc_column][mk_fancy_title tag_name=\u00bbh4&#8243; size=\u00bb\u00bb font_family=\u00bbnone\u00bb]Gesti\u00f3n de sus datos personales:[\/mk_fancy_title][vc_column_text css=\u00bb.vc_custom_1639402268233{margin-bottom: 0px !important;}\u00bb]\n<div class=\"ct-ultimate-gdpr-container ct-ultimate-gdpr-my-account  ct-ultimate-gdpr-simple-form\">\n\n\t\n    <div id=\"tabs\">\n        <ul>\n                        <li>\n                <a href=\"#tabs-1\">\n\t\t\t\t\tAcceso a datos personales                <\/a>\n            <\/li>\n            <li>\n                <a href=\"#tabs-2\">\n\t\t\t\t\tOlvidarme                <\/a>\n            <\/li>\n            <li>\n                <a href=\"#tabs-3\">\n\t\t\t\t\tRectificaci\u00f3n de datos                <\/a>\n            <\/li>\n\t\t\t        <\/ul>\n\n        \n        <div id=\"tabs-1\">\n\n            <div class=\"ct-headerContent\">\n\t\t\t\tA continuaci\u00f3n, puede solicitar sus datos personales que se recopilan mediante este sitio web que se le env\u00eda por correo electr\u00f3nico.            <\/div>\n\n            <form id=\"ct-ultimate-gdpr-data-access\" method=\"post\">\n                <label for=\"ct-ultimate-gdpr-email\">E-mail:<\/label>\n\t\t\t\t                    <input type=\"email\" name=\"ct-ultimate-gdpr-email\" value=\"\" required=\"\" id=\"ct-ultimate-gdpr-email\">\n\t\t\t\t                <label for=\"ct-ultimate-gdpr-consent-data-access\">\n                    <input type=\"checkbox\" id=\"ct-ultimate-gdpr-consent-data-access\"\n                           name=\"ct-ultimate-gdpr-consent-data-access\" required=\"\">\n                    <span class=\"ct-checkbox\"><\/span>\n\t\t\t\t\tConsiento que mi correo electr\u00f3nico sea recopilado con el fin de recibir mis datos solicitados. Consulte la p\u00e1gina de la Pol\u00edtica de Privacidad para m\u00e1s informaci\u00f3n.                <\/label>\n\t\t\t\t\n\t\t\t\t\n                <input type=\"hidden\" name=\"ct-ultimate-gdpr-request-url\" value=\"https:\/\/traductera.com\/es\/politica-de-cookies\/\"\/>\n                <input type=\"submit\" name=\"ct-ultimate-gdpr-data-access-submit\"\n                       value=\"Enviar\">\n\n            <\/form>\n        <\/div>\n\n        <div id=\"tabs-2\">\n            <div class=\"ct-headerContent\">\n                <p>Removal of your data will not limit in any way the system functionalities<\/p>                A continuaci\u00f3n, puede navegar por los servicios que recopilan sus datos personales en este sitio web. Verifique los servicios que desea que sean olvidados. Esto enviar\u00e1 una solicitud al administrador del sitio web. Se lo notificar\u00e1 por correo electr\u00f3nico una vez que lo haya hecho.            <\/div>\n\n            <form id=\"ct-ultimate-gdpr-forget\" method=\"post\">\n\n                <div class=\"ct-ultimate-gdpr-services-list\">\n\n\t\t\t\t\t                            <div class=\"ct-ultimate-gdpr-service-options\">\n                                <div class=\"ct-ultimate-gdpr-service-option\">\n                                    <input type=\"checkbox\" name=\"ct-ultimate-gdpr-service-forget[]\"\n                                           value=\"wp_comments\">\n                                    <span class=\"ct-checkbox\"><\/span>\n                                <\/div>\n                                <div class=\"ct-ultimate-gdpr-service-details\">\n                                    <div class=\"ct-ultimate-gdpr-service-title\">WP Comments<\/div>\n                                    <div class=\"ct-ultimate-gdpr-service-description\">WordPress Comments son datos introducidos por los usuarios en los comentarios<\/div>\n                                <\/div>\n                            <\/div>\n\n\n\t\t\t\t\t\t                            <div class=\"ct-ultimate-gdpr-service-options\">\n                                <div class=\"ct-ultimate-gdpr-service-option\">\n                                    <input type=\"checkbox\" name=\"ct-ultimate-gdpr-service-forget[]\"\n                                           value=\"wp_posts\">\n                                    <span class=\"ct-checkbox\"><\/span>\n                                <\/div>\n                                <div class=\"ct-ultimate-gdpr-service-details\">\n                                    <div class=\"ct-ultimate-gdpr-service-title\">WordPress Posts<\/div>\n                                    <div class=\"ct-ultimate-gdpr-service-description\">Datos del autor de los posts de WordPress<\/div>\n                                <\/div>\n                            <\/div>\n\n\n\t\t\t\t\t\t                            <div class=\"ct-ultimate-gdpr-service-options\">\n                                <div class=\"ct-ultimate-gdpr-service-option\">\n                                    <input type=\"checkbox\" name=\"ct-ultimate-gdpr-service-forget[]\"\n                                           value=\"wp_user\">\n                                    <span class=\"ct-checkbox\"><\/span>\n                                <\/div>\n                                <div class=\"ct-ultimate-gdpr-service-details\">\n                                    <div class=\"ct-ultimate-gdpr-service-title\">WP User Data<\/div>\n                                    <div class=\"ct-ultimate-gdpr-service-description\">Datos de usuario de WordPress almacenados como metadatos de usuario en la base de datos<\/div>\n                                <\/div>\n                            <\/div>\n\n\n\t\t\t\t\t\t\n\n                    <div class=\"ct-ultimate-gdpr-services-email\">\n\n                        <label for=\"ct-ultimate-gdpr-forget-email\">E-mail:<\/label>\n\t\t\t\t\t\t                            <input type=\"email\" name=\"ct-ultimate-gdpr-email\" value=\"\" required=\"\"\n                                   id=\"ct-ultimate-gdpr-forget-email\">\n\t\t\t\t\t\t                    <\/div>\n\n                    <label for=\"ct-ultimate-gdpr-consent-forget-me\">\n                        <input type=\"checkbox\" id=\"ct-ultimate-gdpr-consent-forget-me\"\n                               name=\"ct-ultimate-gdpr-consent-forget-me\" required=\"\">\n                        <span class=\"ct-checkbox\"><\/span>\n\t\t\t\t\t\tConsiento que mi correo electr\u00f3nico sea recopilado con el fin de procesar esta solicitud. Consulte la p\u00e1gina de la Pol\u00edtica de Privacidad para m\u00e1s informaci\u00f3n.                    <\/label>\n\t\t\t\t\t\n\t\t\t\t\t\n                    <input type=\"hidden\" name=\"ct-ultimate-gdpr-request-url\" value=\"https:\/\/traductera.com\/es\/politica-de-cookies\/\"\/>\n                    <input type=\"submit\" class=\"ct-ultimate-gdpr-forget-submitBtn\" name=\"ct-ultimate-gdpr-forget-submit\"\n                           value=\"Enviar\">\n\n\n                <\/div>\n\n            <\/form>\n        <\/div>\n\n        <div id=\"tabs-3\">\n            <div class=\"ct-headerContent\">\n\t\t\t\tA continuaci\u00f3n, puede enviar una solicitud para que el administrador del sitio web corrija sus datos. Ingrese lo que le gustar\u00eda que se rectifique. Se le notificar\u00e1 por correo electr\u00f3nico una vez hecho esto.            <\/div>\n\n            <form id=\"ct-ultimate-gdpr-rectification\" method=\"post\">\n\n                <div class=\"ct-ultimate-gdpr-services-email\">\n\n                    <label for=\"ct-ultimate-gdpr-rectification-data-current\" class=\"ct-u-display-block\">\n\t\t\t\t\t\tDatos actuales                    <\/label>\n                    <textarea\n                            name=\"ct-ultimate-gdpr-rectification-data-current\"\n                            rows=\"5\"\n                            required\n                            id=\"ct-ultimate-gdpr-rectification-data-current\"\n                    ><\/textarea>\n\n                <\/div>\n\n                <div class=\"ct-ultimate-gdpr-services-email\">\n\n                    <label for=\"ct-ultimate-gdpr-rectification-data-rectified\" class=\"ct-u-display-block\">\n\t\t\t\t\t\tDatos rectificados                    <\/label>\n                    <textarea\n                            name=\"ct-ultimate-gdpr-rectification-data-rectified\"\n                            rows=\"5\"\n                            required\n                            id=\"ct-ultimate-gdpr-rectification-data-rectified\"\n                    ><\/textarea>\n\n                <\/div>\n\n                <div class=\"ct-ultimate-gdpr-services-email\">\n\n                    <label for=\"ct-ultimate-gdpr-rectify-email\">E-mail:<\/label>\n\t\t\t\t\t                        <input\n                                type=\"email\"\n                                name=\"ct-ultimate-gdpr-email\"\n                                value=\"\"\n                                required=\"\"\n                                id=\"ct-ultimate-gdpr-rectify-email\"\n                        >\n\t\t\t\t\t                <\/div>\n\n                <label for=\"ct-ultimate-gdpr-consent-data-rectification\">\n                    <input type=\"checkbox\" id=\"ct-ultimate-gdpr-consent-data-rectification\"\n                           name=\"ct-ultimate-gdpr-consent-data-rectification\" required=\"\">\n                    <span class=\"ct-checkbox ct-ultimate-gdpr-simple-form\"><\/span>\n\t\t\t\t\tConsiento que mi correo electr\u00f3nico sea recopilado con el fin de procesar esta solicitud. Consulte la p\u00e1gina de la Pol\u00edtica de Privacidad para m\u00e1s informaci\u00f3n.                <\/label>\n\t\t\t\t\n\t\t\t\t\n                <input type=\"hidden\" name=\"ct-ultimate-gdpr-request-url\" value=\"https:\/\/traductera.com\/es\/politica-de-cookies\/\"\/>\n                <input type=\"submit\" class=\"ct-ultimate-gdpr-forget-submitBtn\"\n                       name=\"ct-ultimate-gdpr-rectification-submit\"\n                       value=\"Enviar\">\n\n\n            <\/form>\n        <\/div>\n\t\t    <\/div>\n\n<\/div>[\/vc_column_text][\/vc_column][\/vc_row][vc_row][vc_column][mk_fancy_title tag_name=\u00bbh4&#8243; size=\u00bb\u00bb font_family=\u00bbnone\u00bb]Cambiar la configuraci\u00f3n de las cookies:[\/mk_fancy_title][vc_raw_html el_class=\u00bbvc_btn vc_btn_juicy_pink vc_btn-juicy_pink vc_btn_lg vc_btn-lg vc_btn_square\u00bb]JTVCdWx0aW1hdGVfZ2Rwcl9jb29raWVfcG9wdXAlNURTcHIlQzMlQTF2YSUyMG5hc3RhdmVuJUMzJUFEJTIwc291Ym9yJUM1JUFGJTIwQ29va2llcyU1QiUyRnVsdGltYXRlX2dkcHJfY29va2llX3BvcHVwJTVE[\/vc_raw_html][\/vc_column][\/vc_row]\n<\/div>","protected":false},"excerpt":{"rendered":"<p>[vc_row][vc_column][mk_fancy_title size=\u00bb\u00bb font_family=\u00bbnone\u00bb]Cookies que utilizamos en nuestro sitio web:[\/mk_fancy_title][vc_raw_html]JTVCcmVuZGVyX2Nvb2tpZXNfbGlzdCUyMGRpc3BsYXlfc2luZ2xlX2Nvb2tpZXMlM0R0cnVlJTVE[\/vc_raw_html][\/vc_column][\/vc_row][vc_row][vc_column][mk_fancy_title tag_name=\u00bbh4&#8243; size=\u00bb\u00bb font_family=\u00bbnone\u00bb]Gesti\u00f3n de sus datos personales:[\/mk_fancy_title][vc_column_text css=\u00bb.vc_custom_1639402268233{margin-bottom: 0px !important;}\u00bb][\/vc_column_text][\/vc_column][\/vc_row][vc_row][vc_column][mk_fancy_title tag_name=\u00bbh4&#8243; size=\u00bb\u00bb font_family=\u00bbnone\u00bb]Cambiar la configuraci\u00f3n de las cookies:[\/mk_fancy_title][vc_raw_html el_class=\u00bbvc_btn vc_btn_juicy_pink vc_btn-juicy_pink vc_btn_lg vc_btn-lg vc_btn_square\u00bb]JTVCdWx0aW1hdGVfZ2Rwcl9jb29raWVfcG9wdXAlNURTcHIlQzMlQTF2YSUyMG5hc3RhdmVuJUMzJUFEJTIwc291Ym9yJUM1JUFGJTIwQ29va2llcyU1QiUyRnVsdGltYXRlX2dkcHJfY29va2llX3BvcHVwJTVE[\/vc_raw_html][\/vc_column][\/vc_row]<\/p>\n","protected":false},"author":3,"featured_media":0,"parent":0,"menu_order":0,"comment_status":"closed","ping_status":"closed","template":"","meta":{"_acf_changed":false,"_monsterinsights_skip_tracking":false,"_monsterinsights_sitenote_active":false,"_monsterinsights_sitenote_note":"","_monsterinsights_sitenote_category":0,"footnotes":""},"class_list":["post-24786","page","type-page","status-publish","hentry"],"acf":[],"yoast_head":"<title>Pol\u00edtica de cookies &#8226; ACP Traductera<\/title>\n<meta name=\"robots\" content=\"index, follow, max-snippet:-1, max-image-preview:large, max-video-preview:-1\" \/>\n<link rel=\"canonical\" href=\"https:\/\/traductera.com\/es\/politica-de-cookies\/\" \/>\n<meta property=\"og:locale\" content=\"es_ES\" \/>\n<meta property=\"og:type\" content=\"article\" \/>\n<meta property=\"og:title\" content=\"Pol\u00edtica de cookies &#8226; ACP Traductera\" \/>\n<meta property=\"og:description\" content=\"[vc_row][vc_column][mk_fancy_title size=\u00bb\u00bb font_family=\u00bbnone\u00bb]Cookies que utilizamos en nuestro sitio web:[\/mk_fancy_title][vc_raw_html]JTVCcmVuZGVyX2Nvb2tpZXNfbGlzdCUyMGRpc3BsYXlfc2luZ2xlX2Nvb2tpZXMlM0R0cnVlJTVE[\/vc_raw_html][\/vc_column][\/vc_row][vc_row][vc_column][mk_fancy_title tag_name=\u00bbh4&#8243; size=\u00bb\u00bb font_family=\u00bbnone\u00bb]Gesti\u00f3n de sus datos personales:[\/mk_fancy_title][vc_column_text css=\u00bb.vc_custom_1639402268233{margin-bottom: 0px !important;}\u00bb][\/vc_column_text][\/vc_column][\/vc_row][vc_row][vc_column][mk_fancy_title tag_name=\u00bbh4&#8243; size=\u00bb\u00bb font_family=\u00bbnone\u00bb]Cambiar la configuraci\u00f3n de las cookies:[\/mk_fancy_title][vc_raw_html el_class=\u00bbvc_btn vc_btn_juicy_pink vc_btn-juicy_pink vc_btn_lg vc_btn-lg vc_btn_square\u00bb]JTVCdWx0aW1hdGVfZ2Rwcl9jb29raWVfcG9wdXAlNURTcHIlQzMlQTF2YSUyMG5hc3RhdmVuJUMzJUFEJTIwc291Ym9yJUM1JUFGJTIwQ29va2llcyU1QiUyRnVsdGltYXRlX2dkcHJfY29va2llX3BvcHVwJTVE[\/vc_raw_html][\/vc_column][\/vc_row]\" \/>\n<meta property=\"og:url\" content=\"https:\/\/traductera.com\/es\/politica-de-cookies\/\" \/>\n<meta property=\"og:site_name\" content=\"ACP Traductera\" \/>\n<meta property=\"article:publisher\" content=\"https:\/\/www.facebook.com\/ACPtraductera\" \/>\n<meta property=\"article:modified_time\" content=\"2022-03-06T16:49:26+00:00\" \/>\n<meta property=\"og:image\" content=\"https:\/\/traductera.com\/wp-content\/uploads\/2015\/03\/logo_slider.png\" \/>\n\t<meta property=\"og:image:width\" content=\"700\" \/>\n\t<meta property=\"og:image:height\" content=\"86\" \/>\n\t<meta property=\"og:image:type\" content=\"image\/png\" \/>\n<meta name=\"twitter:card\" content=\"summary_large_image\" \/>\n<meta name=\"twitter:site\" content=\"@traductera\" \/>\n<meta name=\"twitter:label1\" content=\"Tiempo de lectura\" \/>\n\t<meta name=\"twitter:data1\" content=\"1 minuto\" \/>\n<script type=\"application\/ld+json\" class=\"yoast-schema-graph\">{\"@context\":\"https:\/\/schema.org\",\"@graph\":[{\"@type\":\"WebPage\",\"@id\":\"https:\/\/traductera.com\/es\/politica-de-cookies\/\",\"url\":\"https:\/\/traductera.com\/es\/politica-de-cookies\/\",\"name\":\"Pol\u00edtica de cookies &#8226; ACP Traductera\",\"isPartOf\":{\"@id\":\"https:\/\/traductera.com\/#website\"},\"datePublished\":\"2022-03-06T16:36:52+00:00\",\"dateModified\":\"2022-03-06T16:49:26+00:00\",\"inLanguage\":\"es\",\"potentialAction\":[{\"@type\":\"ReadAction\",\"target\":[\"https:\/\/traductera.com\/es\/politica-de-cookies\/\"]}]},{\"@type\":\"WebSite\",\"@id\":\"https:\/\/traductera.com\/#website\",\"url\":\"https:\/\/traductera.com\/\",\"name\":\"ACP Traductera\",\"description\":\"Localization Partner for your Success in Central & Eastern Europe\",\"publisher\":{\"@id\":\"https:\/\/traductera.com\/#organization\"},\"potentialAction\":[{\"@type\":\"SearchAction\",\"target\":{\"@type\":\"EntryPoint\",\"urlTemplate\":\"https:\/\/traductera.com\/?s={search_term_string}\"},\"query-input\":{\"@type\":\"PropertyValueSpecification\",\"valueRequired\":true,\"valueName\":\"search_term_string\"}}],\"inLanguage\":\"es\"},{\"@type\":\"Organization\",\"@id\":\"https:\/\/traductera.com\/#organization\",\"name\":\"ACP Traductera, a.s.\",\"url\":\"https:\/\/traductera.com\/\",\"logo\":{\"@type\":\"ImageObject\",\"inLanguage\":\"es\",\"@id\":\"https:\/\/traductera.com\/#\/schema\/logo\/image\/\",\"url\":\"https:\/\/traductera.com\/wp-content\/uploads\/2015\/03\/logo_slider.png\",\"contentUrl\":\"https:\/\/traductera.com\/wp-content\/uploads\/2015\/03\/logo_slider.png\",\"width\":700,\"height\":86,\"caption\":\"ACP Traductera, a.s.\"},\"image\":{\"@id\":\"https:\/\/traductera.com\/#\/schema\/logo\/image\/\"},\"sameAs\":[\"https:\/\/www.facebook.com\/ACPtraductera\",\"https:\/\/x.com\/traductera\",\"https:\/\/www.instagram.com\/acptraductera\/\",\"https:\/\/www.linkedin.com\/company\/acp-traductera\"]}]}<\/script>","yoast_head_json":{"title":"Pol\u00edtica de cookies &#8226; ACP Traductera","robots":{"index":"index","follow":"follow","max-snippet":"max-snippet:-1","max-image-preview":"max-image-preview:large","max-video-preview":"max-video-preview:-1"},"canonical":"https:\/\/traductera.com\/es\/politica-de-cookies\/","og_locale":"es_ES","og_type":"article","og_title":"Pol\u00edtica de cookies &#8226; ACP Traductera","og_description":"[vc_row][vc_column][mk_fancy_title size=\u00bb\u00bb font_family=\u00bbnone\u00bb]Cookies que utilizamos en nuestro sitio web:[\/mk_fancy_title][vc_raw_html]JTVCcmVuZGVyX2Nvb2tpZXNfbGlzdCUyMGRpc3BsYXlfc2luZ2xlX2Nvb2tpZXMlM0R0cnVlJTVE[\/vc_raw_html][\/vc_column][\/vc_row][vc_row][vc_column][mk_fancy_title tag_name=\u00bbh4&#8243; size=\u00bb\u00bb font_family=\u00bbnone\u00bb]Gesti\u00f3n de sus datos personales:[\/mk_fancy_title][vc_column_text css=\u00bb.vc_custom_1639402268233{margin-bottom: 0px !important;}\u00bb][\/vc_column_text][\/vc_column][\/vc_row][vc_row][vc_column][mk_fancy_title tag_name=\u00bbh4&#8243; size=\u00bb\u00bb font_family=\u00bbnone\u00bb]Cambiar la configuraci\u00f3n de las cookies:[\/mk_fancy_title][vc_raw_html el_class=\u00bbvc_btn vc_btn_juicy_pink vc_btn-juicy_pink vc_btn_lg vc_btn-lg vc_btn_square\u00bb]JTVCdWx0aW1hdGVfZ2Rwcl9jb29raWVfcG9wdXAlNURTcHIlQzMlQTF2YSUyMG5hc3RhdmVuJUMzJUFEJTIwc291Ym9yJUM1JUFGJTIwQ29va2llcyU1QiUyRnVsdGltYXRlX2dkcHJfY29va2llX3BvcHVwJTVE[\/vc_raw_html][\/vc_column][\/vc_row]","og_url":"https:\/\/traductera.com\/es\/politica-de-cookies\/","og_site_name":"ACP Traductera","article_publisher":"https:\/\/www.facebook.com\/ACPtraductera","article_modified_time":"2022-03-06T16:49:26+00:00","og_image":[{"width":700,"height":86,"url":"https:\/\/traductera.com\/wp-content\/uploads\/2015\/03\/logo_slider.png","type":"image\/png"}],"twitter_card":"summary_large_image","twitter_site":"@traductera","twitter_misc":{"Tiempo de lectura":"1 minuto"},"schema":{"@context":"https:\/\/schema.org","@graph":[{"@type":"WebPage","@id":"https:\/\/traductera.com\/es\/politica-de-cookies\/","url":"https:\/\/traductera.com\/es\/politica-de-cookies\/","name":"Pol\u00edtica de cookies &#8226; ACP Traductera","isPartOf":{"@id":"https:\/\/traductera.com\/#website"},"datePublished":"2022-03-06T16:36:52+00:00","dateModified":"2022-03-06T16:49:26+00:00","inLanguage":"es","potentialAction":[{"@type":"ReadAction","target":["https:\/\/traductera.com\/es\/politica-de-cookies\/"]}]},{"@type":"WebSite","@id":"https:\/\/traductera.com\/#website","url":"https:\/\/traductera.com\/","name":"ACP Traductera","description":"Localization Partner for your Success in Central & Eastern Europe","publisher":{"@id":"https:\/\/traductera.com\/#organization"},"potentialAction":[{"@type":"SearchAction","target":{"@type":"EntryPoint","urlTemplate":"https:\/\/traductera.com\/?s={search_term_string}"},"query-input":{"@type":"PropertyValueSpecification","valueRequired":true,"valueName":"search_term_string"}}],"inLanguage":"es"},{"@type":"Organization","@id":"https:\/\/traductera.com\/#organization","name":"ACP Traductera, a.s.","url":"https:\/\/traductera.com\/","logo":{"@type":"ImageObject","inLanguage":"es","@id":"https:\/\/traductera.com\/#\/schema\/logo\/image\/","url":"https:\/\/traductera.com\/wp-content\/uploads\/2015\/03\/logo_slider.png","contentUrl":"https:\/\/traductera.com\/wp-content\/uploads\/2015\/03\/logo_slider.png","width":700,"height":86,"caption":"ACP Traductera, a.s."},"image":{"@id":"https:\/\/traductera.com\/#\/schema\/logo\/image\/"},"sameAs":["https:\/\/www.facebook.com\/ACPtraductera","https:\/\/x.com\/traductera","https:\/\/www.instagram.com\/acptraductera\/","https:\/\/www.linkedin.com\/company\/acp-traductera"]}]}},"_links":{"self":[{"href":"https:\/\/traductera.com\/es\/wp-json\/wp\/v2\/pages\/24786","targetHints":{"allow":["GET"]}}],"collection":[{"href":"https:\/\/traductera.com\/es\/wp-json\/wp\/v2\/pages"}],"about":[{"href":"https:\/\/traductera.com\/es\/wp-json\/wp\/v2\/types\/page"}],"author":[{"embeddable":true,"href":"https:\/\/traductera.com\/es\/wp-json\/wp\/v2\/users\/3"}],"replies":[{"embeddable":true,"href":"https:\/\/traductera.com\/es\/wp-json\/wp\/v2\/comments?post=24786"}],"version-history":[{"count":0,"href":"https:\/\/traductera.com\/es\/wp-json\/wp\/v2\/pages\/24786\/revisions"}],"wp:attachment":[{"href":"https:\/\/traductera.com\/es\/wp-json\/wp\/v2\/media?parent=24786"}],"curies":[{"name":"wp","href":"https:\/\/api.w.org\/{rel}","templated":true}]}}