{"id":2805,"date":"2015-06-04T23:57:30","date_gmt":"2015-06-04T21:57:30","guid":{"rendered":"\/\/traductera.com\/?page_id=2805"},"modified":"2024-05-29T12:11:17","modified_gmt":"2024-05-29T10:11:17","slug":"idiomas","status":"publish","type":"page","link":"https:\/\/traductera.com\/es\/idiomas\/","title":{"rendered":"Idiomas"},"content":{"rendered":"<div class=\"wpb-content-wrapper\">[mk_page_section bg_image=\u00bb\/\/traductera.com\/wp-content\/uploads\/2015\/03\/doktori1.jpg\u00bb attachment=\u00bbfixed\u00bb bg_position=\u00bbcenter center\u00bb bg_repeat=\u00bbno-repeat\u00bb bg_stretch=\u00bbtrue\u00bb top_shadow=\u00bbtrue\u00bb min_height=\u00bb400&#8243; padding_top=\u00bb0&#8243; padding_bottom=\u00bb0&#8243; section_id=\u00bblide\u00bb sidebar=\u00bbsidebar-1&#8243; first_page=\u00bbtrue\u00bb last_page=\u00bbtrue\u00bb][vc_column][vc_empty_space height=\u00bb200px\u00bb][vc_column_text align=\u00bbcenter\u00bb animation=\u00bbtop-to-bottom\u00bb css=\u00bb.vc_custom_1716977489417{margin-bottom: 0px !important;}\u00bb]\n<h1 style=\"text-align: center;\"><span style=\"color: #333333;\">357.047.921<\/span> <span style=\"color: #333333;\">de palabras <\/span><\/h1>\n<h1 style=\"text-align: center;\"><span style=\"color: #333333;\">traducidas<\/span><\/h1>\n[\/vc_column_text][vc_empty_space height=\u00bb100px\u00bb][vc_empty_space height=\u00bb100px\u00bb][\/vc_column][\/mk_page_section][mk_page_section bg_color=\u00bb#ffffff\u00bb enable_3d=\u00bbtrue\u00bb padding_top=\u00bb0&#8243; padding_bottom=\u00bb0&#8243; el_class=\u00bbsl_back_01&#8243; sidebar=\u00bbsidebar-1&#8243; first_page=\u00bbfalse\u00bb last_page=\u00bbfalse\u00bb][vc_column][vc_empty_space height=\u00bb30px\u00bb][vc_column_text align=\u00bbcenter\u00bb]\n<h2 style=\"text-align: center;\">Idiomas<\/h2>\n[\/vc_column_text][mk_divider style=\u00bbthin_solid\u00bb divider_width=\u00bbcustom_width\u00bb custom_width=\u00bb100&#8243; thickness=\u00bb2&#8243; margin_bottom=\u00bb50&#8243;][vc_row_inner][vc_column_inner][vc_column_text el_class=\u00bbid=\u00abpreklady\u00ab\u00bb css=\u00bb.vc_custom_1716977509112{margin-bottom: 0px !important;}\u00bb]\n<h6>Nos especializamos en brindar servicios de traducci\u00f3n y localizaci\u00f3n a&nbsp;los idiomas de Europa Central y del Este. Los principales idiomas de origen con los que trabajamos son los siguientes: ingl\u00e9s, alem\u00e1n, espa\u00f1ol, franc\u00e9s y otros idiomas de Europa Occidental, aunando de este modo la totalidad del continente europeo. Disponemos de un amplio equipo compuesto por m\u00e1s de 1&nbsp;500 traductores profesionales con amplia experiencia y conocimientos espec\u00edficos de sus campos de especializaci\u00f3n, de modo que podemos ofrecer alrededor de 3000 combinaciones de idiomas.<\/h6>\n[\/vc_column_text][\/vc_column_inner][\/vc_row_inner][vc_empty_space][\/vc_column][\/mk_page_section][mk_page_section bg_image=\u00bb\/\/traductera.com\/wp-content\/uploads\/2015\/03\/doktori1.jpg\u00bb attachment=\u00bbfixed\u00bb bg_position=\u00bbcenter center\u00bb bg_repeat=\u00bbno-repeat\u00bb bg_stretch=\u00bbtrue\u00bb speed_factor=\u00bb0.7&#8243; video_mask=\u00bbtrue\u00bb video_color_mask=\u00bb#2d2d2d\u00bb video_opacity=\u00bb0.8&#8243; sidebar=\u00bbsidebar-1&#8243; first_page=\u00bbfalse\u00bb last_page=\u00bbfalse\u00bb][vc_column][vc_tabs style=\u00bbsimple\u00bb container_bg_color=\u00bbrgba(255,255,255,0.01)\u00bb][vc_tab title=\u00bbLista de los idiomas de origen y destino\u00bb tab_id=\u00bb1426002694-1-67&#8243;][vc_empty_space][vc_row_inner][vc_column_inner width=\u00bb1\/6&#8243;][vc_column_text]\n<h6 style=\"text-align: right;\"><span style=\"color: #ffffff;\">Alem\u00e1n<\/span><\/h6>\n<h6 style=\"text-align: right;\"><span style=\"color: #ffffff;\">Dan\u00e9s<\/span><\/h6>\n<h6 style=\"text-align: right;\"><span style=\"color: #ffffff;\">Espa\u00f1ol<\/span><\/h6>\n<h6 style=\"text-align: right;\"><span style=\"color: #ffffff;\">Franc\u00e9s<\/span><\/h6>\n<h6 style=\"text-align: right;\"><span style=\"color: #ffffff;\">Griego<\/span><\/h6>\n<h6 style=\"text-align: right;\"><span style=\"color: #ffffff;\">Holand\u00e9s<\/span><\/h6>\n[\/vc_column_text][\/vc_column_inner][vc_column_inner width=\u00bb1\/6&#8243;][vc_column_text]\n<h6 style=\"text-align: right;\"><span style=\"color: #ffffff;\">Ingl\u00e9s<\/span><\/h6>\n<h6 style=\"text-align: right;\"><span style=\"color: #ffffff;\">Italiano<\/span><\/h6>\n<h6 style=\"text-align: right;\"><span style=\"color: #ffffff;\">Japon\u00e9s<\/span><\/h6>\n<h6 style=\"text-align: right;\"><span style=\"color: #ffffff;\">Noruego<\/span><\/h6>\n<h6 style=\"text-align: right;\"><span style=\"color: #ffffff;\">Portugu\u00e9s<\/span><\/h6>\n<h6 style=\"text-align: right;\"><span style=\"color: #ffffff;\">Sueco<\/span><\/h6>\n[\/vc_column_text][\/vc_column_inner][vc_column_inner width=\u00bb1\/6&#8243;][mk_font_icons icon=\u00bbmk-icon-random\u00bb color=\u00bb#ffffff\u00bb size=\u00bbx-large\u00bb margin_horizental=\u00bb0&#8243; margin_vertical=\u00bb0&#8243; align=\u00bbcenter\u00bb][vc_empty_space][vc_column_text animation=\u00bbright-to-left\u00bb]\n<h5 style=\"text-align: center;\"><span style=\"color: #ffffff;\">&lt;&lt; \u00a0Idiomas de origen<\/span><\/h5>\n[\/vc_column_text][vc_separator el_width=\u00bb70&#8243;][vc_column_text margin_bottom=\u00bb-30&#8243; animation=\u00bbright-to-left\u00bb el_class=\u00bbtext_source\u00bb]\n<h5 style=\"text-align: center;\"><span style=\"color: #ffffff;\">Idiomas de destino<\/span><\/h5>\n[\/vc_column_text][\/vc_column_inner][vc_column_inner width=\u00bb1\/6&#8243;][vc_column_text animation=\u00bbright-to-left\u00bb]\n<h6 style=\"text-align: left;\"><span style=\"color: #ffffff;\">Alban\u00e9s<\/span><\/h6>\n<h6 style=\"text-align: left;\"><span style=\"color: #ffffff;\">Armenio<\/span><\/h6>\n<h6 style=\"text-align: left;\"><span style=\"color: #ffffff;\">Bielorruso<\/span><\/h6>\n<h6 style=\"text-align: left;\"><span style=\"color: #ffffff;\">Bosnio<\/span><\/h6>\n<h6 style=\"text-align: left;\"><span style=\"color: #ffffff;\">B\u00falgaro<\/span><\/h6>\n<h6 style=\"text-align: left;\"><span style=\"color: #ffffff;\">Checo<\/span><\/h6>\n<h6 style=\"text-align: left;\"><span style=\"color: #ffffff;\">Croata<\/span><\/h6>\n<h6 style=\"text-align: left;\"><span style=\"color: #ffffff;\">Eslovaco<\/span><\/h6>\n[\/vc_column_text][\/vc_column_inner][vc_column_inner width=\u00bb1\/6&#8243;][vc_column_text animation=\u00bbright-to-left\u00bb]\n<h6><span style=\"color: #ffffff;\">Esloveno<\/span><\/h6>\n<h6><span style=\"color: #ffffff;\">Estonio<\/span><\/h6>\n<h6><span style=\"color: #ffffff;\">Georgiano<\/span><\/h6>\n<h6><span style=\"color: #ffffff;\">Griego<\/span><\/h6>\n<h6><span style=\"color: #ffffff;\">H\u00fangaro<\/span><\/h6>\n<h6><span style=\"color: #ffffff;\">Kazajo<\/span><\/h6>\n<h6><span style=\"color: #ffffff;\">Let\u00f3n<\/span><\/h6>\n[\/vc_column_text][\/vc_column_inner][vc_column_inner width=\u00bb1\/6&#8243;][vc_column_text animation=\u00bbright-to-left\u00bb]\n<h6><span style=\"color: #ffffff;\">Lituano<\/span><\/h6>\n<h6><span style=\"color: #ffffff;\">Macedonio<\/span><\/h6>\n<h6><span style=\"color: #ffffff;\">Montenegrino<\/span><\/h6>\n<h6><span style=\"color: #ffffff;\">Polaco<\/span><\/h6>\n<h6><span style=\"color: #ffffff;\">Rumano<\/span><\/h6>\n<h6><span style=\"color: #ffffff;\">Ruso<\/span><\/h6>\n<h6><span style=\"color: #ffffff;\">Serbio<\/span><\/h6>\n<h6><span style=\"color: #ffffff;\">Turco<\/span><\/h6>\n<h6><span style=\"color: #ffffff;\">Ucraniano<\/span><\/h6>\n[\/vc_column_text][\/vc_column_inner][\/vc_row_inner][vc_empty_space height=\u00bb30px\u00bb][\/vc_tab][\/vc_tabs][vc_separator color=\u00bbcustom\u00bb accent_color=\u00bb#545454&#8243;][vc_row_inner][vc_column_inner width=\u00bb1\/3&#8243;][vc_column_text]\n<h6><span style=\"color: #ffffff;\"> M\u00e1s informaci\u00f3n <\/span> <span style=\"color: #ffffff;\">&#8211; haga clic en lenguas particulares:<\/span><\/h6>\n[\/vc_column_text][\/vc_column_inner][vc_column_inner width=\u00bb2\/3&#8243;][mk_toggle style=\u00bbfancy\u00bb title=\u00bbCZ\u00bb]\n<h6>Hemos traducido xx millones de palabras del \/ al checo.\u00a0Trabajamos con m\u00e1s de xx ling\u00fcistas especializados en traducciones desde \/ al checo.<\/h6>\n<h6>Traducimos textos en su mayor\u00eda m\u00e9dicos y t\u00e9cnicos. Descubra nuestras especialidades siguiendo este <a href=\"\/?page_id=2811&amp;lang=es\"><strong>enlace<\/strong><\/a>.<\/h6>\n[\/mk_toggle][mk_toggle style=\u00bbfancy\u00bb title=\u00bbENG\u00bb]\n<h6>Hemos traducido xx millones de palabras del \/ ingl\u00e9s.\u00a0Trabajamos con m\u00e1s de xx ling\u00fcistas especializados en traducciones desde \/ ingl\u00e9s.<\/h6>\n<h6>Traducimos textos en su mayor\u00eda m\u00e9dicos y t\u00e9cnicos. Descubra nuestras especialidades siguiendo este <a href=\"\/?page_id=2811&amp;lang=es\"><strong>enlace<\/strong><\/a>.<\/h6>\n[\/mk_toggle][mk_toggle style=\u00bbfancy\u00bb title=\u00bbDE\u00bb]\n<h6>Hemos traducido xx millones de palabras del \/ alem\u00e1n. Trabajamos con m\u00e1s de xx ling\u00fcistas especializados en traducciones desde \/ alem\u00e1n.<\/h6>\n<h6>Traducimos textos en su mayor\u00eda m\u00e9dicos y t\u00e9cnicos. Descubra nuestras especialidades siguiendo este <a href=\"\/?page_id=2811&amp;lang=es\"><strong>enlace<\/strong><\/a>.<\/h6>\n[\/mk_toggle][mk_toggle style=\u00bbfancy\u00bb title=\u00bbFR\u00bb]\n<h6>Hemos traducido xx millones de palabras del \/ franc\u00e9s.\u00a0Trabajamos con m\u00e1s de xx ling\u00fcistas especializados en traducciones desde \/ franc\u00e9s.<\/h6>\n<h6>Traducimos textos en su mayor\u00eda m\u00e9dicos y t\u00e9cnicos. Descubra nuestras especialidades siguiendo este <a href=\"\/?page_id=2811&amp;lang=es\"><strong>enlace<\/strong><\/a>.<\/h6>\n[\/mk_toggle][mk_toggle style=\u00bbfancy\u00bb title=\u00bbES\u00bb]\n<h6>Hemos traducido xx millones de palabras del \/ espa\u00f1ol.\u00a0Trabajamos con m\u00e1s de xx ling\u00fcistas especializados en traducciones desde \/ espa\u00f1ol.<\/h6>\n<h6>Traducimos textos en su mayor\u00eda m\u00e9dicos y t\u00e9cnicos. Descubra nuestras especialidades siguiendo este <a href=\"\/?page_id=2811&amp;lang=es\"><strong>enlace<\/strong><\/a>.<\/h6>\n[\/mk_toggle][\/vc_column_inner][\/vc_row_inner][\/vc_column][\/mk_page_section][mk_page_section bg_image=\u00bb\/\/traductera.com\/wp-content\/uploads\/2015\/03\/doktori1.jpg\u00bb attachment=\u00bbfixed\u00bb bg_position=\u00bbcenter center\u00bb bg_repeat=\u00bbno-repeat\u00bb bg_stretch=\u00bbtrue\u00bb speed_factor=\u00bb0.7&#8243; video_mask=\u00bbtrue\u00bb video_color_mask=\u00bb#2d2d2d\u00bb video_opacity=\u00bb0.8&#8243; sidebar=\u00bbsidebar-1&#8243; first_page=\u00bbfalse\u00bb last_page=\u00bbfalse\u00bb][vc_column][vc_empty_space height=\u00bb30px\u00bb][vc_separator color=\u00bbblack\u00bb][vc_row_inner][vc_column_inner width=\u00bb2\/3&#8243;][\/vc_column_inner][vc_column_inner width=\u00bb1\/3&#8243;][vc_button2 title=\u00bbContacto \/ Solicitar presupuesto\u00bb align=\u00bbright\u00bb style=\u00bbsquare\u00bb color=\u00bbjuicy_pink\u00bb size=\u00bblg\u00bb link=\u00bburl:https%3A%2F%2Ftraductera.com%2Fes%2Fsolicitar-presupuesto%2F||target:%20_blank|\u00bb][\/vc_column_inner][\/vc_row_inner][vc_empty_space height=\u00bb50px\u00bb][\/vc_column][\/mk_page_section]\n<\/div>","protected":false},"excerpt":{"rendered":"<p>[mk_page_section bg_image=\u00bb\/\/traductera.com\/wp-content\/uploads\/2015\/03\/doktori1.jpg\u00bb attachment=\u00bbfixed\u00bb bg_position=\u00bbcenter center\u00bb bg_repeat=\u00bbno-repeat\u00bb bg_stretch=\u00bbtrue\u00bb top_shadow=\u00bbtrue\u00bb min_height=\u00bb400&#8243; padding_top=\u00bb0&#8243; padding_bottom=\u00bb0&#8243; section_id=\u00bblide\u00bb sidebar=\u00bbsidebar-1&#8243; first_page=\u00bbtrue\u00bb last_page=\u00bbtrue\u00bb][vc_column][vc_empty_space height=\u00bb200px\u00bb][vc_column_text align=\u00bbcenter\u00bb animation=\u00bbtop-to-bottom\u00bb css=\u00bb.vc_custom_1716977489417{margin-bottom: 0px !important;}\u00bb] 357.047.921 de palabras traducidas [\/vc_column_text][vc_empty_space height=\u00bb100px\u00bb][vc_empty_space height=\u00bb100px\u00bb][\/vc_column][\/mk_page_section][mk_page_section bg_color=\u00bb#ffffff\u00bb enable_3d=\u00bbtrue\u00bb padding_top=\u00bb0&#8243; padding_bottom=\u00bb0&#8243; el_class=\u00bbsl_back_01&#8243; sidebar=\u00bbsidebar-1&#8243; first_page=\u00bbfalse\u00bb last_page=\u00bbfalse\u00bb][vc_column][vc_empty_space height=\u00bb30px\u00bb][vc_column_text align=\u00bbcenter\u00bb] Idiomas [\/vc_column_text][mk_divider style=\u00bbthin_solid\u00bb divider_width=\u00bbcustom_width\u00bb custom_width=\u00bb100&#8243; thickness=\u00bb2&#8243; margin_bottom=\u00bb50&#8243;][vc_row_inner][vc_column_inner][vc_column_text el_class=\u00bbid=\u00abpreklady\u00ab\u00bb css=\u00bb.vc_custom_1716977509112{margin-bottom: 0px !important;}\u00bb] Nos especializamos en brindar servicios de [&hellip;]<\/p>\n","protected":false},"author":1,"featured_media":0,"parent":0,"menu_order":0,"comment_status":"open","ping_status":"closed","template":"","meta":{"_acf_changed":false,"_monsterinsights_skip_tracking":false,"_monsterinsights_sitenote_active":false,"_monsterinsights_sitenote_note":"","_monsterinsights_sitenote_category":0,"footnotes":""},"class_list":["post-2805","page","type-page","status-publish","hentry"],"acf":[],"yoast_head":"<title>Idiomas &#8226; ACP Traductera<\/title>\n<meta name=\"robots\" content=\"index, follow, max-snippet:-1, max-image-preview:large, max-video-preview:-1\" \/>\n<link rel=\"canonical\" href=\"https:\/\/traductera.com\/languages\/\" \/>\n<meta property=\"og:locale\" content=\"es_ES\" \/>\n<meta property=\"og:type\" content=\"article\" \/>\n<meta property=\"og:title\" content=\"Idiomas &#8226; ACP Traductera\" \/>\n<meta property=\"og:description\" content=\"[mk_page_section bg_image=\u00bb\/\/traductera.com\/wp-content\/uploads\/2015\/03\/doktori1.jpg\u00bb attachment=\u00bbfixed\u00bb bg_position=\u00bbcenter center\u00bb bg_repeat=\u00bbno-repeat\u00bb bg_stretch=\u00bbtrue\u00bb top_shadow=\u00bbtrue\u00bb min_height=\u00bb400&#8243; padding_top=\u00bb0&#8243; padding_bottom=\u00bb0&#8243; section_id=\u00bblide\u00bb sidebar=\u00bbsidebar-1&#8243; first_page=\u00bbtrue\u00bb last_page=\u00bbtrue\u00bb][vc_column][vc_empty_space height=\u00bb200px\u00bb][vc_column_text align=\u00bbcenter\u00bb animation=\u00bbtop-to-bottom\u00bb css=\u00bb.vc_custom_1716977489417{margin-bottom: 0px !important;}\u00bb] 357.047.921 de palabras traducidas [\/vc_column_text][vc_empty_space height=\u00bb100px\u00bb][vc_empty_space height=\u00bb100px\u00bb][\/vc_column][\/mk_page_section][mk_page_section bg_color=\u00bb#ffffff\u00bb enable_3d=\u00bbtrue\u00bb padding_top=\u00bb0&#8243; padding_bottom=\u00bb0&#8243; el_class=\u00bbsl_back_01&#8243; sidebar=\u00bbsidebar-1&#8243; first_page=\u00bbfalse\u00bb last_page=\u00bbfalse\u00bb][vc_column][vc_empty_space height=\u00bb30px\u00bb][vc_column_text align=\u00bbcenter\u00bb] Idiomas [\/vc_column_text][mk_divider style=\u00bbthin_solid\u00bb divider_width=\u00bbcustom_width\u00bb custom_width=\u00bb100&#8243; thickness=\u00bb2&#8243; margin_bottom=\u00bb50&#8243;][vc_row_inner][vc_column_inner][vc_column_text el_class=\u00bbid=\u00abpreklady\u00ab\u00bb css=\u00bb.vc_custom_1716977509112{margin-bottom: 0px !important;}\u00bb] Nos especializamos en brindar servicios de [&hellip;]\" \/>\n<meta property=\"og:url\" content=\"https:\/\/traductera.com\/languages\/\" \/>\n<meta property=\"og:site_name\" content=\"ACP Traductera\" \/>\n<meta property=\"article:publisher\" content=\"https:\/\/www.facebook.com\/ACPtraductera\" \/>\n<meta property=\"article:modified_time\" content=\"2024-05-29T10:11:17+00:00\" \/>\n<meta property=\"og:image\" content=\"https:\/\/traductera.com\/wp-content\/uploads\/2015\/02\/doktori.jpg\" \/>\n<meta name=\"twitter:card\" content=\"summary_large_image\" \/>\n<meta name=\"twitter:image\" content=\"https:\/\/traductera.com\/wp-content\/uploads\/2015\/02\/doktori.jpg\" \/>\n<meta name=\"twitter:site\" content=\"@traductera\" \/>\n<meta name=\"twitter:label1\" content=\"Tiempo de lectura\" \/>\n\t<meta name=\"twitter:data1\" content=\"5 minutos\" \/>\n<script type=\"application\/ld+json\" class=\"yoast-schema-graph\">{\"@context\":\"https:\/\/schema.org\",\"@graph\":[{\"@type\":\"WebPage\",\"@id\":\"https:\/\/traductera.com\/languages\/\",\"url\":\"https:\/\/traductera.com\/languages\/\",\"name\":\"Idiomas &#8226; ACP Traductera\",\"isPartOf\":{\"@id\":\"https:\/\/traductera.com\/#website\"},\"datePublished\":\"2015-06-04T21:57:30+00:00\",\"dateModified\":\"2024-05-29T10:11:17+00:00\",\"inLanguage\":\"es\",\"potentialAction\":[{\"@type\":\"ReadAction\",\"target\":[\"https:\/\/traductera.com\/languages\/\"]}]},{\"@type\":\"WebSite\",\"@id\":\"https:\/\/traductera.com\/#website\",\"url\":\"https:\/\/traductera.com\/\",\"name\":\"ACP Traductera\",\"description\":\"Localization Partner for your Success in Central & Eastern Europe\",\"publisher\":{\"@id\":\"https:\/\/traductera.com\/#organization\"},\"potentialAction\":[{\"@type\":\"SearchAction\",\"target\":{\"@type\":\"EntryPoint\",\"urlTemplate\":\"https:\/\/traductera.com\/?s={search_term_string}\"},\"query-input\":{\"@type\":\"PropertyValueSpecification\",\"valueRequired\":true,\"valueName\":\"search_term_string\"}}],\"inLanguage\":\"es\"},{\"@type\":\"Organization\",\"@id\":\"https:\/\/traductera.com\/#organization\",\"name\":\"ACP Traductera, a.s.\",\"url\":\"https:\/\/traductera.com\/\",\"logo\":{\"@type\":\"ImageObject\",\"inLanguage\":\"es\",\"@id\":\"https:\/\/traductera.com\/#\/schema\/logo\/image\/\",\"url\":\"https:\/\/traductera.com\/wp-content\/uploads\/2015\/03\/logo_slider.png\",\"contentUrl\":\"https:\/\/traductera.com\/wp-content\/uploads\/2015\/03\/logo_slider.png\",\"width\":700,\"height\":86,\"caption\":\"ACP Traductera, a.s.\"},\"image\":{\"@id\":\"https:\/\/traductera.com\/#\/schema\/logo\/image\/\"},\"sameAs\":[\"https:\/\/www.facebook.com\/ACPtraductera\",\"https:\/\/x.com\/traductera\",\"https:\/\/www.instagram.com\/acptraductera\/\",\"https:\/\/www.linkedin.com\/company\/acp-traductera\"]}]}<\/script>","yoast_head_json":{"title":"Idiomas &#8226; ACP Traductera","robots":{"index":"index","follow":"follow","max-snippet":"max-snippet:-1","max-image-preview":"max-image-preview:large","max-video-preview":"max-video-preview:-1"},"canonical":"https:\/\/traductera.com\/languages\/","og_locale":"es_ES","og_type":"article","og_title":"Idiomas &#8226; ACP Traductera","og_description":"[mk_page_section bg_image=\u00bb\/\/traductera.com\/wp-content\/uploads\/2015\/03\/doktori1.jpg\u00bb attachment=\u00bbfixed\u00bb bg_position=\u00bbcenter center\u00bb bg_repeat=\u00bbno-repeat\u00bb bg_stretch=\u00bbtrue\u00bb top_shadow=\u00bbtrue\u00bb min_height=\u00bb400&#8243; padding_top=\u00bb0&#8243; padding_bottom=\u00bb0&#8243; section_id=\u00bblide\u00bb sidebar=\u00bbsidebar-1&#8243; first_page=\u00bbtrue\u00bb last_page=\u00bbtrue\u00bb][vc_column][vc_empty_space height=\u00bb200px\u00bb][vc_column_text align=\u00bbcenter\u00bb animation=\u00bbtop-to-bottom\u00bb css=\u00bb.vc_custom_1716977489417{margin-bottom: 0px !important;}\u00bb] 357.047.921 de palabras traducidas [\/vc_column_text][vc_empty_space height=\u00bb100px\u00bb][vc_empty_space height=\u00bb100px\u00bb][\/vc_column][\/mk_page_section][mk_page_section bg_color=\u00bb#ffffff\u00bb enable_3d=\u00bbtrue\u00bb padding_top=\u00bb0&#8243; padding_bottom=\u00bb0&#8243; el_class=\u00bbsl_back_01&#8243; sidebar=\u00bbsidebar-1&#8243; first_page=\u00bbfalse\u00bb last_page=\u00bbfalse\u00bb][vc_column][vc_empty_space height=\u00bb30px\u00bb][vc_column_text align=\u00bbcenter\u00bb] Idiomas [\/vc_column_text][mk_divider style=\u00bbthin_solid\u00bb divider_width=\u00bbcustom_width\u00bb custom_width=\u00bb100&#8243; thickness=\u00bb2&#8243; margin_bottom=\u00bb50&#8243;][vc_row_inner][vc_column_inner][vc_column_text el_class=\u00bbid=\u00abpreklady\u00ab\u00bb css=\u00bb.vc_custom_1716977509112{margin-bottom: 0px !important;}\u00bb] Nos especializamos en brindar servicios de [&hellip;]","og_url":"https:\/\/traductera.com\/languages\/","og_site_name":"ACP Traductera","article_publisher":"https:\/\/www.facebook.com\/ACPtraductera","article_modified_time":"2024-05-29T10:11:17+00:00","og_image":[{"url":"https:\/\/traductera.com\/wp-content\/uploads\/2015\/02\/doktori.jpg","type":"","width":"","height":""}],"twitter_card":"summary_large_image","twitter_image":"https:\/\/traductera.com\/wp-content\/uploads\/2015\/02\/doktori.jpg","twitter_site":"@traductera","twitter_misc":{"Tiempo de lectura":"5 minutos"},"schema":{"@context":"https:\/\/schema.org","@graph":[{"@type":"WebPage","@id":"https:\/\/traductera.com\/languages\/","url":"https:\/\/traductera.com\/languages\/","name":"Idiomas &#8226; ACP Traductera","isPartOf":{"@id":"https:\/\/traductera.com\/#website"},"datePublished":"2015-06-04T21:57:30+00:00","dateModified":"2024-05-29T10:11:17+00:00","inLanguage":"es","potentialAction":[{"@type":"ReadAction","target":["https:\/\/traductera.com\/languages\/"]}]},{"@type":"WebSite","@id":"https:\/\/traductera.com\/#website","url":"https:\/\/traductera.com\/","name":"ACP Traductera","description":"Localization Partner for your Success in Central & Eastern Europe","publisher":{"@id":"https:\/\/traductera.com\/#organization"},"potentialAction":[{"@type":"SearchAction","target":{"@type":"EntryPoint","urlTemplate":"https:\/\/traductera.com\/?s={search_term_string}"},"query-input":{"@type":"PropertyValueSpecification","valueRequired":true,"valueName":"search_term_string"}}],"inLanguage":"es"},{"@type":"Organization","@id":"https:\/\/traductera.com\/#organization","name":"ACP Traductera, a.s.","url":"https:\/\/traductera.com\/","logo":{"@type":"ImageObject","inLanguage":"es","@id":"https:\/\/traductera.com\/#\/schema\/logo\/image\/","url":"https:\/\/traductera.com\/wp-content\/uploads\/2015\/03\/logo_slider.png","contentUrl":"https:\/\/traductera.com\/wp-content\/uploads\/2015\/03\/logo_slider.png","width":700,"height":86,"caption":"ACP Traductera, a.s."},"image":{"@id":"https:\/\/traductera.com\/#\/schema\/logo\/image\/"},"sameAs":["https:\/\/www.facebook.com\/ACPtraductera","https:\/\/x.com\/traductera","https:\/\/www.instagram.com\/acptraductera\/","https:\/\/www.linkedin.com\/company\/acp-traductera"]}]}},"_links":{"self":[{"href":"https:\/\/traductera.com\/es\/wp-json\/wp\/v2\/pages\/2805","targetHints":{"allow":["GET"]}}],"collection":[{"href":"https:\/\/traductera.com\/es\/wp-json\/wp\/v2\/pages"}],"about":[{"href":"https:\/\/traductera.com\/es\/wp-json\/wp\/v2\/types\/page"}],"author":[{"embeddable":true,"href":"https:\/\/traductera.com\/es\/wp-json\/wp\/v2\/users\/1"}],"replies":[{"embeddable":true,"href":"https:\/\/traductera.com\/es\/wp-json\/wp\/v2\/comments?post=2805"}],"version-history":[{"count":0,"href":"https:\/\/traductera.com\/es\/wp-json\/wp\/v2\/pages\/2805\/revisions"}],"wp:attachment":[{"href":"https:\/\/traductera.com\/es\/wp-json\/wp\/v2\/media?parent=2805"}],"curies":[{"name":"wp","href":"https:\/\/api.w.org\/{rel}","templated":true}]}}