{"id":2815,"date":"2015-06-05T00:20:50","date_gmt":"2015-06-04T22:20:50","guid":{"rendered":"\/\/traductera.com\/?page_id=2815"},"modified":"2025-03-31T15:03:32","modified_gmt":"2025-03-31T13:03:32","slug":"acerca-de-nosotros","status":"publish","type":"page","link":"https:\/\/traductera.com\/es\/acerca-de-nosotros\/","title":{"rendered":"Acerca de nosotros"},"content":{"rendered":"<div class=\"wpb-content-wrapper\">[mk_page_section bg_image=\u00bb\/\/traductera.com\/wp-content\/uploads\/2017\/05\/traductera-about-us-bg.jpg\u00bb attachment=\u00bbfixed\u00bb bg_position=\u00bbleft center\u00bb bg_repeat=\u00bbno-repeat\u00bb bg_stretch=\u00bbtrue\u00bb video_color_mask=\u00bb#000000&#8243; video_opacity=\u00bb0.1&#8243; top_shadow=\u00bbtrue\u00bb min_height=\u00bb600&#8243; full_width=\u00bbtrue\u00bb padding_top=\u00bb0&#8243; padding_bottom=\u00bb0&#8243; sidebar=\u00bbsidebar-1&#8243; first_page=\u00bbtrue\u00bb last_page=\u00bbtrue\u00bb][vc_column][vc_empty_space height=\u00bb250px\u00bb][vc_column_text align=\u00bbcenter\u00bb]\n<h1 style=\"text-align: center;\"><span style=\"color: #ffffff;\">ACP Traductera ha recibido<\/span><\/h1>\n<h1 style=\"text-align: center;\"><span style=\"color: #ffffff;\">el certificado correspondiente<\/span><\/h1>\n<h1 style=\"text-align: center;\"><span style=\"color: #ffffff;\">a la norma ISO 17100<\/span><\/h1>\n[\/vc_column_text][vc_empty_space height=\u00bb40px\u00bb][\/vc_column][\/mk_page_section][mk_page_section attachment=\u00bbfixed\u00bb bg_position=\u00bbcenter center\u00bb bg_repeat=\u00bbno-repeat\u00bb bg_stretch=\u00bbtrue\u00bb top_shadow=\u00bbtrue\u00bb min_height=\u00bb0&#8243; padding_top=\u00bb0&#8243; padding_bottom=\u00bb0&#8243; sidebar=\u00bbsidebar-1&#8243; first_page=\u00bbtrue\u00bb last_page=\u00bbtrue\u00bb][vc_column][vc_empty_space height=\u00bb80px\u00bb][vc_column_text align=\u00bbcenter\u00bb]\n<h2 style=\"text-align: center;\">ACP Traductera es una agencia de traducci\u00f3n con sede en la Rep\u00fablica Checa.<\/h2>\n[\/vc_column_text][vc_empty_space height=\u00bb30px\u00bb][vc_separator][\/vc_column][\/mk_page_section][mk_page_section bg_color=\u00bb#ffffff\u00bb attachment=\u00bbfixed\u00bb bg_position=\u00bbcenter center\u00bb bg_repeat=\u00bbno-repeat\u00bb video_color_mask=\u00bb#ffffff\u00bb video_opacity=\u00bb0.8&#8243; padding_top=\u00bb0&#8243; padding_bottom=\u00bb0&#8243; section_id=\u00bbid=\u00abpreklady\u00ab\u00bb el_class=\u00bbsl_back_01&#8243; sidebar=\u00bbsidebar-1&#8243; first_page=\u00bbfalse\u00bb last_page=\u00bbfalse\u00bb][vc_column][vc_empty_space height=\u00bb30px\u00bb][vc_row_inner][vc_column_inner width=\u00bb1\/2&#8243;][vc_column_text]\n<h6><span style=\"color: #000000;\">[mk_dropcaps content=\u00bbN\u00bb style=\u00bbfancy-style\u00bb width=\u00bb1\/1&#8243; el_position=\u00bbfirst last\u00bb]<\/span>os especializamos en brindar servicios de traducci\u00f3n y localizaci\u00f3n de calidad a&nbsp;los idiomas de Europa Central y del Este en una amplia variedad de sectores de especializaci\u00f3n. Nuestra posici\u00f3n \u00fanica nos permite acercar Europa Occidental al resto del continente europeo.<\/h6>\n[\/vc_column_text][vc_separator color=\u00bbcustom\u00bb accent_color=\u00bb#d6d6d6&#8243;][vc_column_text]\n<h6><span style=\"color: #000000;\">[mk_dropcaps content=\u00bbN\u00bb style=\u00bbfancy-style\u00bb width=\u00bb1\/1&#8243; el_position=\u00bbfirst last\u00bb]<\/span>uestro objetivo principal consiste en satisfacer al cliente. Por ello, tratamos a&nbsp;cada uno de nuestros clientes de manera individual y nos esforzamos constantemente en establecer una relaci\u00f3n estrecha basada en la comunicaci\u00f3n, que nos permite conocer sus necesidades y requisitos espec\u00edficos, y de ese modo encontrar la soluci\u00f3n m\u00e1s conveniente para su proyecto; todo esto gracias a&nbsp;nuestros m\u00e9todos de trabajo flexibles.<\/h6>\n[\/vc_column_text][vc_separator color=\u00bbcustom\u00bb accent_color=\u00bb#d6d6d6&#8243;][\/vc_column_inner][vc_column_inner width=\u00bb1\/2&#8243;][vc_column_text]\n<h6><span style=\"color: #000000;\">[mk_dropcaps content=\u00bbN\u00bb style=\u00bbfancy-style\u00bb width=\u00bb1\/1&#8243; el_position=\u00bbfirst last\u00bb]\u00a0<\/span>uestra completa gama de servicios est\u00e1 dirigida a&nbsp;satisfacer las necesidades m\u00e1s exigentes de todo tipo de clientes, ya sea que se trate de empresas multinacionales, inversores extranjeros, pymes u&nbsp;otras agencias de traducci\u00f3n y proveedores de soluciones ling\u00fc\u00edsticas.<\/h6>\n[\/vc_column_text][vc_separator color=\u00bbcustom\u00bb accent_color=\u00bb#d6d6d6&#8243;][vc_column_text css=\u00bb.vc_custom_1716976874149{margin-bottom: 0px !important;}\u00bb]\n<h6><span style=\"color: #000000;\">[mk_dropcaps content=\u00bbA\u00bb style=\u00bbfancy-style\u00bb width=\u00bb1\/1&#8243; el_position=\u00bbfirst last\u00bb]<\/span>simismo, disponemos de un amplio equipo compuesto por m\u00e1s de 1&nbsp;500 traductores y correctores profesionales y cualificados, especialistas en terminolog\u00eda, dise\u00f1adores gr\u00e1ficos y especialistas inform\u00e1ticos, sin olvidarnos de nuestros gestores de proyectos, que cuentan con amplia experiencia en el sector. Todos estos profesionales constituyen el recurso m\u00e1s importante de nuestra empresa, por lo que invertimos constantemente en desarrollar sus habilidades para que sigan ayudando a&nbsp;nuestros clientes a&nbsp;acceder y comerciar con \u00e9xito en los distintos mercados europeos.<\/h6>\n[\/vc_column_text][vc_separator color=\u00bbcustom\u00bb accent_color=\u00bb#d6d6d6&#8243;][\/vc_column_inner][\/vc_row_inner][vc_empty_space height=\u00bb50px\u00bb][\/vc_column][\/mk_page_section][mk_page_section bg_image=\u00bb\/\/traductera.com\/wp-content\/uploads\/2017\/05\/traductera-about-us-bg.jpg\u00bb attachment=\u00bbfixed\u00bb bg_position=\u00bbleft center\u00bb bg_repeat=\u00bbno-repeat\u00bb bg_stretch=\u00bbtrue\u00bb speed_factor=\u00bb0.7&#8243; video_mask=\u00bbtrue\u00bb video_color_mask=\u00bb#2d2d2d\u00bb video_opacity=\u00bb0.5&#8243; sidebar=\u00bbsidebar-1&#8243; first_page=\u00bbfalse\u00bb last_page=\u00bbfalse\u00bb][vc_column][vc_empty_space height=\u00bb50px\u00bb][vc_column_text]\n<h5 style=\"text-align: left;\"><span style=\"color: #ffffff;\">ACP Traductera en cifras<\/span><\/h5>\n[\/vc_column_text][vc_row_inner][vc_column_inner width=\u00bb1\/6&#8243;][mk_milestone align=\u00bbcenter\u00bb icon_color=\u00bb#dd3333&#8243; stop=\u00bb20&#8243; speed=\u00bb1700&#8243; text_color=\u00bb#ffffff\u00bb text_size=\u00bb40&#8243; font_family=\u00bbnone\u00bb][vc_separator color=\u00bbwhite\u00bb el_width=\u00bb50&#8243;][vc_column_text align=\u00bbcenter\u00bb el_class=\u00bbmile\u00bb]\n<h6 style=\"text-align: center;\"><span style=\"color: #ffffff;\">a\u00f1os de experiencia<\/span><\/h6>\n[\/vc_column_text][\/vc_column_inner][vc_column_inner width=\u00bb1\/6&#8243;][mk_milestone align=\u00bbcenter\u00bb icon_color=\u00bb#dd3333&#8243; stop=\u00bb20&#8243; speed=\u00bb2200&#8243; text_color=\u00bb#ffffff\u00bb text_size=\u00bb40&#8243; font_family=\u00bbnone\u00bb][vc_separator color=\u00bbwhite\u00bb el_width=\u00bb50&#8243;][vc_column_text align=\u00bbcenter\u00bb el_class=\u00bbmile\u00bb]\n<h6 style=\"text-align: center;\"><span style=\"color: #ffffff;\">empleados<\/span><\/h6>\n[\/vc_column_text][\/vc_column_inner][vc_column_inner width=\u00bb1\/6&#8243;][mk_milestone align=\u00bbcenter\u00bb icon_color=\u00bb#dd3333&#8243; stop=\u00bb95.25&#8243; speed=\u00bb2400&#8243; text_color=\u00bb#ffffff\u00bb text_size=\u00bb40&#8243; font_family=\u00bbnone\u00bb][vc_separator color=\u00bbwhite\u00bb el_width=\u00bb50&#8243;][vc_column_text align=\u00bbcenter\u00bb el_class=\u00bbmile\u00bb]\n<h6 style=\"text-align: center;\"><span style=\"color: #ffffff;\">\u00a0% de clientes satisfechos<\/span><\/h6>\n[\/vc_column_text][\/vc_column_inner][vc_column_inner width=\u00bb1\/6&#8243;][mk_milestone align=\u00bbcenter\u00bb icon_color=\u00bb#dd3333&#8243; stop=\u00bb1500&#8243; speed=\u00bb3000&#8243; text_color=\u00bb#ffffff\u00bb text_size=\u00bb40&#8243; font_family=\u00bbnone\u00bb][vc_separator color=\u00bbwhite\u00bb el_width=\u00bb50&#8243;][vc_column_text align=\u00bbcenter\u00bb el_class=\u00bbmile\u00bb]\n<h6 style=\"text-align: center;\"><span style=\"color: #ffffff;\">traductores profesionales<\/span><\/h6>\n[\/vc_column_text][\/vc_column_inner][vc_column_inner width=\u00bb1\/6&#8243;][mk_milestone align=\u00bbcenter\u00bb icon_color=\u00bb#dd3333&#8243; start=\u00bb100&#8243; stop=\u00bb308436&#8243; speed=\u00bb4000&#8243; text_color=\u00bb#ffffff\u00bb text_size=\u00bb40&#8243; font_family=\u00bbnone\u00bb][vc_separator color=\u00bbwhite\u00bb el_width=\u00bb50&#8243;][vc_column_text align=\u00bbcenter\u00bb el_class=\u00bbmile\u00bb]\n<h6 style=\"text-align: center;\"><span style=\"color: #ffffff;\">proyectos completados<\/span><\/h6>\n[\/vc_column_text][\/vc_column_inner][vc_column_inner width=\u00bb1\/6&#8243;][mk_milestone align=\u00bbcenter\u00bb icon_color=\u00bb#dd3333&#8243; start=\u00bb100000&#8243; stop=\u00bb385547921&#8243; speed=\u00bb4500&#8243; text_color=\u00bb#ffffff\u00bb text_size=\u00bb40&#8243; font_family=\u00bbnone\u00bb][vc_separator color=\u00bbwhite\u00bb el_width=\u00bb50&#8243;][vc_column_text align=\u00bbcenter\u00bb el_class=\u00bbmile\u00bb]\n<h6 style=\"text-align: center;\"><span style=\"color: #ffffff;\">palabras traducidas<\/span><\/h6>\n[\/vc_column_text][\/vc_column_inner][\/vc_row_inner][vc_empty_space height=\u00bb50px\u00bb][vc_separator color=\u00bbblack\u00bb][vc_row_inner][vc_column_inner width=\u00bb2\/3&#8243;][\/vc_column_inner][vc_column_inner width=\u00bb1\/3&#8243;][vc_button2 title=\u00bbContacto \/ Solicitar presupuesto\u00bb align=\u00bbright\u00bb style=\u00bbsquare\u00bb color=\u00bbjuicy_pink\u00bb size=\u00bblg\u00bb link=\u00bburl:https%3A%2F%2Ftraductera.com%2Fes%2Fsolicitar-presupuesto%2F||target:%20_blank|\u00bb][\/vc_column_inner][\/vc_row_inner][vc_empty_space height=\u00bb50px\u00bb][\/vc_column][\/mk_page_section]\n<\/div>","protected":false},"excerpt":{"rendered":"<p>[mk_page_section bg_image=\u00bb\/\/traductera.com\/wp-content\/uploads\/2017\/05\/traductera-about-us-bg.jpg\u00bb attachment=\u00bbfixed\u00bb bg_position=\u00bbleft center\u00bb bg_repeat=\u00bbno-repeat\u00bb bg_stretch=\u00bbtrue\u00bb video_color_mask=\u00bb#000000&#8243; video_opacity=\u00bb0.1&#8243; top_shadow=\u00bbtrue\u00bb min_height=\u00bb600&#8243; full_width=\u00bbtrue\u00bb padding_top=\u00bb0&#8243; padding_bottom=\u00bb0&#8243; sidebar=\u00bbsidebar-1&#8243; first_page=\u00bbtrue\u00bb last_page=\u00bbtrue\u00bb][vc_column][vc_empty_space height=\u00bb250px\u00bb][vc_column_text align=\u00bbcenter\u00bb] ACP Traductera ha recibido el certificado correspondiente a&nbsp;la norma ISO 17100 [\/vc_column_text][vc_empty_space height=\u00bb40px\u00bb][\/vc_column][\/mk_page_section][mk_page_section attachment=\u00bbfixed\u00bb bg_position=\u00bbcenter center\u00bb bg_repeat=\u00bbno-repeat\u00bb bg_stretch=\u00bbtrue\u00bb top_shadow=\u00bbtrue\u00bb min_height=\u00bb0&#8243; padding_top=\u00bb0&#8243; padding_bottom=\u00bb0&#8243; sidebar=\u00bbsidebar-1&#8243; first_page=\u00bbtrue\u00bb last_page=\u00bbtrue\u00bb][vc_column][vc_empty_space height=\u00bb80px\u00bb][vc_column_text align=\u00bbcenter\u00bb] ACP Traductera es una agencia de traducci\u00f3n con [&hellip;]<\/p>\n","protected":false},"author":1,"featured_media":0,"parent":0,"menu_order":0,"comment_status":"open","ping_status":"closed","template":"","meta":{"_acf_changed":false,"_monsterinsights_skip_tracking":false,"_monsterinsights_sitenote_active":false,"_monsterinsights_sitenote_note":"","_monsterinsights_sitenote_category":0,"footnotes":""},"class_list":["post-2815","page","type-page","status-publish","hentry"],"acf":[],"yoast_head":"<title>Acerca de nosotros &#8226; ACP Traductera<\/title>\n<meta name=\"robots\" content=\"index, follow, max-snippet:-1, max-image-preview:large, max-video-preview:-1\" \/>\n<link rel=\"canonical\" href=\"https:\/\/traductera.com\/es\/acerca-de-nosotros\/\" \/>\n<meta property=\"og:locale\" content=\"es_ES\" \/>\n<meta property=\"og:type\" content=\"article\" \/>\n<meta property=\"og:title\" content=\"Acerca de nosotros &#8226; ACP Traductera\" \/>\n<meta property=\"og:description\" content=\"[mk_page_section bg_image=\u00bb\/\/traductera.com\/wp-content\/uploads\/2017\/05\/traductera-about-us-bg.jpg\u00bb attachment=\u00bbfixed\u00bb bg_position=\u00bbleft center\u00bb bg_repeat=\u00bbno-repeat\u00bb bg_stretch=\u00bbtrue\u00bb video_color_mask=\u00bb#000000&#8243; video_opacity=\u00bb0.1&#8243; top_shadow=\u00bbtrue\u00bb min_height=\u00bb600&#8243; full_width=\u00bbtrue\u00bb padding_top=\u00bb0&#8243; padding_bottom=\u00bb0&#8243; sidebar=\u00bbsidebar-1&#8243; first_page=\u00bbtrue\u00bb last_page=\u00bbtrue\u00bb][vc_column][vc_empty_space height=\u00bb250px\u00bb][vc_column_text align=\u00bbcenter\u00bb] ACP Traductera ha recibido el certificado correspondiente a la norma ISO 17100 [\/vc_column_text][vc_empty_space height=\u00bb40px\u00bb][\/vc_column][\/mk_page_section][mk_page_section attachment=\u00bbfixed\u00bb bg_position=\u00bbcenter center\u00bb bg_repeat=\u00bbno-repeat\u00bb bg_stretch=\u00bbtrue\u00bb top_shadow=\u00bbtrue\u00bb min_height=\u00bb0&#8243; padding_top=\u00bb0&#8243; padding_bottom=\u00bb0&#8243; sidebar=\u00bbsidebar-1&#8243; first_page=\u00bbtrue\u00bb last_page=\u00bbtrue\u00bb][vc_column][vc_empty_space height=\u00bb80px\u00bb][vc_column_text align=\u00bbcenter\u00bb] ACP Traductera es una agencia de traducci\u00f3n con [&hellip;]\" \/>\n<meta property=\"og:url\" content=\"https:\/\/traductera.com\/es\/acerca-de-nosotros\/\" \/>\n<meta property=\"og:site_name\" content=\"ACP Traductera\" \/>\n<meta property=\"article:publisher\" content=\"https:\/\/www.facebook.com\/ACPtraductera\" \/>\n<meta property=\"article:modified_time\" content=\"2025-03-31T13:03:32+00:00\" \/>\n<meta property=\"og:image\" content=\"https:\/\/traductera.com\/wp-content\/uploads\/2017\/05\/traductera-about-us-bg.jpg\" \/>\n<meta name=\"twitter:card\" content=\"summary_large_image\" \/>\n<meta name=\"twitter:image\" content=\"https:\/\/traductera.com\/wp-content\/uploads\/2017\/05\/traductera-about-us-bg.jpg\" \/>\n<meta name=\"twitter:site\" content=\"@traductera\" \/>\n<meta name=\"twitter:label1\" content=\"Tiempo de lectura\" \/>\n\t<meta name=\"twitter:data1\" content=\"3 minutos\" \/>\n<script type=\"application\/ld+json\" class=\"yoast-schema-graph\">{\"@context\":\"https:\/\/schema.org\",\"@graph\":[{\"@type\":\"WebPage\",\"@id\":\"https:\/\/traductera.com\/es\/acerca-de-nosotros\/\",\"url\":\"https:\/\/traductera.com\/es\/acerca-de-nosotros\/\",\"name\":\"Acerca de nosotros &#8226; ACP Traductera\",\"isPartOf\":{\"@id\":\"https:\/\/traductera.com\/#website\"},\"datePublished\":\"2015-06-04T22:20:50+00:00\",\"dateModified\":\"2025-03-31T13:03:32+00:00\",\"inLanguage\":\"es\",\"potentialAction\":[{\"@type\":\"ReadAction\",\"target\":[\"https:\/\/traductera.com\/es\/acerca-de-nosotros\/\"]}]},{\"@type\":\"WebSite\",\"@id\":\"https:\/\/traductera.com\/#website\",\"url\":\"https:\/\/traductera.com\/\",\"name\":\"ACP Traductera\",\"description\":\"Localization Partner for your Success in Central & Eastern Europe\",\"publisher\":{\"@id\":\"https:\/\/traductera.com\/#organization\"},\"potentialAction\":[{\"@type\":\"SearchAction\",\"target\":{\"@type\":\"EntryPoint\",\"urlTemplate\":\"https:\/\/traductera.com\/?s={search_term_string}\"},\"query-input\":{\"@type\":\"PropertyValueSpecification\",\"valueRequired\":true,\"valueName\":\"search_term_string\"}}],\"inLanguage\":\"es\"},{\"@type\":\"Organization\",\"@id\":\"https:\/\/traductera.com\/#organization\",\"name\":\"ACP Traductera, a.s.\",\"url\":\"https:\/\/traductera.com\/\",\"logo\":{\"@type\":\"ImageObject\",\"inLanguage\":\"es\",\"@id\":\"https:\/\/traductera.com\/#\/schema\/logo\/image\/\",\"url\":\"https:\/\/traductera.com\/wp-content\/uploads\/2015\/03\/logo_slider.png\",\"contentUrl\":\"https:\/\/traductera.com\/wp-content\/uploads\/2015\/03\/logo_slider.png\",\"width\":700,\"height\":86,\"caption\":\"ACP Traductera, a.s.\"},\"image\":{\"@id\":\"https:\/\/traductera.com\/#\/schema\/logo\/image\/\"},\"sameAs\":[\"https:\/\/www.facebook.com\/ACPtraductera\",\"https:\/\/x.com\/traductera\",\"https:\/\/www.instagram.com\/acptraductera\/\",\"https:\/\/www.linkedin.com\/company\/acp-traductera\"]}]}<\/script>","yoast_head_json":{"title":"Acerca de nosotros &#8226; ACP Traductera","robots":{"index":"index","follow":"follow","max-snippet":"max-snippet:-1","max-image-preview":"max-image-preview:large","max-video-preview":"max-video-preview:-1"},"canonical":"https:\/\/traductera.com\/es\/acerca-de-nosotros\/","og_locale":"es_ES","og_type":"article","og_title":"Acerca de nosotros &#8226; ACP Traductera","og_description":"[mk_page_section bg_image=\u00bb\/\/traductera.com\/wp-content\/uploads\/2017\/05\/traductera-about-us-bg.jpg\u00bb attachment=\u00bbfixed\u00bb bg_position=\u00bbleft center\u00bb bg_repeat=\u00bbno-repeat\u00bb bg_stretch=\u00bbtrue\u00bb video_color_mask=\u00bb#000000&#8243; video_opacity=\u00bb0.1&#8243; top_shadow=\u00bbtrue\u00bb min_height=\u00bb600&#8243; full_width=\u00bbtrue\u00bb padding_top=\u00bb0&#8243; padding_bottom=\u00bb0&#8243; sidebar=\u00bbsidebar-1&#8243; first_page=\u00bbtrue\u00bb last_page=\u00bbtrue\u00bb][vc_column][vc_empty_space height=\u00bb250px\u00bb][vc_column_text align=\u00bbcenter\u00bb] ACP Traductera ha recibido el certificado correspondiente a la norma ISO 17100 [\/vc_column_text][vc_empty_space height=\u00bb40px\u00bb][\/vc_column][\/mk_page_section][mk_page_section attachment=\u00bbfixed\u00bb bg_position=\u00bbcenter center\u00bb bg_repeat=\u00bbno-repeat\u00bb bg_stretch=\u00bbtrue\u00bb top_shadow=\u00bbtrue\u00bb min_height=\u00bb0&#8243; padding_top=\u00bb0&#8243; padding_bottom=\u00bb0&#8243; sidebar=\u00bbsidebar-1&#8243; first_page=\u00bbtrue\u00bb last_page=\u00bbtrue\u00bb][vc_column][vc_empty_space height=\u00bb80px\u00bb][vc_column_text align=\u00bbcenter\u00bb] ACP Traductera es una agencia de traducci\u00f3n con [&hellip;]","og_url":"https:\/\/traductera.com\/es\/acerca-de-nosotros\/","og_site_name":"ACP Traductera","article_publisher":"https:\/\/www.facebook.com\/ACPtraductera","article_modified_time":"2025-03-31T13:03:32+00:00","og_image":[{"url":"https:\/\/traductera.com\/wp-content\/uploads\/2017\/05\/traductera-about-us-bg.jpg","type":"","width":"","height":""}],"twitter_card":"summary_large_image","twitter_image":"https:\/\/traductera.com\/wp-content\/uploads\/2017\/05\/traductera-about-us-bg.jpg","twitter_site":"@traductera","twitter_misc":{"Tiempo de lectura":"3 minutos"},"schema":{"@context":"https:\/\/schema.org","@graph":[{"@type":"WebPage","@id":"https:\/\/traductera.com\/es\/acerca-de-nosotros\/","url":"https:\/\/traductera.com\/es\/acerca-de-nosotros\/","name":"Acerca de nosotros &#8226; ACP Traductera","isPartOf":{"@id":"https:\/\/traductera.com\/#website"},"datePublished":"2015-06-04T22:20:50+00:00","dateModified":"2025-03-31T13:03:32+00:00","inLanguage":"es","potentialAction":[{"@type":"ReadAction","target":["https:\/\/traductera.com\/es\/acerca-de-nosotros\/"]}]},{"@type":"WebSite","@id":"https:\/\/traductera.com\/#website","url":"https:\/\/traductera.com\/","name":"ACP Traductera","description":"Localization Partner for your Success in Central & Eastern Europe","publisher":{"@id":"https:\/\/traductera.com\/#organization"},"potentialAction":[{"@type":"SearchAction","target":{"@type":"EntryPoint","urlTemplate":"https:\/\/traductera.com\/?s={search_term_string}"},"query-input":{"@type":"PropertyValueSpecification","valueRequired":true,"valueName":"search_term_string"}}],"inLanguage":"es"},{"@type":"Organization","@id":"https:\/\/traductera.com\/#organization","name":"ACP Traductera, a.s.","url":"https:\/\/traductera.com\/","logo":{"@type":"ImageObject","inLanguage":"es","@id":"https:\/\/traductera.com\/#\/schema\/logo\/image\/","url":"https:\/\/traductera.com\/wp-content\/uploads\/2015\/03\/logo_slider.png","contentUrl":"https:\/\/traductera.com\/wp-content\/uploads\/2015\/03\/logo_slider.png","width":700,"height":86,"caption":"ACP Traductera, a.s."},"image":{"@id":"https:\/\/traductera.com\/#\/schema\/logo\/image\/"},"sameAs":["https:\/\/www.facebook.com\/ACPtraductera","https:\/\/x.com\/traductera","https:\/\/www.instagram.com\/acptraductera\/","https:\/\/www.linkedin.com\/company\/acp-traductera"]}]}},"_links":{"self":[{"href":"https:\/\/traductera.com\/es\/wp-json\/wp\/v2\/pages\/2815","targetHints":{"allow":["GET"]}}],"collection":[{"href":"https:\/\/traductera.com\/es\/wp-json\/wp\/v2\/pages"}],"about":[{"href":"https:\/\/traductera.com\/es\/wp-json\/wp\/v2\/types\/page"}],"author":[{"embeddable":true,"href":"https:\/\/traductera.com\/es\/wp-json\/wp\/v2\/users\/1"}],"replies":[{"embeddable":true,"href":"https:\/\/traductera.com\/es\/wp-json\/wp\/v2\/comments?post=2815"}],"version-history":[{"count":1,"href":"https:\/\/traductera.com\/es\/wp-json\/wp\/v2\/pages\/2815\/revisions"}],"predecessor-version":[{"id":40379,"href":"https:\/\/traductera.com\/es\/wp-json\/wp\/v2\/pages\/2815\/revisions\/40379"}],"wp:attachment":[{"href":"https:\/\/traductera.com\/es\/wp-json\/wp\/v2\/media?parent=2815"}],"curies":[{"name":"wp","href":"https:\/\/api.w.org\/{rel}","templated":true}]}}