{"id":2821,"date":"2015-06-05T00:27:25","date_gmt":"2015-06-04T22:27:25","guid":{"rendered":"\/\/traductera.com\/?page_id=2821"},"modified":"2025-12-17T13:58:58","modified_gmt":"2025-12-17T12:58:58","slug":"contacto","status":"publish","type":"page","link":"https:\/\/traductera.com\/es\/contacto\/","title":{"rendered":"Contacto"},"content":{"rendered":"<div class=\"wpb-content-wrapper\">[mk_page_section bg_image=\u00bb\/\/traductera.com\/wp-content\/uploads\/2015\/02\/kontakty.jpg\u00bb attachment=\u00bbfixed\u00bb bg_position=\u00bbcenter top\u00bb bg_repeat=\u00bbno-repeat\u00bb bg_stretch=\u00bbtrue\u00bb top_shadow=\u00bbtrue\u00bb min_height=\u00bb300&#8243; full_width=\u00bbtrue\u00bb padding_top=\u00bb0&#8243; padding_bottom=\u00bb0&#8243; first_page=\u00bbtrue\u00bb last_page=\u00bbtrue\u00bb sidebar=\u00bbsidebar-1&#8243;][vc_column css=\u00bb.vc_custom_1425645001352{margin-top: 150px !important;}\u00bb][vc_column_text align=\u00bbcenter\u00bb]\n<h1 style=\"text-align: center;\"><span style=\"color: #ffffff;\">Nuestro objetivo principal consiste <\/span><\/h1>\n<h1 style=\"text-align: center;\"><span style=\"color: #ffffff;\">en satisfacer al cliente<\/span><\/h1>\n[\/vc_column_text][\/vc_column][\/mk_page_section][mk_page_section bg_position=\u00bbcenter top\u00bb bg_repeat=\u00bbno-repeat\u00bb bg_stretch=\u00bbtrue\u00bb padding_top=\u00bb50&#8243; padding_bottom=\u00bb50&#8243; first_page=\u00bbtrue\u00bb last_page=\u00bbtrue\u00bb sidebar=\u00bbsidebar-1&#8243;][vc_column css=\u00bb.vc_custom_1424732832919{padding-left: 50px !important;}\u00bb][vc_row_inner][vc_column_inner width=\u00bb1\/4&#8243;][vc_separator color=\u00bbcustom\u00bb align=\u00bbalign_left\u00bb border_width=\u00bb4&#8243; el_width=\u00bb60&#8243; accent_color=\u00bb#dd3333&#8243;][vc_column_text animation=\u00bbleft-to-right\u00bb el_class=\u00bbkontakt\u00bb]\n<h1>Contacto<\/h1>\n[\/vc_column_text][\/vc_column_inner][vc_column_inner width=\u00bb1\/4&#8243;][vc_column_text title=\u00bbDirecci\u00f3n:\u00bb disable_pattern=\u00bbfalse\u00bb animation=\u00bbtop-to-bottom\u00bb]\n<h6>ACP Traductera, a.s.<br \/>\nNa Piket\u011b 173\/III<br \/>\nJind\u0159ich\u016fv Hradec<br \/>\nRep\u00fablica Checa<br \/>\nVAT CZ27198286<\/h6>\n[\/vc_column_text][\/vc_column_inner][vc_column_inner width=\u00bb1\/4&#8243;][vc_column_text title=\u00bbDatos de contacto:\u00bb disable_pattern=\u00bbfalse\u00bb animation=\u00bbtop-to-bottom\u00bb css=\u00bb.vc_custom_1765976410099{margin-bottom: 0px !important;}\u00bb]\n<h6>E-mail: <strong><a href=\"mailto:%69%6E%66%6F%40%74%72%61%64%75%63%74%65%72%61%2E%63%6F%6D\">email me<\/a><\/strong><br \/>\nTel\u00e9fono: +420&nbsp;384&nbsp;361&nbsp;300<br \/>\nFax: +420&nbsp;384&nbsp;361&nbsp;303<br \/>\nSkype: traductera<\/h6>\n[\/vc_column_text][\/vc_column_inner][vc_column_inner width=\u00bb1\/4&#8243;][vc_column_text title=\u00bbHorario:\u00bb disable_pattern=\u00bbfalse\u00bb animation=\u00bbtop-to-bottom\u00bb]\n<h6>lunes-viernes de 9:00-20:00&nbsp;h<\/h6>\n[\/vc_column_text][\/vc_column_inner][\/vc_row_inner][vc_row_inner][vc_column_inner width=\u00bb1\/4&#8243;][\/vc_column_inner][vc_column_inner width=\u00bb3\/4&#8243;][vc_empty_space][vc_separator][vc_column_text disable_pattern=\u00bbfalse\u00bb animation=\u00bbtop-to-bottom\u00bb]\n<h6>La sociedad est\u00e1 inscrita en el Registro mercantil, gestionado por el Tribunal Regional de \u010cesk\u00e9 Bud\u011bjovice, secci\u00f3n B, anexo 2007.<\/h6>\n[\/vc_column_text][\/vc_column_inner][\/vc_row_inner][\/vc_column][\/mk_page_section][mk_page_section bg_position=\u00bbcenter center\u00bb bg_stretch=\u00bbtrue\u00bb full_width=\u00bbtrue\u00bb padding_top=\u00bb0&#8243; padding_bottom=\u00bb0&#8243; first_page=\u00bbtrue\u00bb last_page=\u00bbtrue\u00bb sidebar=\u00bbsidebar-1&#8243;][vc_column][mk_advanced_gmaps latitude=\u00bb49.135969&#8243; longitude=\u00bb15.000420&#8243; address=\u00bbNa Piket\u011b 173\/III 377 01 Jind\u0159ich\u016fv Hradec\u00bb pin_icon=\u00bb\/\/traductera.com\/wp-content\/uploads\/2015\/02\/bod.png\u00bb pan_control=\u00bbfalse\u00bb map_type_control=\u00bbfalse\u00bb modify_coloring=\u00bbtrue\u00bb hue=\u00bbrgba(0,0,0,0.5)\u00bb saturation=\u00bb0&#8243; lightness=\u00bb0&#8243; zoom=\u00bb10&#8243;][\/vc_column][\/mk_page_section][mk_page_section bg_image=\u00bb\/\/traductera.com\/wp-content\/uploads\/2015\/02\/home_2_a.jpg\u00bb bg_color=\u00bb#6b6b6b\u00bb attachment=\u00bbfixed\u00bb bg_position=\u00bbcenter center\u00bb bg_repeat=\u00bbno-repeat\u00bb bg_stretch=\u00bbtrue\u00bb speed_factor=\u00bb0.2&#8243; padding_top=\u00bb50&#8243; padding_bottom=\u00bb50&#8243; first_page=\u00bbtrue\u00bb last_page=\u00bbtrue\u00bb sidebar=\u00bbsidebar-1&#8243;][vc_column][mk_testimonials count=\u00bb-1&#8243; slideshow_speed=\u00bb4250&#8243; animation=\u00bbscale-up\u00bb testimonials=\u00bb2788,2791,2831&#8243;][\/vc_column][\/mk_page_section][mk_page_section bg_image=\u00bb\/\/traductera.com\/wp-content\/uploads\/2015\/02\/kontakty.jpg\u00bb attachment=\u00bbfixed\u00bb bg_position=\u00bbcenter center\u00bb bg_repeat=\u00bbno-repeat\u00bb bg_stretch=\u00bbtrue\u00bb video_color_mask=\u00bbrgba(0,0,0,0.96)\u00bb padding_top=\u00bb50&#8243; padding_bottom=\u00bb50&#8243; sidebar=\u00bbsidebar-1&#8243;][vc_column][vc_separator color=\u00bbblack\u00bb][vc_row_inner][vc_column_inner width=\u00bb2\/3&#8243;][\/vc_column_inner][vc_column_inner width=\u00bb1\/3&#8243;][vc_button2 title=\u00bbContacto \/ Solicitar presupuesto\u00bb align=\u00bbright\u00bb style=\u00bbsquare\u00bb color=\u00bbjuicy_pink\u00bb size=\u00bblg\u00bb link=\u00bburl:https%3A%2F%2Ftraductera.com%2Fes%2Fsolicitar-presupuesto%2F||target:%20_blank|\u00bb][\/vc_column_inner][\/vc_row_inner][\/vc_column][\/mk_page_section]\n<\/div>","protected":false},"excerpt":{"rendered":"<p>[mk_page_section bg_image=\u00bb\/\/traductera.com\/wp-content\/uploads\/2015\/02\/kontakty.jpg\u00bb attachment=\u00bbfixed\u00bb bg_position=\u00bbcenter top\u00bb bg_repeat=\u00bbno-repeat\u00bb bg_stretch=\u00bbtrue\u00bb top_shadow=\u00bbtrue\u00bb min_height=\u00bb300&#8243; full_width=\u00bbtrue\u00bb padding_top=\u00bb0&#8243; padding_bottom=\u00bb0&#8243; first_page=\u00bbtrue\u00bb last_page=\u00bbtrue\u00bb sidebar=\u00bbsidebar-1&#8243;][vc_column css=\u00bb.vc_custom_1425645001352{margin-top: 150px !important;}\u00bb][vc_column_text align=\u00bbcenter\u00bb] Nuestro objetivo principal consiste en satisfacer al cliente [\/vc_column_text][\/vc_column][\/mk_page_section][mk_page_section bg_position=\u00bbcenter top\u00bb bg_repeat=\u00bbno-repeat\u00bb bg_stretch=\u00bbtrue\u00bb padding_top=\u00bb50&#8243; padding_bottom=\u00bb50&#8243; first_page=\u00bbtrue\u00bb last_page=\u00bbtrue\u00bb sidebar=\u00bbsidebar-1&#8243;][vc_column css=\u00bb.vc_custom_1424732832919{padding-left: 50px !important;}\u00bb][vc_row_inner][vc_column_inner width=\u00bb1\/4&#8243;][vc_separator color=\u00bbcustom\u00bb align=\u00bbalign_left\u00bb border_width=\u00bb4&#8243; el_width=\u00bb60&#8243; accent_color=\u00bb#dd3333&#8243;][vc_column_text animation=\u00bbleft-to-right\u00bb el_class=\u00bbkontakt\u00bb] Contacto [\/vc_column_text][\/vc_column_inner][vc_column_inner width=\u00bb1\/4&#8243;][vc_column_text title=\u00bbDirecci\u00f3n:\u00bb disable_pattern=\u00bbfalse\u00bb animation=\u00bbtop-to-bottom\u00bb] ACP [&hellip;]<\/p>\n","protected":false},"author":1,"featured_media":0,"parent":0,"menu_order":0,"comment_status":"open","ping_status":"closed","template":"","meta":{"_acf_changed":false,"_monsterinsights_skip_tracking":false,"_monsterinsights_sitenote_active":false,"_monsterinsights_sitenote_note":"","_monsterinsights_sitenote_category":0,"footnotes":""},"class_list":["post-2821","page","type-page","status-publish","hentry"],"acf":[],"yoast_head":"<title>Contacto &#8226; ACP Traductera<\/title>\n<meta name=\"robots\" content=\"index, follow, max-snippet:-1, max-image-preview:large, max-video-preview:-1\" \/>\n<link rel=\"canonical\" href=\"https:\/\/traductera.com\/es\/contacto\/\" \/>\n<meta property=\"og:locale\" content=\"es_ES\" \/>\n<meta property=\"og:type\" content=\"article\" \/>\n<meta property=\"og:title\" content=\"Contacto &#8226; ACP Traductera\" \/>\n<meta property=\"og:description\" content=\"[mk_page_section bg_image=\u00bb\/\/traductera.com\/wp-content\/uploads\/2015\/02\/kontakty.jpg\u00bb attachment=\u00bbfixed\u00bb bg_position=\u00bbcenter top\u00bb bg_repeat=\u00bbno-repeat\u00bb bg_stretch=\u00bbtrue\u00bb top_shadow=\u00bbtrue\u00bb min_height=\u00bb300&#8243; full_width=\u00bbtrue\u00bb padding_top=\u00bb0&#8243; padding_bottom=\u00bb0&#8243; first_page=\u00bbtrue\u00bb last_page=\u00bbtrue\u00bb sidebar=\u00bbsidebar-1&#8243;][vc_column css=\u00bb.vc_custom_1425645001352{margin-top: 150px !important;}\u00bb][vc_column_text align=\u00bbcenter\u00bb] Nuestro objetivo principal consiste en satisfacer al cliente [\/vc_column_text][\/vc_column][\/mk_page_section][mk_page_section bg_position=\u00bbcenter top\u00bb bg_repeat=\u00bbno-repeat\u00bb bg_stretch=\u00bbtrue\u00bb padding_top=\u00bb50&#8243; padding_bottom=\u00bb50&#8243; first_page=\u00bbtrue\u00bb last_page=\u00bbtrue\u00bb sidebar=\u00bbsidebar-1&#8243;][vc_column css=\u00bb.vc_custom_1424732832919{padding-left: 50px !important;}\u00bb][vc_row_inner][vc_column_inner width=\u00bb1\/4&#8243;][vc_separator color=\u00bbcustom\u00bb align=\u00bbalign_left\u00bb border_width=\u00bb4&#8243; el_width=\u00bb60&#8243; accent_color=\u00bb#dd3333&#8243;][vc_column_text animation=\u00bbleft-to-right\u00bb el_class=\u00bbkontakt\u00bb] Contacto [\/vc_column_text][\/vc_column_inner][vc_column_inner width=\u00bb1\/4&#8243;][vc_column_text title=\u00bbDirecci\u00f3n:\u00bb disable_pattern=\u00bbfalse\u00bb animation=\u00bbtop-to-bottom\u00bb] ACP [&hellip;]\" \/>\n<meta property=\"og:url\" content=\"https:\/\/traductera.com\/es\/contacto\/\" \/>\n<meta property=\"og:site_name\" content=\"ACP Traductera\" \/>\n<meta property=\"article:publisher\" content=\"https:\/\/www.facebook.com\/ACPtraductera\" \/>\n<meta property=\"article:modified_time\" content=\"2025-12-17T12:58:58+00:00\" \/>\n<meta property=\"og:image\" content=\"https:\/\/traductera.com\/wp-content\/uploads\/2015\/03\/logo_slider.png\" \/>\n\t<meta property=\"og:image:width\" content=\"700\" \/>\n\t<meta property=\"og:image:height\" content=\"86\" \/>\n\t<meta property=\"og:image:type\" content=\"image\/png\" \/>\n<meta name=\"twitter:card\" content=\"summary_large_image\" \/>\n<meta name=\"twitter:site\" content=\"@traductera\" \/>\n<meta name=\"twitter:label1\" content=\"Tiempo de lectura\" \/>\n\t<meta name=\"twitter:data1\" content=\"1 minuto\" \/>\n<script type=\"application\/ld+json\" class=\"yoast-schema-graph\">{\"@context\":\"https:\/\/schema.org\",\"@graph\":[{\"@type\":\"WebPage\",\"@id\":\"https:\/\/traductera.com\/es\/contacto\/\",\"url\":\"https:\/\/traductera.com\/es\/contacto\/\",\"name\":\"Contacto &#8226; ACP Traductera\",\"isPartOf\":{\"@id\":\"https:\/\/traductera.com\/#website\"},\"datePublished\":\"2015-06-04T22:27:25+00:00\",\"dateModified\":\"2025-12-17T12:58:58+00:00\",\"inLanguage\":\"es\",\"potentialAction\":[{\"@type\":\"ReadAction\",\"target\":[\"https:\/\/traductera.com\/es\/contacto\/\"]}]},{\"@type\":\"WebSite\",\"@id\":\"https:\/\/traductera.com\/#website\",\"url\":\"https:\/\/traductera.com\/\",\"name\":\"ACP Traductera\",\"description\":\"Localization Partner for your Success in Central & Eastern Europe\",\"publisher\":{\"@id\":\"https:\/\/traductera.com\/#organization\"},\"potentialAction\":[{\"@type\":\"SearchAction\",\"target\":{\"@type\":\"EntryPoint\",\"urlTemplate\":\"https:\/\/traductera.com\/?s={search_term_string}\"},\"query-input\":{\"@type\":\"PropertyValueSpecification\",\"valueRequired\":true,\"valueName\":\"search_term_string\"}}],\"inLanguage\":\"es\"},{\"@type\":\"Organization\",\"@id\":\"https:\/\/traductera.com\/#organization\",\"name\":\"ACP Traductera, a.s.\",\"url\":\"https:\/\/traductera.com\/\",\"logo\":{\"@type\":\"ImageObject\",\"inLanguage\":\"es\",\"@id\":\"https:\/\/traductera.com\/#\/schema\/logo\/image\/\",\"url\":\"https:\/\/traductera.com\/wp-content\/uploads\/2015\/03\/logo_slider.png\",\"contentUrl\":\"https:\/\/traductera.com\/wp-content\/uploads\/2015\/03\/logo_slider.png\",\"width\":700,\"height\":86,\"caption\":\"ACP Traductera, a.s.\"},\"image\":{\"@id\":\"https:\/\/traductera.com\/#\/schema\/logo\/image\/\"},\"sameAs\":[\"https:\/\/www.facebook.com\/ACPtraductera\",\"https:\/\/x.com\/traductera\",\"https:\/\/www.instagram.com\/acptraductera\/\",\"https:\/\/www.linkedin.com\/company\/acp-traductera\"]}]}<\/script>","yoast_head_json":{"title":"Contacto &#8226; ACP Traductera","robots":{"index":"index","follow":"follow","max-snippet":"max-snippet:-1","max-image-preview":"max-image-preview:large","max-video-preview":"max-video-preview:-1"},"canonical":"https:\/\/traductera.com\/es\/contacto\/","og_locale":"es_ES","og_type":"article","og_title":"Contacto &#8226; ACP Traductera","og_description":"[mk_page_section bg_image=\u00bb\/\/traductera.com\/wp-content\/uploads\/2015\/02\/kontakty.jpg\u00bb attachment=\u00bbfixed\u00bb bg_position=\u00bbcenter top\u00bb bg_repeat=\u00bbno-repeat\u00bb bg_stretch=\u00bbtrue\u00bb top_shadow=\u00bbtrue\u00bb min_height=\u00bb300&#8243; full_width=\u00bbtrue\u00bb padding_top=\u00bb0&#8243; padding_bottom=\u00bb0&#8243; first_page=\u00bbtrue\u00bb last_page=\u00bbtrue\u00bb sidebar=\u00bbsidebar-1&#8243;][vc_column css=\u00bb.vc_custom_1425645001352{margin-top: 150px !important;}\u00bb][vc_column_text align=\u00bbcenter\u00bb] Nuestro objetivo principal consiste en satisfacer al cliente [\/vc_column_text][\/vc_column][\/mk_page_section][mk_page_section bg_position=\u00bbcenter top\u00bb bg_repeat=\u00bbno-repeat\u00bb bg_stretch=\u00bbtrue\u00bb padding_top=\u00bb50&#8243; padding_bottom=\u00bb50&#8243; first_page=\u00bbtrue\u00bb last_page=\u00bbtrue\u00bb sidebar=\u00bbsidebar-1&#8243;][vc_column css=\u00bb.vc_custom_1424732832919{padding-left: 50px !important;}\u00bb][vc_row_inner][vc_column_inner width=\u00bb1\/4&#8243;][vc_separator color=\u00bbcustom\u00bb align=\u00bbalign_left\u00bb border_width=\u00bb4&#8243; el_width=\u00bb60&#8243; accent_color=\u00bb#dd3333&#8243;][vc_column_text animation=\u00bbleft-to-right\u00bb el_class=\u00bbkontakt\u00bb] Contacto [\/vc_column_text][\/vc_column_inner][vc_column_inner width=\u00bb1\/4&#8243;][vc_column_text title=\u00bbDirecci\u00f3n:\u00bb disable_pattern=\u00bbfalse\u00bb animation=\u00bbtop-to-bottom\u00bb] ACP [&hellip;]","og_url":"https:\/\/traductera.com\/es\/contacto\/","og_site_name":"ACP Traductera","article_publisher":"https:\/\/www.facebook.com\/ACPtraductera","article_modified_time":"2025-12-17T12:58:58+00:00","og_image":[{"width":700,"height":86,"url":"https:\/\/traductera.com\/wp-content\/uploads\/2015\/03\/logo_slider.png","type":"image\/png"}],"twitter_card":"summary_large_image","twitter_site":"@traductera","twitter_misc":{"Tiempo de lectura":"1 minuto"},"schema":{"@context":"https:\/\/schema.org","@graph":[{"@type":"WebPage","@id":"https:\/\/traductera.com\/es\/contacto\/","url":"https:\/\/traductera.com\/es\/contacto\/","name":"Contacto &#8226; ACP Traductera","isPartOf":{"@id":"https:\/\/traductera.com\/#website"},"datePublished":"2015-06-04T22:27:25+00:00","dateModified":"2025-12-17T12:58:58+00:00","inLanguage":"es","potentialAction":[{"@type":"ReadAction","target":["https:\/\/traductera.com\/es\/contacto\/"]}]},{"@type":"WebSite","@id":"https:\/\/traductera.com\/#website","url":"https:\/\/traductera.com\/","name":"ACP Traductera","description":"Localization Partner for your Success in Central & Eastern Europe","publisher":{"@id":"https:\/\/traductera.com\/#organization"},"potentialAction":[{"@type":"SearchAction","target":{"@type":"EntryPoint","urlTemplate":"https:\/\/traductera.com\/?s={search_term_string}"},"query-input":{"@type":"PropertyValueSpecification","valueRequired":true,"valueName":"search_term_string"}}],"inLanguage":"es"},{"@type":"Organization","@id":"https:\/\/traductera.com\/#organization","name":"ACP Traductera, a.s.","url":"https:\/\/traductera.com\/","logo":{"@type":"ImageObject","inLanguage":"es","@id":"https:\/\/traductera.com\/#\/schema\/logo\/image\/","url":"https:\/\/traductera.com\/wp-content\/uploads\/2015\/03\/logo_slider.png","contentUrl":"https:\/\/traductera.com\/wp-content\/uploads\/2015\/03\/logo_slider.png","width":700,"height":86,"caption":"ACP Traductera, a.s."},"image":{"@id":"https:\/\/traductera.com\/#\/schema\/logo\/image\/"},"sameAs":["https:\/\/www.facebook.com\/ACPtraductera","https:\/\/x.com\/traductera","https:\/\/www.instagram.com\/acptraductera\/","https:\/\/www.linkedin.com\/company\/acp-traductera"]}]}},"_links":{"self":[{"href":"https:\/\/traductera.com\/es\/wp-json\/wp\/v2\/pages\/2821","targetHints":{"allow":["GET"]}}],"collection":[{"href":"https:\/\/traductera.com\/es\/wp-json\/wp\/v2\/pages"}],"about":[{"href":"https:\/\/traductera.com\/es\/wp-json\/wp\/v2\/types\/page"}],"author":[{"embeddable":true,"href":"https:\/\/traductera.com\/es\/wp-json\/wp\/v2\/users\/1"}],"replies":[{"embeddable":true,"href":"https:\/\/traductera.com\/es\/wp-json\/wp\/v2\/comments?post=2821"}],"version-history":[{"count":1,"href":"https:\/\/traductera.com\/es\/wp-json\/wp\/v2\/pages\/2821\/revisions"}],"predecessor-version":[{"id":40590,"href":"https:\/\/traductera.com\/es\/wp-json\/wp\/v2\/pages\/2821\/revisions\/40590"}],"wp:attachment":[{"href":"https:\/\/traductera.com\/es\/wp-json\/wp\/v2\/media?parent=2821"}],"curies":[{"name":"wp","href":"https:\/\/api.w.org\/{rel}","templated":true}]}}