{"id":2868,"date":"2015-03-04T13:34:15","date_gmt":"2015-03-04T12:34:15","guid":{"rendered":"\/\/traductera.com\/cenova-nabidka-2\/"},"modified":"2020-05-25T16:18:06","modified_gmt":"2020-05-25T14:18:06","slug":"solicitar-presupuesto","status":"publish","type":"page","link":"https:\/\/traductera.com\/es\/solicitar-presupuesto\/","title":{"rendered":"Contacto \/ Solicitar presupuesto"},"content":{"rendered":"[mk_page_section bg_image=\u00bb\/\/traductera.com\/wp-content\/uploads\/2015\/02\/home_2_a.jpg\u00bb attachment=\u00bbfixed\u00bb sidebar=\u00bbsidebar-1&#8243; first_page=\u00bbfalse\u00bb last_page=\u00bbfalse\u00bb][vc_column][\/vc_column][\/mk_page_section][mk_page_section][vc_column width=\u00bb1\/4&#8243;][mk_fancy_title color=\u00bb#393836&#8243; size=\u00bb30&#8243; font_style=\u00bbinhert\u00bb margin_bottom=\u00bb18&#8243; font_family=\u00bbnone\u00bb]Contacto \/ Solicitar presupuesto[\/mk_fancy_title][\/vc_column][vc_column width=\u00bb3\/4&#8243;][vc_column_text]\n<h6>\u00bfDesea obtener m\u00e1s informaci\u00f3n acerca de nuestros servicios o&nbsp;solicitar un presupuesto? Complete el siguiente formulario. Si desea traducir un texto espec\u00edfico, adj\u00fantelo al formulario. Nos pondremos en contacto con usted en un plazo de 24 horas. Si se trata de una emergencia, llame al +420&nbsp;777&nbsp;333&nbsp;637.<\/h6>\n[\/vc_column_text][vc_separator][vc_raw_html]JTVCZm9ybWlkYWJsZSUyMGlkJTNENiU1RA==[\/vc_raw_html][vc_column_text]\n<h6>Le agradecemos su inter\u00e9s en nuestros servicios. ACP Traductera, a.s. se compromete a&nbsp;tratar los datos provistos de acuerdo con la ley N.o 101\/2000 Coll. sobre protecci\u00f3n de datos personales y enmienda de leyes anteriores. No se proporcionar\u00e1 ning\u00fan dato a&nbsp;terceros. Los datos se utilizar\u00e1n \u00fanicamente con el prop\u00f3sito de cumplir lo estipulado en el contrato correspondiente y para el env\u00edo de mensajes comerciales de ACP Traductera, a.s. Al enviar este formulario, accede a&nbsp;que se utilicen sus datos para dichos fines.<\/h6>\n[\/vc_column_text][\/vc_column][\/mk_page_section]\n","protected":false},"excerpt":{"rendered":"<p>[mk_page_section bg_image=\u00bb\/\/traductera.com\/wp-content\/uploads\/2015\/02\/home_2_a.jpg\u00bb attachment=\u00bbfixed\u00bb sidebar=\u00bbsidebar-1&#8243; first_page=\u00bbfalse\u00bb last_page=\u00bbfalse\u00bb][vc_column][\/vc_column][\/mk_page_section][mk_page_section][vc_column width=\u00bb1\/4&#8243;][mk_fancy_title color=\u00bb#393836&#8243; size=\u00bb30&#8243; font_style=\u00bbinhert\u00bb margin_bottom=\u00bb18&#8243; font_family=\u00bbnone\u00bb]Contacto \/ Solicitar presupuesto[\/mk_fancy_title][\/vc_column][vc_column width=\u00bb3\/4&#8243;][vc_column_text] \u00bfDesea obtener m\u00e1s informaci\u00f3n acerca de nuestros servicios o&nbsp;solicitar un presupuesto? Complete el siguiente formulario. Si desea traducir un texto espec\u00edfico, adj\u00fantelo al formulario. Nos pondremos en contacto con usted en un plazo de 24 horas. Si se trata [&hellip;]<\/p>\n","protected":false},"author":1,"featured_media":0,"parent":0,"menu_order":0,"comment_status":"open","ping_status":"closed","template":"","meta":{"_acf_changed":false,"_monsterinsights_skip_tracking":false,"_monsterinsights_sitenote_active":false,"_monsterinsights_sitenote_note":"","_monsterinsights_sitenote_category":0,"footnotes":""},"class_list":["post-2868","page","type-page","status-publish","hentry"],"acf":[],"yoast_head":"<title>Contacto \/ Solicitar presupuesto &#8226; ACP Traductera<\/title>\n<meta name=\"robots\" content=\"index, follow, max-snippet:-1, max-image-preview:large, max-video-preview:-1\" \/>\n<link rel=\"canonical\" href=\"https:\/\/traductera.com\/es\/solicitar-presupuesto\/\" \/>\n<meta property=\"og:locale\" content=\"es_ES\" \/>\n<meta property=\"og:type\" content=\"article\" \/>\n<meta property=\"og:title\" content=\"Contacto \/ Solicitar presupuesto &#8226; ACP Traductera\" \/>\n<meta property=\"og:description\" content=\"[mk_page_section bg_image=\u00bb\/\/traductera.com\/wp-content\/uploads\/2015\/02\/home_2_a.jpg\u00bb attachment=\u00bbfixed\u00bb sidebar=\u00bbsidebar-1&#8243; first_page=\u00bbfalse\u00bb last_page=\u00bbfalse\u00bb][vc_column][\/vc_column][\/mk_page_section][mk_page_section][vc_column width=\u00bb1\/4&#8243;][mk_fancy_title color=\u00bb#393836&#8243; size=\u00bb30&#8243; font_style=\u00bbinhert\u00bb margin_bottom=\u00bb18&#8243; font_family=\u00bbnone\u00bb]Contacto \/ Solicitar presupuesto[\/mk_fancy_title][\/vc_column][vc_column width=\u00bb3\/4&#8243;][vc_column_text] \u00bfDesea obtener m\u00e1s informaci\u00f3n acerca de nuestros servicios o&nbsp;solicitar un presupuesto? Complete el siguiente formulario. Si desea traducir un texto espec\u00edfico, adj\u00fantelo al formulario. Nos pondremos en contacto con usted en un plazo de 24 horas. Si se trata [&hellip;]\" \/>\n<meta property=\"og:url\" content=\"https:\/\/traductera.com\/es\/solicitar-presupuesto\/\" \/>\n<meta property=\"og:site_name\" content=\"ACP Traductera\" \/>\n<meta property=\"article:publisher\" content=\"https:\/\/www.facebook.com\/ACPtraductera\" \/>\n<meta property=\"article:modified_time\" content=\"2020-05-25T14:18:06+00:00\" \/>\n<meta property=\"og:image\" content=\"https:\/\/traductera.com\/wp-content\/uploads\/2015\/03\/logo_slider.png\" \/>\n\t<meta property=\"og:image:width\" content=\"700\" \/>\n\t<meta property=\"og:image:height\" content=\"86\" \/>\n\t<meta property=\"og:image:type\" content=\"image\/png\" \/>\n<meta name=\"twitter:card\" content=\"summary_large_image\" \/>\n<meta name=\"twitter:site\" content=\"@traductera\" \/>\n<meta name=\"twitter:label1\" content=\"Tiempo de lectura\" \/>\n\t<meta name=\"twitter:data1\" content=\"1 minuto\" \/>\n<script type=\"application\/ld+json\" class=\"yoast-schema-graph\">{\"@context\":\"https:\/\/schema.org\",\"@graph\":[{\"@type\":\"WebPage\",\"@id\":\"https:\/\/traductera.com\/es\/solicitar-presupuesto\/\",\"url\":\"https:\/\/traductera.com\/es\/solicitar-presupuesto\/\",\"name\":\"Contacto \/ Solicitar presupuesto &#8226; ACP Traductera\",\"isPartOf\":{\"@id\":\"https:\/\/traductera.com\/#website\"},\"datePublished\":\"2015-03-04T12:34:15+00:00\",\"dateModified\":\"2020-05-25T14:18:06+00:00\",\"inLanguage\":\"es\",\"potentialAction\":[{\"@type\":\"ReadAction\",\"target\":[\"https:\/\/traductera.com\/es\/solicitar-presupuesto\/\"]}]},{\"@type\":\"WebSite\",\"@id\":\"https:\/\/traductera.com\/#website\",\"url\":\"https:\/\/traductera.com\/\",\"name\":\"ACP Traductera\",\"description\":\"Localization Partner for your Success in Central & Eastern Europe\",\"publisher\":{\"@id\":\"https:\/\/traductera.com\/#organization\"},\"potentialAction\":[{\"@type\":\"SearchAction\",\"target\":{\"@type\":\"EntryPoint\",\"urlTemplate\":\"https:\/\/traductera.com\/?s={search_term_string}\"},\"query-input\":{\"@type\":\"PropertyValueSpecification\",\"valueRequired\":true,\"valueName\":\"search_term_string\"}}],\"inLanguage\":\"es\"},{\"@type\":\"Organization\",\"@id\":\"https:\/\/traductera.com\/#organization\",\"name\":\"ACP Traductera, a.s.\",\"url\":\"https:\/\/traductera.com\/\",\"logo\":{\"@type\":\"ImageObject\",\"inLanguage\":\"es\",\"@id\":\"https:\/\/traductera.com\/#\/schema\/logo\/image\/\",\"url\":\"https:\/\/traductera.com\/wp-content\/uploads\/2015\/03\/logo_slider.png\",\"contentUrl\":\"https:\/\/traductera.com\/wp-content\/uploads\/2015\/03\/logo_slider.png\",\"width\":700,\"height\":86,\"caption\":\"ACP Traductera, a.s.\"},\"image\":{\"@id\":\"https:\/\/traductera.com\/#\/schema\/logo\/image\/\"},\"sameAs\":[\"https:\/\/www.facebook.com\/ACPtraductera\",\"https:\/\/x.com\/traductera\",\"https:\/\/www.instagram.com\/acptraductera\/\",\"https:\/\/www.linkedin.com\/company\/acp-traductera\"]}]}<\/script>","yoast_head_json":{"title":"Contacto \/ Solicitar presupuesto &#8226; ACP Traductera","robots":{"index":"index","follow":"follow","max-snippet":"max-snippet:-1","max-image-preview":"max-image-preview:large","max-video-preview":"max-video-preview:-1"},"canonical":"https:\/\/traductera.com\/es\/solicitar-presupuesto\/","og_locale":"es_ES","og_type":"article","og_title":"Contacto \/ Solicitar presupuesto &#8226; ACP Traductera","og_description":"[mk_page_section bg_image=\u00bb\/\/traductera.com\/wp-content\/uploads\/2015\/02\/home_2_a.jpg\u00bb attachment=\u00bbfixed\u00bb sidebar=\u00bbsidebar-1&#8243; first_page=\u00bbfalse\u00bb last_page=\u00bbfalse\u00bb][vc_column][\/vc_column][\/mk_page_section][mk_page_section][vc_column width=\u00bb1\/4&#8243;][mk_fancy_title color=\u00bb#393836&#8243; size=\u00bb30&#8243; font_style=\u00bbinhert\u00bb margin_bottom=\u00bb18&#8243; font_family=\u00bbnone\u00bb]Contacto \/ Solicitar presupuesto[\/mk_fancy_title][\/vc_column][vc_column width=\u00bb3\/4&#8243;][vc_column_text] \u00bfDesea obtener m\u00e1s informaci\u00f3n acerca de nuestros servicios o&nbsp;solicitar un presupuesto? Complete el siguiente formulario. Si desea traducir un texto espec\u00edfico, adj\u00fantelo al formulario. Nos pondremos en contacto con usted en un plazo de 24 horas. Si se trata [&hellip;]","og_url":"https:\/\/traductera.com\/es\/solicitar-presupuesto\/","og_site_name":"ACP Traductera","article_publisher":"https:\/\/www.facebook.com\/ACPtraductera","article_modified_time":"2020-05-25T14:18:06+00:00","og_image":[{"width":700,"height":86,"url":"https:\/\/traductera.com\/wp-content\/uploads\/2015\/03\/logo_slider.png","type":"image\/png"}],"twitter_card":"summary_large_image","twitter_site":"@traductera","twitter_misc":{"Tiempo de lectura":"1 minuto"},"schema":{"@context":"https:\/\/schema.org","@graph":[{"@type":"WebPage","@id":"https:\/\/traductera.com\/es\/solicitar-presupuesto\/","url":"https:\/\/traductera.com\/es\/solicitar-presupuesto\/","name":"Contacto \/ Solicitar presupuesto &#8226; ACP Traductera","isPartOf":{"@id":"https:\/\/traductera.com\/#website"},"datePublished":"2015-03-04T12:34:15+00:00","dateModified":"2020-05-25T14:18:06+00:00","inLanguage":"es","potentialAction":[{"@type":"ReadAction","target":["https:\/\/traductera.com\/es\/solicitar-presupuesto\/"]}]},{"@type":"WebSite","@id":"https:\/\/traductera.com\/#website","url":"https:\/\/traductera.com\/","name":"ACP Traductera","description":"Localization Partner for your Success in Central & Eastern Europe","publisher":{"@id":"https:\/\/traductera.com\/#organization"},"potentialAction":[{"@type":"SearchAction","target":{"@type":"EntryPoint","urlTemplate":"https:\/\/traductera.com\/?s={search_term_string}"},"query-input":{"@type":"PropertyValueSpecification","valueRequired":true,"valueName":"search_term_string"}}],"inLanguage":"es"},{"@type":"Organization","@id":"https:\/\/traductera.com\/#organization","name":"ACP Traductera, a.s.","url":"https:\/\/traductera.com\/","logo":{"@type":"ImageObject","inLanguage":"es","@id":"https:\/\/traductera.com\/#\/schema\/logo\/image\/","url":"https:\/\/traductera.com\/wp-content\/uploads\/2015\/03\/logo_slider.png","contentUrl":"https:\/\/traductera.com\/wp-content\/uploads\/2015\/03\/logo_slider.png","width":700,"height":86,"caption":"ACP Traductera, a.s."},"image":{"@id":"https:\/\/traductera.com\/#\/schema\/logo\/image\/"},"sameAs":["https:\/\/www.facebook.com\/ACPtraductera","https:\/\/x.com\/traductera","https:\/\/www.instagram.com\/acptraductera\/","https:\/\/www.linkedin.com\/company\/acp-traductera"]}]}},"_links":{"self":[{"href":"https:\/\/traductera.com\/es\/wp-json\/wp\/v2\/pages\/2868","targetHints":{"allow":["GET"]}}],"collection":[{"href":"https:\/\/traductera.com\/es\/wp-json\/wp\/v2\/pages"}],"about":[{"href":"https:\/\/traductera.com\/es\/wp-json\/wp\/v2\/types\/page"}],"author":[{"embeddable":true,"href":"https:\/\/traductera.com\/es\/wp-json\/wp\/v2\/users\/1"}],"replies":[{"embeddable":true,"href":"https:\/\/traductera.com\/es\/wp-json\/wp\/v2\/comments?post=2868"}],"version-history":[{"count":0,"href":"https:\/\/traductera.com\/es\/wp-json\/wp\/v2\/pages\/2868\/revisions"}],"wp:attachment":[{"href":"https:\/\/traductera.com\/es\/wp-json\/wp\/v2\/media?parent=2868"}],"curies":[{"name":"wp","href":"https:\/\/api.w.org\/{rel}","templated":true}]}}