{"id":24784,"date":"2022-03-06T17:36:52","date_gmt":"2022-03-06T16:36:52","guid":{"rendered":"https:\/\/traductera.com\/cookie-policy\/"},"modified":"2022-03-06T17:49:30","modified_gmt":"2022-03-06T16:49:30","slug":"politique-relative-aux-cookies","status":"publish","type":"page","link":"https:\/\/traductera.com\/fr\/politique-relative-aux-cookies\/","title":{"rendered":"Politique relative aux cookies"},"content":{"rendered":"<div class=\"wpb-content-wrapper\">[vc_row][vc_column][mk_fancy_title size=\u00a0\u00bb\u00a0\u00bb font_family=\u00a0\u00bbnone\u00a0\u00bb]Cookies que nous utilisons sur notre site Web:[\/mk_fancy_title][vc_raw_html]JTVCcmVuZGVyX2Nvb2tpZXNfbGlzdCUyMGRpc3BsYXlfc2luZ2xlX2Nvb2tpZXMlM0R0cnVlJTVE[\/vc_raw_html][\/vc_column][\/vc_row][vc_row][vc_column][mk_fancy_title tag_name=\u00a0\u00bbh4&Prime; size=\u00a0\u00bb\u00a0\u00bb font_family=\u00a0\u00bbnone\u00a0\u00bb]Gestion de vos donn\u00e9es personnelles:[\/mk_fancy_title][vc_column_text css=\u00a0\u00bb.vc_custom_1639402268233{margin-bottom: 0px !important;}\u00a0\u00bb]\n<div class=\"ct-ultimate-gdpr-container ct-ultimate-gdpr-my-account  ct-ultimate-gdpr-simple-form\">\n\n\t\n    <div id=\"tabs\">\n        <ul>\n                        <li>\n                <a href=\"#tabs-1\">\n\t\t\t\t\tAcc\u00e8s aux donn\u00e9es personnelles                <\/a>\n            <\/li>\n            <li>\n                <a href=\"#tabs-2\">\n\t\t\t\t\tDroit \u00e0 \u00eatre oubli\u00e9                <\/a>\n            <\/li>\n            <li>\n                <a href=\"#tabs-3\">\n\t\t\t\t\tRectification des donn\u00e9es                <\/a>\n            <\/li>\n\t\t\t        <\/ul>\n\n        \n        <div id=\"tabs-1\">\n\n            <div class=\"ct-headerContent\">\n\t\t\t\tCi-dessous, vous pouvez demander que vos donn\u00e9es personnelles collect\u00e9es par ce site vous soient envoy\u00e9es par courrier \u00e9lectronique.            <\/div>\n\n            <form id=\"ct-ultimate-gdpr-data-access\" method=\"post\">\n                <label for=\"ct-ultimate-gdpr-email\">Email:<\/label>\n\t\t\t\t                    <input type=\"email\" name=\"ct-ultimate-gdpr-email\" value=\"\" required=\"\" id=\"ct-ultimate-gdpr-email\">\n\t\t\t\t                <label for=\"ct-ultimate-gdpr-consent-data-access\">\n                    <input type=\"checkbox\" id=\"ct-ultimate-gdpr-consent-data-access\"\n                           name=\"ct-ultimate-gdpr-consent-data-access\" required=\"\">\n                    <span class=\"ct-checkbox\"><\/span>\n\t\t\t\t\tJe consens \u00e0 ce que mon adresse de email soit collect\u00e9e afin de recevoir mes donn\u00e9es demand\u00e9es. Voir la page Politique de confidentialit\u00e9 pour plus d\u2019informations.                <\/label>\n\t\t\t\t\n\t\t\t\t\n                <input type=\"hidden\" name=\"ct-ultimate-gdpr-request-url\" value=\"https:\/\/traductera.com\/fr\/politique-relative-aux-cookies\/\"\/>\n                <input type=\"submit\" name=\"ct-ultimate-gdpr-data-access-submit\"\n                       value=\"Envoyer\">\n\n            <\/form>\n        <\/div>\n\n        <div id=\"tabs-2\">\n            <div class=\"ct-headerContent\">\n                <p>Removal of your data will not limit in any way the system functionalities<\/p>                Ci-dessous, vous pouvez parcourir les services qui collectent vos donn\u00e9es personnelles sur ce site. V\u00e9rifiez les services que vous souhaitez \u00eatre oubli\u00e9 par. Cela enverra une demande \u00e0 l&#039;administrateur du site. Une fois cela fait, vous serez averti par email.            <\/div>\n\n            <form id=\"ct-ultimate-gdpr-forget\" method=\"post\">\n\n                <div class=\"ct-ultimate-gdpr-services-list\">\n\n\t\t\t\t\t                            <div class=\"ct-ultimate-gdpr-service-options\">\n                                <div class=\"ct-ultimate-gdpr-service-option\">\n                                    <input type=\"checkbox\" name=\"ct-ultimate-gdpr-service-forget[]\"\n                                           value=\"wp_comments\">\n                                    <span class=\"ct-checkbox\"><\/span>\n                                <\/div>\n                                <div class=\"ct-ultimate-gdpr-service-details\">\n                                    <div class=\"ct-ultimate-gdpr-service-title\">WP Comments<\/div>\n                                    <div class=\"ct-ultimate-gdpr-service-description\">Les commentaires WordPress sont des donn\u00e9es saisies par les utilisateurs<\/div>\n                                <\/div>\n                            <\/div>\n\n\n\t\t\t\t\t\t                            <div class=\"ct-ultimate-gdpr-service-options\">\n                                <div class=\"ct-ultimate-gdpr-service-option\">\n                                    <input type=\"checkbox\" name=\"ct-ultimate-gdpr-service-forget[]\"\n                                           value=\"wp_posts\">\n                                    <span class=\"ct-checkbox\"><\/span>\n                                <\/div>\n                                <div class=\"ct-ultimate-gdpr-service-details\">\n                                    <div class=\"ct-ultimate-gdpr-service-title\">WordPress Posts<\/div>\n                                    <div class=\"ct-ultimate-gdpr-service-description\">Donn\u00e9es de l&#039;auteur dans les commentaires et publications<\/div>\n                                <\/div>\n                            <\/div>\n\n\n\t\t\t\t\t\t                            <div class=\"ct-ultimate-gdpr-service-options\">\n                                <div class=\"ct-ultimate-gdpr-service-option\">\n                                    <input type=\"checkbox\" name=\"ct-ultimate-gdpr-service-forget[]\"\n                                           value=\"wp_user\">\n                                    <span class=\"ct-checkbox\"><\/span>\n                                <\/div>\n                                <div class=\"ct-ultimate-gdpr-service-details\">\n                                    <div class=\"ct-ultimate-gdpr-service-title\">WP Donn\u00e9es utilisateur<\/div>\n                                    <div class=\"ct-ultimate-gdpr-service-description\">WordPress Les donn\u00e9es utilisateurs sont stock\u00e9es sous forme de m\u00e9tadonn\u00e9es utilisateur dans la base de donn\u00e9es<\/div>\n                                <\/div>\n                            <\/div>\n\n\n\t\t\t\t\t\t\n\n                    <div class=\"ct-ultimate-gdpr-services-email\">\n\n                        <label for=\"ct-ultimate-gdpr-forget-email\">Email:<\/label>\n\t\t\t\t\t\t                            <input type=\"email\" name=\"ct-ultimate-gdpr-email\" value=\"\" required=\"\"\n                                   id=\"ct-ultimate-gdpr-forget-email\">\n\t\t\t\t\t\t                    <\/div>\n\n                    <label for=\"ct-ultimate-gdpr-consent-forget-me\">\n                        <input type=\"checkbox\" id=\"ct-ultimate-gdpr-consent-forget-me\"\n                               name=\"ct-ultimate-gdpr-consent-forget-me\" required=\"\">\n                        <span class=\"ct-checkbox\"><\/span>\n\t\t\t\t\t\tJe consens \u00e0 ce que mon adresse email soit collect\u00e9e afin de traiter cette demande. Voir la page Politique de confidentialit\u00e9 pour plus d&#039;informations.                    <\/label>\n\t\t\t\t\t\n\t\t\t\t\t\n                    <input type=\"hidden\" name=\"ct-ultimate-gdpr-request-url\" value=\"https:\/\/traductera.com\/fr\/politique-relative-aux-cookies\/\"\/>\n                    <input type=\"submit\" class=\"ct-ultimate-gdpr-forget-submitBtn\" name=\"ct-ultimate-gdpr-forget-submit\"\n                           value=\"Envoyer\">\n\n\n                <\/div>\n\n            <\/form>\n        <\/div>\n\n        <div id=\"tabs-3\">\n            <div class=\"ct-headerContent\">\n\t\t\t\tCi-dessous, vous pouvez envoyer une demande de rectification de vos donn\u00e9es par l&#039;administrateur du site. Entrez ce que vous souhaitez \u00eatre rectifi\u00e9. Une fois cela fait, vous serez averti par email.            <\/div>\n\n            <form id=\"ct-ultimate-gdpr-rectification\" method=\"post\">\n\n                <div class=\"ct-ultimate-gdpr-services-email\">\n\n                    <label for=\"ct-ultimate-gdpr-rectification-data-current\" class=\"ct-u-display-block\">\n\t\t\t\t\t\tDonn\u00e9es actuelles                    <\/label>\n                    <textarea\n                            name=\"ct-ultimate-gdpr-rectification-data-current\"\n                            rows=\"5\"\n                            required\n                            id=\"ct-ultimate-gdpr-rectification-data-current\"\n                    ><\/textarea>\n\n                <\/div>\n\n                <div class=\"ct-ultimate-gdpr-services-email\">\n\n                    <label for=\"ct-ultimate-gdpr-rectification-data-rectified\" class=\"ct-u-display-block\">\n\t\t\t\t\t\tDonn\u00e9es rectifi\u00e9es                    <\/label>\n                    <textarea\n                            name=\"ct-ultimate-gdpr-rectification-data-rectified\"\n                            rows=\"5\"\n                            required\n                            id=\"ct-ultimate-gdpr-rectification-data-rectified\"\n                    ><\/textarea>\n\n                <\/div>\n\n                <div class=\"ct-ultimate-gdpr-services-email\">\n\n                    <label for=\"ct-ultimate-gdpr-rectify-email\">Email:<\/label>\n\t\t\t\t\t                        <input\n                                type=\"email\"\n                                name=\"ct-ultimate-gdpr-email\"\n                                value=\"\"\n                                required=\"\"\n                                id=\"ct-ultimate-gdpr-rectify-email\"\n                        >\n\t\t\t\t\t                <\/div>\n\n                <label for=\"ct-ultimate-gdpr-consent-data-rectification\">\n                    <input type=\"checkbox\" id=\"ct-ultimate-gdpr-consent-data-rectification\"\n                           name=\"ct-ultimate-gdpr-consent-data-rectification\" required=\"\">\n                    <span class=\"ct-checkbox ct-ultimate-gdpr-simple-form\"><\/span>\n\t\t\t\t\tJe consens \u00e0 ce que mon adresse email soit collect\u00e9e afin de traiter cette demande. Voir la page Politique de confidentialit\u00e9 pour plus d&#039;informations.                <\/label>\n\t\t\t\t\n\t\t\t\t\n                <input type=\"hidden\" name=\"ct-ultimate-gdpr-request-url\" value=\"https:\/\/traductera.com\/fr\/politique-relative-aux-cookies\/\"\/>\n                <input type=\"submit\" class=\"ct-ultimate-gdpr-forget-submitBtn\"\n                       name=\"ct-ultimate-gdpr-rectification-submit\"\n                       value=\"Envoyer\">\n\n\n            <\/form>\n        <\/div>\n\t\t    <\/div>\n\n<\/div>[\/vc_column_text][\/vc_column][\/vc_row][vc_row][vc_column][mk_fancy_title tag_name=\u00a0\u00bbh4&Prime; size=\u00a0\u00bb\u00a0\u00bb font_family=\u00a0\u00bbnone\u00a0\u00bb]Modifier les param\u00e8tres des cookies:[\/mk_fancy_title][vc_raw_html el_class=\u00a0\u00bbvc_btn vc_btn_juicy_pink vc_btn-juicy_pink vc_btn_lg vc_btn-lg vc_btn_square\u00a0\u00bb]JTVCdWx0aW1hdGVfZ2Rwcl9jb29raWVfcG9wdXAlNURTcHIlQzMlQTF2YSUyMG5hc3RhdmVuJUMzJUFEJTIwc291Ym9yJUM1JUFGJTIwQ29va2llcyU1QiUyRnVsdGltYXRlX2dkcHJfY29va2llX3BvcHVwJTVE[\/vc_raw_html][\/vc_column][\/vc_row]\n<\/div>","protected":false},"excerpt":{"rendered":"<p>[vc_row][vc_column][mk_fancy_title size=\u00a0\u00bb\u00a0\u00bb font_family=\u00a0\u00bbnone\u00a0\u00bb]Cookies que nous utilisons sur notre site Web:[\/mk_fancy_title][vc_raw_html]JTVCcmVuZGVyX2Nvb2tpZXNfbGlzdCUyMGRpc3BsYXlfc2luZ2xlX2Nvb2tpZXMlM0R0cnVlJTVE[\/vc_raw_html][\/vc_column][\/vc_row][vc_row][vc_column][mk_fancy_title tag_name=\u00a0\u00bbh4&Prime; size=\u00a0\u00bb\u00a0\u00bb font_family=\u00a0\u00bbnone\u00a0\u00bb]Gestion de vos donn\u00e9es personnelles:[\/mk_fancy_title][vc_column_text css=\u00a0\u00bb.vc_custom_1639402268233{margin-bottom: 0px !important;}\u00a0\u00bb][\/vc_column_text][\/vc_column][\/vc_row][vc_row][vc_column][mk_fancy_title tag_name=\u00a0\u00bbh4&Prime; size=\u00a0\u00bb\u00a0\u00bb font_family=\u00a0\u00bbnone\u00a0\u00bb]Modifier les param\u00e8tres des cookies:[\/mk_fancy_title][vc_raw_html el_class=\u00a0\u00bbvc_btn vc_btn_juicy_pink vc_btn-juicy_pink vc_btn_lg vc_btn-lg vc_btn_square\u00a0\u00bb]JTVCdWx0aW1hdGVfZ2Rwcl9jb29raWVfcG9wdXAlNURTcHIlQzMlQTF2YSUyMG5hc3RhdmVuJUMzJUFEJTIwc291Ym9yJUM1JUFGJTIwQ29va2llcyU1QiUyRnVsdGltYXRlX2dkcHJfY29va2llX3BvcHVwJTVE[\/vc_raw_html][\/vc_column][\/vc_row]<\/p>\n","protected":false},"author":3,"featured_media":0,"parent":0,"menu_order":0,"comment_status":"closed","ping_status":"closed","template":"","meta":{"_acf_changed":false,"_monsterinsights_skip_tracking":false,"_monsterinsights_sitenote_active":false,"_monsterinsights_sitenote_note":"","_monsterinsights_sitenote_category":0,"footnotes":""},"class_list":["post-24784","page","type-page","status-publish","hentry"],"acf":[],"yoast_head":"<title>Politique relative aux cookies &#8226; ACP Traductera<\/title>\n<meta name=\"robots\" content=\"index, follow, max-snippet:-1, max-image-preview:large, max-video-preview:-1\" \/>\n<link rel=\"canonical\" href=\"https:\/\/traductera.com\/fr\/politique-relative-aux-cookies\/\" \/>\n<meta property=\"og:locale\" content=\"fr_FR\" \/>\n<meta property=\"og:type\" content=\"article\" \/>\n<meta property=\"og:title\" content=\"Politique relative aux cookies &#8226; ACP Traductera\" \/>\n<meta property=\"og:description\" content=\"[vc_row][vc_column][mk_fancy_title size=\u00a0\u00bb\u00a0\u00bb font_family=\u00a0\u00bbnone\u00a0\u00bb]Cookies que nous utilisons sur notre site Web:[\/mk_fancy_title][vc_raw_html]JTVCcmVuZGVyX2Nvb2tpZXNfbGlzdCUyMGRpc3BsYXlfc2luZ2xlX2Nvb2tpZXMlM0R0cnVlJTVE[\/vc_raw_html][\/vc_column][\/vc_row][vc_row][vc_column][mk_fancy_title tag_name=\u00a0\u00bbh4&Prime; size=\u00a0\u00bb\u00a0\u00bb font_family=\u00a0\u00bbnone\u00a0\u00bb]Gestion de vos donn\u00e9es personnelles:[\/mk_fancy_title][vc_column_text css=\u00a0\u00bb.vc_custom_1639402268233{margin-bottom: 0px !important;}\u00a0\u00bb][\/vc_column_text][\/vc_column][\/vc_row][vc_row][vc_column][mk_fancy_title tag_name=\u00a0\u00bbh4&Prime; size=\u00a0\u00bb\u00a0\u00bb font_family=\u00a0\u00bbnone\u00a0\u00bb]Modifier les param\u00e8tres des cookies:[\/mk_fancy_title][vc_raw_html el_class=\u00a0\u00bbvc_btn vc_btn_juicy_pink vc_btn-juicy_pink vc_btn_lg vc_btn-lg vc_btn_square\u00a0\u00bb]JTVCdWx0aW1hdGVfZ2Rwcl9jb29raWVfcG9wdXAlNURTcHIlQzMlQTF2YSUyMG5hc3RhdmVuJUMzJUFEJTIwc291Ym9yJUM1JUFGJTIwQ29va2llcyU1QiUyRnVsdGltYXRlX2dkcHJfY29va2llX3BvcHVwJTVE[\/vc_raw_html][\/vc_column][\/vc_row]\" \/>\n<meta property=\"og:url\" content=\"https:\/\/traductera.com\/fr\/politique-relative-aux-cookies\/\" \/>\n<meta property=\"og:site_name\" content=\"ACP Traductera\" \/>\n<meta property=\"article:publisher\" content=\"https:\/\/www.facebook.com\/ACPtraductera\" \/>\n<meta property=\"article:modified_time\" content=\"2022-03-06T16:49:30+00:00\" \/>\n<meta property=\"og:image\" content=\"https:\/\/traductera.com\/wp-content\/uploads\/2015\/03\/logo_slider.png\" \/>\n\t<meta property=\"og:image:width\" content=\"700\" \/>\n\t<meta property=\"og:image:height\" content=\"86\" \/>\n\t<meta property=\"og:image:type\" content=\"image\/png\" \/>\n<meta name=\"twitter:card\" content=\"summary_large_image\" \/>\n<meta name=\"twitter:site\" content=\"@traductera\" \/>\n<meta name=\"twitter:label1\" content=\"Dur\u00e9e de lecture estim\u00e9e\" \/>\n\t<meta name=\"twitter:data1\" content=\"1 minute\" \/>\n<script type=\"application\/ld+json\" class=\"yoast-schema-graph\">{\"@context\":\"https:\/\/schema.org\",\"@graph\":[{\"@type\":\"WebPage\",\"@id\":\"https:\/\/traductera.com\/fr\/politique-relative-aux-cookies\/\",\"url\":\"https:\/\/traductera.com\/fr\/politique-relative-aux-cookies\/\",\"name\":\"Politique relative aux cookies &#8226; ACP Traductera\",\"isPartOf\":{\"@id\":\"https:\/\/traductera.com\/#website\"},\"datePublished\":\"2022-03-06T16:36:52+00:00\",\"dateModified\":\"2022-03-06T16:49:30+00:00\",\"inLanguage\":\"fr-FR\",\"potentialAction\":[{\"@type\":\"ReadAction\",\"target\":[\"https:\/\/traductera.com\/fr\/politique-relative-aux-cookies\/\"]}]},{\"@type\":\"WebSite\",\"@id\":\"https:\/\/traductera.com\/#website\",\"url\":\"https:\/\/traductera.com\/\",\"name\":\"ACP Traductera\",\"description\":\"Localization Partner for your Success in Central & Eastern Europe\",\"publisher\":{\"@id\":\"https:\/\/traductera.com\/#organization\"},\"potentialAction\":[{\"@type\":\"SearchAction\",\"target\":{\"@type\":\"EntryPoint\",\"urlTemplate\":\"https:\/\/traductera.com\/?s={search_term_string}\"},\"query-input\":{\"@type\":\"PropertyValueSpecification\",\"valueRequired\":true,\"valueName\":\"search_term_string\"}}],\"inLanguage\":\"fr-FR\"},{\"@type\":\"Organization\",\"@id\":\"https:\/\/traductera.com\/#organization\",\"name\":\"ACP Traductera, a.s.\",\"url\":\"https:\/\/traductera.com\/\",\"logo\":{\"@type\":\"ImageObject\",\"inLanguage\":\"fr-FR\",\"@id\":\"https:\/\/traductera.com\/#\/schema\/logo\/image\/\",\"url\":\"https:\/\/traductera.com\/wp-content\/uploads\/2015\/03\/logo_slider.png\",\"contentUrl\":\"https:\/\/traductera.com\/wp-content\/uploads\/2015\/03\/logo_slider.png\",\"width\":700,\"height\":86,\"caption\":\"ACP Traductera, a.s.\"},\"image\":{\"@id\":\"https:\/\/traductera.com\/#\/schema\/logo\/image\/\"},\"sameAs\":[\"https:\/\/www.facebook.com\/ACPtraductera\",\"https:\/\/x.com\/traductera\",\"https:\/\/www.instagram.com\/acptraductera\/\",\"https:\/\/www.linkedin.com\/company\/acp-traductera\"]}]}<\/script>","yoast_head_json":{"title":"Politique relative aux cookies &#8226; ACP Traductera","robots":{"index":"index","follow":"follow","max-snippet":"max-snippet:-1","max-image-preview":"max-image-preview:large","max-video-preview":"max-video-preview:-1"},"canonical":"https:\/\/traductera.com\/fr\/politique-relative-aux-cookies\/","og_locale":"fr_FR","og_type":"article","og_title":"Politique relative aux cookies &#8226; ACP Traductera","og_description":"[vc_row][vc_column][mk_fancy_title size=\u00a0\u00bb\u00a0\u00bb font_family=\u00a0\u00bbnone\u00a0\u00bb]Cookies que nous utilisons sur notre site Web:[\/mk_fancy_title][vc_raw_html]JTVCcmVuZGVyX2Nvb2tpZXNfbGlzdCUyMGRpc3BsYXlfc2luZ2xlX2Nvb2tpZXMlM0R0cnVlJTVE[\/vc_raw_html][\/vc_column][\/vc_row][vc_row][vc_column][mk_fancy_title tag_name=\u00a0\u00bbh4&Prime; size=\u00a0\u00bb\u00a0\u00bb font_family=\u00a0\u00bbnone\u00a0\u00bb]Gestion de vos donn\u00e9es personnelles:[\/mk_fancy_title][vc_column_text css=\u00a0\u00bb.vc_custom_1639402268233{margin-bottom: 0px !important;}\u00a0\u00bb][\/vc_column_text][\/vc_column][\/vc_row][vc_row][vc_column][mk_fancy_title tag_name=\u00a0\u00bbh4&Prime; size=\u00a0\u00bb\u00a0\u00bb font_family=\u00a0\u00bbnone\u00a0\u00bb]Modifier les param\u00e8tres des cookies:[\/mk_fancy_title][vc_raw_html el_class=\u00a0\u00bbvc_btn vc_btn_juicy_pink vc_btn-juicy_pink vc_btn_lg vc_btn-lg vc_btn_square\u00a0\u00bb]JTVCdWx0aW1hdGVfZ2Rwcl9jb29raWVfcG9wdXAlNURTcHIlQzMlQTF2YSUyMG5hc3RhdmVuJUMzJUFEJTIwc291Ym9yJUM1JUFGJTIwQ29va2llcyU1QiUyRnVsdGltYXRlX2dkcHJfY29va2llX3BvcHVwJTVE[\/vc_raw_html][\/vc_column][\/vc_row]","og_url":"https:\/\/traductera.com\/fr\/politique-relative-aux-cookies\/","og_site_name":"ACP Traductera","article_publisher":"https:\/\/www.facebook.com\/ACPtraductera","article_modified_time":"2022-03-06T16:49:30+00:00","og_image":[{"width":700,"height":86,"url":"https:\/\/traductera.com\/wp-content\/uploads\/2015\/03\/logo_slider.png","type":"image\/png"}],"twitter_card":"summary_large_image","twitter_site":"@traductera","twitter_misc":{"Dur\u00e9e de lecture estim\u00e9e":"1 minute"},"schema":{"@context":"https:\/\/schema.org","@graph":[{"@type":"WebPage","@id":"https:\/\/traductera.com\/fr\/politique-relative-aux-cookies\/","url":"https:\/\/traductera.com\/fr\/politique-relative-aux-cookies\/","name":"Politique relative aux cookies &#8226; ACP Traductera","isPartOf":{"@id":"https:\/\/traductera.com\/#website"},"datePublished":"2022-03-06T16:36:52+00:00","dateModified":"2022-03-06T16:49:30+00:00","inLanguage":"fr-FR","potentialAction":[{"@type":"ReadAction","target":["https:\/\/traductera.com\/fr\/politique-relative-aux-cookies\/"]}]},{"@type":"WebSite","@id":"https:\/\/traductera.com\/#website","url":"https:\/\/traductera.com\/","name":"ACP Traductera","description":"Localization Partner for your Success in Central & Eastern Europe","publisher":{"@id":"https:\/\/traductera.com\/#organization"},"potentialAction":[{"@type":"SearchAction","target":{"@type":"EntryPoint","urlTemplate":"https:\/\/traductera.com\/?s={search_term_string}"},"query-input":{"@type":"PropertyValueSpecification","valueRequired":true,"valueName":"search_term_string"}}],"inLanguage":"fr-FR"},{"@type":"Organization","@id":"https:\/\/traductera.com\/#organization","name":"ACP Traductera, a.s.","url":"https:\/\/traductera.com\/","logo":{"@type":"ImageObject","inLanguage":"fr-FR","@id":"https:\/\/traductera.com\/#\/schema\/logo\/image\/","url":"https:\/\/traductera.com\/wp-content\/uploads\/2015\/03\/logo_slider.png","contentUrl":"https:\/\/traductera.com\/wp-content\/uploads\/2015\/03\/logo_slider.png","width":700,"height":86,"caption":"ACP Traductera, a.s."},"image":{"@id":"https:\/\/traductera.com\/#\/schema\/logo\/image\/"},"sameAs":["https:\/\/www.facebook.com\/ACPtraductera","https:\/\/x.com\/traductera","https:\/\/www.instagram.com\/acptraductera\/","https:\/\/www.linkedin.com\/company\/acp-traductera"]}]}},"_links":{"self":[{"href":"https:\/\/traductera.com\/fr\/wp-json\/wp\/v2\/pages\/24784","targetHints":{"allow":["GET"]}}],"collection":[{"href":"https:\/\/traductera.com\/fr\/wp-json\/wp\/v2\/pages"}],"about":[{"href":"https:\/\/traductera.com\/fr\/wp-json\/wp\/v2\/types\/page"}],"author":[{"embeddable":true,"href":"https:\/\/traductera.com\/fr\/wp-json\/wp\/v2\/users\/3"}],"replies":[{"embeddable":true,"href":"https:\/\/traductera.com\/fr\/wp-json\/wp\/v2\/comments?post=24784"}],"version-history":[{"count":0,"href":"https:\/\/traductera.com\/fr\/wp-json\/wp\/v2\/pages\/24784\/revisions"}],"wp:attachment":[{"href":"https:\/\/traductera.com\/fr\/wp-json\/wp\/v2\/media?parent=24784"}],"curies":[{"name":"wp","href":"https:\/\/api.w.org\/{rel}","templated":true}]}}