{"id":2691,"date":"2015-06-04T14:43:34","date_gmt":"2015-06-04T12:43:34","guid":{"rendered":"\/\/traductera.com\/?page_id=2691"},"modified":"2024-05-29T11:40:46","modified_gmt":"2024-05-29T09:40:46","slug":"combinaisons_de_langues","status":"publish","type":"page","link":"https:\/\/traductera.com\/fr\/combinaisons_de_langues\/","title":{"rendered":"Combinaisons de langues"},"content":{"rendered":"<div class=\"wpb-content-wrapper\">[mk_page_section bg_image=\u00a0\u00bb\/\/traductera.com\/wp-content\/uploads\/2015\/03\/doktori1.jpg\u00a0\u00bb attachment=\u00a0\u00bbfixed\u00a0\u00bb bg_position=\u00a0\u00bbcenter center\u00a0\u00bb bg_repeat=\u00a0\u00bbno-repeat\u00a0\u00bb bg_stretch=\u00a0\u00bbtrue\u00a0\u00bb top_shadow=\u00a0\u00bbtrue\u00a0\u00bb min_height=\u00a0\u00bb400&Prime; padding_top=\u00a0\u00bb0&Prime; padding_bottom=\u00a0\u00bb0&Prime; section_id=\u00a0\u00bblide\u00a0\u00bb sidebar=\u00a0\u00bbsidebar-1&Prime; first_page=\u00a0\u00bbtrue\u00a0\u00bb last_page=\u00a0\u00bbtrue\u00a0\u00bb][vc_column][vc_empty_space height=\u00a0\u00bb200px\u00a0\u00bb][vc_column_text align=\u00a0\u00bbcenter\u00a0\u00bb animation=\u00a0\u00bbtop-to-bottom\u00a0\u00bb css=\u00a0\u00bb.vc_custom_1716975642884{margin-bottom: 0px !important;}\u00a0\u00bb]\n<h1 style=\"text-align: center;\"><span style=\"color: #333333;\">357&nbsp;047&nbsp;921<\/span>\u00a0<span style=\"color: #333333;\">de mots traduits<\/span><\/h1>\n[\/vc_column_text][vc_empty_space height=\u00a0\u00bb100px\u00a0\u00bb][vc_empty_space height=\u00a0\u00bb100px\u00a0\u00bb][\/vc_column][\/mk_page_section][mk_page_section bg_color=\u00a0\u00bb#ffffff\u00a0\u00bb enable_3d=\u00a0\u00bbtrue\u00a0\u00bb padding_top=\u00a0\u00bb0&Prime; padding_bottom=\u00a0\u00bb0&Prime; el_class=\u00a0\u00bbsl_back_01&Prime; sidebar=\u00a0\u00bbsidebar-1&Prime; first_page=\u00a0\u00bbfalse\u00a0\u00bb last_page=\u00a0\u00bbfalse\u00a0\u00bb][vc_column][vc_empty_space height=\u00a0\u00bb30px\u00a0\u00bb][vc_column_text align=\u00a0\u00bbcenter\u00a0\u00bb]\n<h2 style=\"text-align: center;\">Combinaisons de langues<\/h2>\n[\/vc_column_text][mk_divider style=\u00a0\u00bbthin_solid\u00a0\u00bb divider_width=\u00a0\u00bbcustom_width\u00a0\u00bb custom_width=\u00a0\u00bb100&Prime; thickness=\u00a0\u00bb2&Prime; margin_bottom=\u00a0\u00bb50&Prime;][vc_row_inner][vc_column_inner][vc_column_text el_class=\u00a0\u00bbid=\u00ab\u00a0preklady\u00ab\u00a0\u00a0\u00bb css=\u00a0\u00bb.vc_custom_1716975674699{margin-bottom: 0px !important;}\u00a0\u00bb]\n<h6>Notre sp\u00e9cialit\u00e9 ? Les services de traduction vers les langues d&rsquo;Europe centrale et de l&rsquo;Est. Nous travaillons essentiellement \u00e0 partir de l&rsquo;anglais, de l&rsquo;allemand, de l&rsquo;espagnol, du fran\u00e7ais et d&rsquo;autres langues d\u2019Europe occidentale. Notre \u00e9quipe compte plus de mille traducteurs, qui sont autant de locuteurs natifs exp\u00e9riment\u00e9s dans leur domaine. Gr\u00e2ce \u00e0 eux, nous sommes en mesure de vous offrir pr\u00e8s de 700 combinaisons de langues.<\/h6>\n[\/vc_column_text][\/vc_column_inner][\/vc_row_inner][vc_empty_space][\/vc_column][\/mk_page_section][mk_page_section bg_image=\u00a0\u00bb\/\/traductera.com\/wp-content\/uploads\/2015\/03\/doktori1.jpg\u00a0\u00bb attachment=\u00a0\u00bbfixed\u00a0\u00bb bg_position=\u00a0\u00bbcenter center\u00a0\u00bb bg_repeat=\u00a0\u00bbno-repeat\u00a0\u00bb bg_stretch=\u00a0\u00bbtrue\u00a0\u00bb speed_factor=\u00a0\u00bb0.7&Prime; video_mask=\u00a0\u00bbtrue\u00a0\u00bb video_color_mask=\u00a0\u00bb#2d2d2d\u00a0\u00bb video_opacity=\u00a0\u00bb0.8&Prime; sidebar=\u00a0\u00bbsidebar-1&Prime; first_page=\u00a0\u00bbfalse\u00a0\u00bb last_page=\u00a0\u00bbfalse\u00a0\u00bb][vc_column][vc_tabs style=\u00a0\u00bbsimple\u00a0\u00bb container_bg_color=\u00a0\u00bbrgba(255,255,255,0.01)\u00a0\u00bb][vc_tab title=\u00a0\u00bbListe des langues source et cible\u00a0\u00bb tab_id=\u00a0\u00bb1426002694-1-67&Prime;][vc_empty_space][vc_row_inner][vc_column_inner width=\u00a0\u00bb1\/6&Prime;][vc_column_text]\n<h6 style=\"text-align: right;\"><span style=\"color: #ffffff;\">allemand<\/span><\/h6>\n<h6 style=\"text-align: right;\"><span style=\"color: #ffffff;\">anglais<\/span><\/h6>\n<h6 style=\"text-align: right;\"><span style=\"color: #ffffff;\">danois<\/span><\/h6>\n<h6 style=\"text-align: right;\"><span style=\"color: #ffffff;\">espagnol<\/span><\/h6>\n<h6 style=\"text-align: right;\"><span style=\"color: #ffffff;\">finnois<\/span><\/h6>\n<h6 style=\"text-align: right;\"><span style=\"color: #ffffff;\">fran\u00e7ais<\/span><\/h6>\n[\/vc_column_text][\/vc_column_inner][vc_column_inner width=\u00a0\u00bb1\/6&Prime;][vc_column_text]\n<h6 style=\"text-align: right;\"><span style=\"color: #ffffff;\">grec<\/span><\/h6>\n<h6 style=\"text-align: right;\"><span style=\"color: #ffffff;\">italien<\/span><\/h6>\n<h6 style=\"text-align: right;\"><span style=\"color: #ffffff;\">n\u00e9erlandais<\/span><\/h6>\n<h6 style=\"text-align: right;\"><span style=\"color: #ffffff;\">norv\u00e9gien<\/span><\/h6>\n<h6 style=\"text-align: right;\"><span style=\"color: #ffffff;\">portugais<\/span><\/h6>\n<h6 style=\"text-align: right;\"><span style=\"color: #ffffff;\">su\u00e9dois<\/span><\/h6>\n[\/vc_column_text][\/vc_column_inner][vc_column_inner width=\u00a0\u00bb1\/6&Prime;][mk_font_icons icon=\u00a0\u00bbmk-icon-random\u00a0\u00bb color=\u00a0\u00bb#ffffff\u00a0\u00bb size=\u00a0\u00bbx-large\u00a0\u00bb margin_horizental=\u00a0\u00bb0&Prime; margin_vertical=\u00a0\u00bb0&Prime; align=\u00a0\u00bbcenter\u00a0\u00bb][vc_empty_space][vc_column_text animation=\u00a0\u00bbright-to-left\u00a0\u00bb]\n<h5 style=\"text-align: center;\"><span style=\"color: #ffffff;\">&lt;&lt; \u00a0Langues source<\/span><\/h5>\n[\/vc_column_text][vc_separator el_width=\u00a0\u00bb70&Prime;][vc_column_text margin_bottom=\u00a0\u00bb-30&Prime; animation=\u00a0\u00bbright-to-left\u00a0\u00bb el_class=\u00a0\u00bbtext_source\u00a0\u00bb]\n<h5 style=\"text-align: center;\"><span style=\"color: #ffffff;\">Langues cible\u00a0&gt;&gt;<\/span><\/h5>\n[\/vc_column_text][\/vc_column_inner][vc_column_inner width=\u00a0\u00bb1\/6&Prime;][vc_column_text animation=\u00a0\u00bbright-to-left\u00a0\u00bb]\n<h6><span style=\"color: #ffffff;\">albanais<\/span><\/h6>\n<h6><span style=\"color: #ffffff;\">arm\u00e9nien<\/span><\/h6>\n<h6><span style=\"color: #ffffff;\">bi\u00e9lorusse<\/span><\/h6>\n<h6><span style=\"color: #ffffff;\">bosniaque<\/span><\/h6>\n<h6><span style=\"color: #ffffff;\">bulgare<\/span><\/h6>\n<h6><span style=\"color: #ffffff;\">croate<\/span><\/h6>\n<h6><span style=\"color: #ffffff;\">estonien<\/span><\/h6>\n<h6><span style=\"color: #ffffff;\">g\u00e9orgien<\/span><\/h6>\n[\/vc_column_text][\/vc_column_inner][vc_column_inner width=\u00a0\u00bb1\/6&Prime;][vc_column_text animation=\u00a0\u00bbright-to-left\u00a0\u00bb]\n<h6><span style=\"color: #ffffff;\">grec<\/span><\/h6>\n<h6><span style=\"color: #ffffff;\">hongrois<\/span><\/h6>\n<h6><span style=\"color: #ffffff;\">kazakh<\/span><\/h6>\n<h6><span style=\"color: #ffffff;\">letton<\/span><\/h6>\n<h6><span style=\"color: #ffffff;\">lituanien<\/span><\/h6>\n<h6><span style=\"color: #ffffff;\">mac\u00e9donien<\/span><\/h6>\n<h6><span style=\"color: #ffffff;\">mont\u00e9n\u00e9grin<\/span><\/h6>\n<h6><span style=\"color: #ffffff;\">polonais<\/span><\/h6>\n[\/vc_column_text][\/vc_column_inner][vc_column_inner width=\u00a0\u00bb1\/6&Prime;][vc_column_text animation=\u00a0\u00bbright-to-left\u00a0\u00bb]\n<h6 style=\"text-align: left;\"><span style=\"color: #ffffff;\">roumain<\/span><\/h6>\n<h6 style=\"text-align: left;\"><span style=\"color: #ffffff;\">russe<\/span><\/h6>\n<h6 style=\"text-align: left;\"><span style=\"color: #ffffff;\">serbe<\/span><\/h6>\n<h6 style=\"text-align: left;\"><span style=\"color: #ffffff;\">slovaque<\/span><\/h6>\n<h6 style=\"text-align: left;\"><span style=\"color: #ffffff;\">slov\u00e8ne<\/span><\/h6>\n<h6 style=\"text-align: left;\"><span style=\"color: #ffffff;\">tch\u00e8que<\/span><\/h6>\n<h6 style=\"text-align: left;\"><span style=\"color: #ffffff;\">turc<\/span><\/h6>\n<h6 style=\"text-align: left;\"><span style=\"color: #ffffff;\">ukrainien<\/span><\/h6>\n[\/vc_column_text][\/vc_column_inner][\/vc_row_inner][vc_empty_space height=\u00a0\u00bb30px\u00a0\u00bb][\/vc_tab][\/vc_tabs][vc_separator color=\u00a0\u00bbcustom\u00a0\u00bb accent_color=\u00a0\u00bb#545454&Prime;][vc_row_inner][vc_column_inner width=\u00a0\u00bb1\/3&Prime;][vc_column_text]\n<h6><span style=\"color: #ffffff;\">Pour de plus amples informations &#8211; cliquez sur les langues particuli\u00e8res:<\/span><\/h6>\n[\/vc_column_text][\/vc_column_inner][vc_column_inner width=\u00a0\u00bb2\/3&Prime;][mk_toggle style=\u00a0\u00bbfancy\u00a0\u00bb title=\u00a0\u00bbEN\u00a0\u00bb]\n<h6>Nous avons traduit 83 millions de mots de et vers le \u00a0anglais.\u00a0Nous collaborons avec plus de 673 linguistes sp\u00e9cialis\u00e9s dans les traductions de\/vers le anglais.<\/h6>\n<h6>Nous traduisons le plus souvent des textes m\u00e9dicaux et techniques. D\u00e9couvrez nos sp\u00e9cialisations en suivant ce <a href=\"\/?page_id=2700&amp;lang=fr\"><strong>lien<\/strong><\/a>.<\/h6>\n[\/mk_toggle][mk_toggle style=\u00a0\u00bbfancy\u00a0\u00bb title=\u00a0\u00bbCZ\u00a0\u00bb]\n<h6>Nous avons traduit 40 millions de mots de et vers le\u00a0 tch\u00e8que.\u00a0Nous collaborons avec plus de 406 linguistes sp\u00e9cialis\u00e9s dans les traductions de\/vers le tch\u00e8que.<\/h6>\n<h6>Nous traduisons le plus souvent des textes m\u00e9dicaux et techniques. D\u00e9couvrez nos sp\u00e9cialisations en suivant ce <a href=\"\/?page_id=2700&amp;lang=fr\"><strong>lien<\/strong><\/a>.<\/h6>\n<h6><\/h6>\n[\/mk_toggle][mk_toggle style=\u00a0\u00bbfancy\u00a0\u00bb title=\u00a0\u00bbDE\u00a0\u00bb]\n<h6>Nous avons traduit 22 millions de mots de et vers le \u00a0allemand.\u00a0Nous collaborons avec plus de 273 linguistes sp\u00e9cialis\u00e9s dans les traductions de\/vers le allemand.<\/h6>\n<h6>Nous traduisons le plus souvent des textes m\u00e9dicaux et techniques. D\u00e9couvrez nos sp\u00e9cialisations en suivant ce <a href=\"\/?page_id=2700&amp;lang=fr\"><strong>lien<\/strong><\/a>.<\/h6>\n[\/mk_toggle][mk_toggle style=\u00a0\u00bbfancy\u00a0\u00bb title=\u00a0\u00bbFR\u00a0\u00bb]\n<h6>Nous avons traduit 1 million de mots de et vers le fran\u00e7ais.\u00a0Nous collaborons avec plus de 166 linguistes sp\u00e9cialis\u00e9s dans les traductions de\/vers le fran\u00e7ais.<\/h6>\n<h6>Nous traduisons le plus souvent des textes m\u00e9dicaux et techniques. D\u00e9couvrez nos sp\u00e9cialisations en suivant ce <a href=\"\/?page_id=2700&amp;lang=fr\"><strong>lien<\/strong><\/a>.<\/h6>\n[\/mk_toggle][mk_toggle style=\u00a0\u00bbfancy\u00a0\u00bb title=\u00a0\u00bbES\u00a0\u00bb]\n<h6>Nous avons traduit 400 mille de mots de et vers le espagnol.\u00a0Nous collaborons avec plus de 84 linguistes sp\u00e9cialis\u00e9s dans les traductions de\/vers le espagnol.<\/h6>\n<h6>Nous traduisons le plus souvent des textes m\u00e9dicaux et techniques. D\u00e9couvrez nos sp\u00e9cialisations en suivant ce <a href=\"\/?page_id=2700&amp;lang=fr\"><strong>lien<\/strong><\/a>.<\/h6>\n[\/mk_toggle][\/vc_column_inner][\/vc_row_inner][\/vc_column][\/mk_page_section][mk_page_section bg_image=\u00a0\u00bb\/\/traductera.com\/wp-content\/uploads\/2015\/03\/doktori1.jpg\u00a0\u00bb attachment=\u00a0\u00bbfixed\u00a0\u00bb bg_position=\u00a0\u00bbcenter center\u00a0\u00bb bg_repeat=\u00a0\u00bbno-repeat\u00a0\u00bb bg_stretch=\u00a0\u00bbtrue\u00a0\u00bb speed_factor=\u00a0\u00bb0.7&Prime; video_mask=\u00a0\u00bbtrue\u00a0\u00bb video_color_mask=\u00a0\u00bb#2d2d2d\u00a0\u00bb video_opacity=\u00a0\u00bb0.8&Prime; sidebar=\u00a0\u00bbsidebar-1&Prime; first_page=\u00a0\u00bbfalse\u00a0\u00bb last_page=\u00a0\u00bbfalse\u00a0\u00bb][vc_column][vc_empty_space height=\u00a0\u00bb30px\u00a0\u00bb][vc_separator color=\u00a0\u00bbblack\u00a0\u00bb][vc_row_inner][vc_column_inner width=\u00a0\u00bb2\/3&Prime;][\/vc_column_inner][vc_column_inner width=\u00a0\u00bb1\/3&Prime;][vc_button2 title=\u00a0\u00bbDemandez un devis \/ Contactez-nous\u00a0\u00bb align=\u00a0\u00bbright\u00a0\u00bb style=\u00a0\u00bbsquare\u00a0\u00bb color=\u00a0\u00bbjuicy_pink\u00a0\u00bb size=\u00a0\u00bblg\u00a0\u00bb link=\u00a0\u00bburl:demandez_contactez||target:%20_blank\u00a0\u00bb][\/vc_column_inner][\/vc_row_inner][vc_empty_space height=\u00a0\u00bb50px\u00a0\u00bb][\/vc_column][\/mk_page_section]\n<\/div>","protected":false},"excerpt":{"rendered":"<p>[mk_page_section bg_image=\u00a0\u00bb\/\/traductera.com\/wp-content\/uploads\/2015\/03\/doktori1.jpg\u00a0\u00bb attachment=\u00a0\u00bbfixed\u00a0\u00bb bg_position=\u00a0\u00bbcenter center\u00a0\u00bb bg_repeat=\u00a0\u00bbno-repeat\u00a0\u00bb bg_stretch=\u00a0\u00bbtrue\u00a0\u00bb top_shadow=\u00a0\u00bbtrue\u00a0\u00bb min_height=\u00a0\u00bb400&Prime; padding_top=\u00a0\u00bb0&Prime; padding_bottom=\u00a0\u00bb0&Prime; section_id=\u00a0\u00bblide\u00a0\u00bb sidebar=\u00a0\u00bbsidebar-1&Prime; first_page=\u00a0\u00bbtrue\u00a0\u00bb last_page=\u00a0\u00bbtrue\u00a0\u00bb][vc_column][vc_empty_space height=\u00a0\u00bb200px\u00a0\u00bb][vc_column_text align=\u00a0\u00bbcenter\u00a0\u00bb animation=\u00a0\u00bbtop-to-bottom\u00a0\u00bb css=\u00a0\u00bb.vc_custom_1716975642884{margin-bottom: 0px !important;}\u00a0\u00bb] 357&nbsp;047&nbsp;921\u00a0de mots traduits [\/vc_column_text][vc_empty_space height=\u00a0\u00bb100px\u00a0\u00bb][vc_empty_space height=\u00a0\u00bb100px\u00a0\u00bb][\/vc_column][\/mk_page_section][mk_page_section bg_color=\u00a0\u00bb#ffffff\u00a0\u00bb enable_3d=\u00a0\u00bbtrue\u00a0\u00bb padding_top=\u00a0\u00bb0&Prime; padding_bottom=\u00a0\u00bb0&Prime; el_class=\u00a0\u00bbsl_back_01&Prime; sidebar=\u00a0\u00bbsidebar-1&Prime; first_page=\u00a0\u00bbfalse\u00a0\u00bb last_page=\u00a0\u00bbfalse\u00a0\u00bb][vc_column][vc_empty_space height=\u00a0\u00bb30px\u00a0\u00bb][vc_column_text align=\u00a0\u00bbcenter\u00a0\u00bb] Combinaisons de langues [\/vc_column_text][mk_divider style=\u00a0\u00bbthin_solid\u00a0\u00bb divider_width=\u00a0\u00bbcustom_width\u00a0\u00bb custom_width=\u00a0\u00bb100&Prime; thickness=\u00a0\u00bb2&Prime; margin_bottom=\u00a0\u00bb50&Prime;][vc_row_inner][vc_column_inner][vc_column_text el_class=\u00a0\u00bbid=\u00ab\u00a0preklady\u00ab\u00a0\u00a0\u00bb css=\u00a0\u00bb.vc_custom_1716975674699{margin-bottom: 0px !important;}\u00a0\u00bb] Notre sp\u00e9cialit\u00e9 ? Les services [&hellip;]<\/p>\n","protected":false},"author":1,"featured_media":0,"parent":0,"menu_order":0,"comment_status":"open","ping_status":"closed","template":"","meta":{"_acf_changed":false,"_monsterinsights_skip_tracking":false,"_monsterinsights_sitenote_active":false,"_monsterinsights_sitenote_note":"","_monsterinsights_sitenote_category":0,"footnotes":""},"class_list":["post-2691","page","type-page","status-publish","hentry"],"acf":[],"yoast_head":"<title>Combinaisons de langues &#8226; ACP Traductera<\/title>\n<meta name=\"robots\" content=\"index, follow, max-snippet:-1, max-image-preview:large, max-video-preview:-1\" \/>\n<link rel=\"canonical\" href=\"https:\/\/traductera.com\/languages\/\" \/>\n<meta property=\"og:locale\" content=\"fr_FR\" \/>\n<meta property=\"og:type\" content=\"article\" \/>\n<meta property=\"og:title\" content=\"Combinaisons de langues &#8226; ACP Traductera\" \/>\n<meta property=\"og:description\" content=\"[mk_page_section bg_image=\u00a0\u00bb\/\/traductera.com\/wp-content\/uploads\/2015\/03\/doktori1.jpg\u00a0\u00bb attachment=\u00a0\u00bbfixed\u00a0\u00bb bg_position=\u00a0\u00bbcenter center\u00a0\u00bb bg_repeat=\u00a0\u00bbno-repeat\u00a0\u00bb bg_stretch=\u00a0\u00bbtrue\u00a0\u00bb top_shadow=\u00a0\u00bbtrue\u00a0\u00bb min_height=\u00a0\u00bb400&Prime; padding_top=\u00a0\u00bb0&Prime; padding_bottom=\u00a0\u00bb0&Prime; section_id=\u00a0\u00bblide\u00a0\u00bb sidebar=\u00a0\u00bbsidebar-1&Prime; first_page=\u00a0\u00bbtrue\u00a0\u00bb last_page=\u00a0\u00bbtrue\u00a0\u00bb][vc_column][vc_empty_space height=\u00a0\u00bb200px\u00a0\u00bb][vc_column_text align=\u00a0\u00bbcenter\u00a0\u00bb animation=\u00a0\u00bbtop-to-bottom\u00a0\u00bb css=\u00a0\u00bb.vc_custom_1716975642884{margin-bottom: 0px !important;}\u00a0\u00bb] 357&nbsp;047&nbsp;921\u00a0de mots traduits [\/vc_column_text][vc_empty_space height=\u00a0\u00bb100px\u00a0\u00bb][vc_empty_space height=\u00a0\u00bb100px\u00a0\u00bb][\/vc_column][\/mk_page_section][mk_page_section bg_color=\u00a0\u00bb#ffffff\u00a0\u00bb enable_3d=\u00a0\u00bbtrue\u00a0\u00bb padding_top=\u00a0\u00bb0&Prime; padding_bottom=\u00a0\u00bb0&Prime; el_class=\u00a0\u00bbsl_back_01&Prime; sidebar=\u00a0\u00bbsidebar-1&Prime; first_page=\u00a0\u00bbfalse\u00a0\u00bb last_page=\u00a0\u00bbfalse\u00a0\u00bb][vc_column][vc_empty_space height=\u00a0\u00bb30px\u00a0\u00bb][vc_column_text align=\u00a0\u00bbcenter\u00a0\u00bb] Combinaisons de langues [\/vc_column_text][mk_divider style=\u00a0\u00bbthin_solid\u00a0\u00bb divider_width=\u00a0\u00bbcustom_width\u00a0\u00bb custom_width=\u00a0\u00bb100&Prime; thickness=\u00a0\u00bb2&Prime; margin_bottom=\u00a0\u00bb50&Prime;][vc_row_inner][vc_column_inner][vc_column_text el_class=\u00a0\u00bbid=\u00ab\u00a0preklady\u00ab\u00a0\u00a0\u00bb css=\u00a0\u00bb.vc_custom_1716975674699{margin-bottom: 0px !important;}\u00a0\u00bb] Notre sp\u00e9cialit\u00e9 ? Les services [&hellip;]\" \/>\n<meta property=\"og:url\" content=\"https:\/\/traductera.com\/languages\/\" \/>\n<meta property=\"og:site_name\" content=\"ACP Traductera\" \/>\n<meta property=\"article:publisher\" content=\"https:\/\/www.facebook.com\/ACPtraductera\" \/>\n<meta property=\"article:modified_time\" content=\"2024-05-29T09:40:46+00:00\" \/>\n<meta property=\"og:image\" content=\"https:\/\/traductera.com\/wp-content\/uploads\/2015\/02\/doktori.jpg\" \/>\n<meta name=\"twitter:card\" content=\"summary_large_image\" \/>\n<meta name=\"twitter:image\" content=\"https:\/\/traductera.com\/wp-content\/uploads\/2015\/02\/doktori.jpg\" \/>\n<meta name=\"twitter:site\" content=\"@traductera\" \/>\n<meta name=\"twitter:label1\" content=\"Dur\u00e9e de lecture estim\u00e9e\" \/>\n\t<meta name=\"twitter:data1\" content=\"5 minutes\" \/>\n<script type=\"application\/ld+json\" class=\"yoast-schema-graph\">{\"@context\":\"https:\/\/schema.org\",\"@graph\":[{\"@type\":\"WebPage\",\"@id\":\"https:\/\/traductera.com\/languages\/\",\"url\":\"https:\/\/traductera.com\/languages\/\",\"name\":\"Combinaisons de langues &#8226; ACP Traductera\",\"isPartOf\":{\"@id\":\"https:\/\/traductera.com\/#website\"},\"datePublished\":\"2015-06-04T12:43:34+00:00\",\"dateModified\":\"2024-05-29T09:40:46+00:00\",\"inLanguage\":\"fr-FR\",\"potentialAction\":[{\"@type\":\"ReadAction\",\"target\":[\"https:\/\/traductera.com\/languages\/\"]}]},{\"@type\":\"WebSite\",\"@id\":\"https:\/\/traductera.com\/#website\",\"url\":\"https:\/\/traductera.com\/\",\"name\":\"ACP Traductera\",\"description\":\"Localization Partner for your Success in Central & Eastern Europe\",\"publisher\":{\"@id\":\"https:\/\/traductera.com\/#organization\"},\"potentialAction\":[{\"@type\":\"SearchAction\",\"target\":{\"@type\":\"EntryPoint\",\"urlTemplate\":\"https:\/\/traductera.com\/?s={search_term_string}\"},\"query-input\":{\"@type\":\"PropertyValueSpecification\",\"valueRequired\":true,\"valueName\":\"search_term_string\"}}],\"inLanguage\":\"fr-FR\"},{\"@type\":\"Organization\",\"@id\":\"https:\/\/traductera.com\/#organization\",\"name\":\"ACP Traductera, a.s.\",\"url\":\"https:\/\/traductera.com\/\",\"logo\":{\"@type\":\"ImageObject\",\"inLanguage\":\"fr-FR\",\"@id\":\"https:\/\/traductera.com\/#\/schema\/logo\/image\/\",\"url\":\"https:\/\/traductera.com\/wp-content\/uploads\/2015\/03\/logo_slider.png\",\"contentUrl\":\"https:\/\/traductera.com\/wp-content\/uploads\/2015\/03\/logo_slider.png\",\"width\":700,\"height\":86,\"caption\":\"ACP Traductera, a.s.\"},\"image\":{\"@id\":\"https:\/\/traductera.com\/#\/schema\/logo\/image\/\"},\"sameAs\":[\"https:\/\/www.facebook.com\/ACPtraductera\",\"https:\/\/x.com\/traductera\",\"https:\/\/www.instagram.com\/acptraductera\/\",\"https:\/\/www.linkedin.com\/company\/acp-traductera\"]}]}<\/script>","yoast_head_json":{"title":"Combinaisons de langues &#8226; ACP Traductera","robots":{"index":"index","follow":"follow","max-snippet":"max-snippet:-1","max-image-preview":"max-image-preview:large","max-video-preview":"max-video-preview:-1"},"canonical":"https:\/\/traductera.com\/languages\/","og_locale":"fr_FR","og_type":"article","og_title":"Combinaisons de langues &#8226; ACP Traductera","og_description":"[mk_page_section bg_image=\u00a0\u00bb\/\/traductera.com\/wp-content\/uploads\/2015\/03\/doktori1.jpg\u00a0\u00bb attachment=\u00a0\u00bbfixed\u00a0\u00bb bg_position=\u00a0\u00bbcenter center\u00a0\u00bb bg_repeat=\u00a0\u00bbno-repeat\u00a0\u00bb bg_stretch=\u00a0\u00bbtrue\u00a0\u00bb top_shadow=\u00a0\u00bbtrue\u00a0\u00bb min_height=\u00a0\u00bb400&Prime; padding_top=\u00a0\u00bb0&Prime; padding_bottom=\u00a0\u00bb0&Prime; section_id=\u00a0\u00bblide\u00a0\u00bb sidebar=\u00a0\u00bbsidebar-1&Prime; first_page=\u00a0\u00bbtrue\u00a0\u00bb last_page=\u00a0\u00bbtrue\u00a0\u00bb][vc_column][vc_empty_space height=\u00a0\u00bb200px\u00a0\u00bb][vc_column_text align=\u00a0\u00bbcenter\u00a0\u00bb animation=\u00a0\u00bbtop-to-bottom\u00a0\u00bb css=\u00a0\u00bb.vc_custom_1716975642884{margin-bottom: 0px !important;}\u00a0\u00bb] 357&nbsp;047&nbsp;921\u00a0de mots traduits [\/vc_column_text][vc_empty_space height=\u00a0\u00bb100px\u00a0\u00bb][vc_empty_space height=\u00a0\u00bb100px\u00a0\u00bb][\/vc_column][\/mk_page_section][mk_page_section bg_color=\u00a0\u00bb#ffffff\u00a0\u00bb enable_3d=\u00a0\u00bbtrue\u00a0\u00bb padding_top=\u00a0\u00bb0&Prime; padding_bottom=\u00a0\u00bb0&Prime; el_class=\u00a0\u00bbsl_back_01&Prime; sidebar=\u00a0\u00bbsidebar-1&Prime; first_page=\u00a0\u00bbfalse\u00a0\u00bb last_page=\u00a0\u00bbfalse\u00a0\u00bb][vc_column][vc_empty_space height=\u00a0\u00bb30px\u00a0\u00bb][vc_column_text align=\u00a0\u00bbcenter\u00a0\u00bb] Combinaisons de langues [\/vc_column_text][mk_divider style=\u00a0\u00bbthin_solid\u00a0\u00bb divider_width=\u00a0\u00bbcustom_width\u00a0\u00bb custom_width=\u00a0\u00bb100&Prime; thickness=\u00a0\u00bb2&Prime; margin_bottom=\u00a0\u00bb50&Prime;][vc_row_inner][vc_column_inner][vc_column_text el_class=\u00a0\u00bbid=\u00ab\u00a0preklady\u00ab\u00a0\u00a0\u00bb css=\u00a0\u00bb.vc_custom_1716975674699{margin-bottom: 0px !important;}\u00a0\u00bb] Notre sp\u00e9cialit\u00e9 ? Les services [&hellip;]","og_url":"https:\/\/traductera.com\/languages\/","og_site_name":"ACP Traductera","article_publisher":"https:\/\/www.facebook.com\/ACPtraductera","article_modified_time":"2024-05-29T09:40:46+00:00","og_image":[{"url":"https:\/\/traductera.com\/wp-content\/uploads\/2015\/02\/doktori.jpg","type":"","width":"","height":""}],"twitter_card":"summary_large_image","twitter_image":"https:\/\/traductera.com\/wp-content\/uploads\/2015\/02\/doktori.jpg","twitter_site":"@traductera","twitter_misc":{"Dur\u00e9e de lecture estim\u00e9e":"5 minutes"},"schema":{"@context":"https:\/\/schema.org","@graph":[{"@type":"WebPage","@id":"https:\/\/traductera.com\/languages\/","url":"https:\/\/traductera.com\/languages\/","name":"Combinaisons de langues &#8226; ACP Traductera","isPartOf":{"@id":"https:\/\/traductera.com\/#website"},"datePublished":"2015-06-04T12:43:34+00:00","dateModified":"2024-05-29T09:40:46+00:00","inLanguage":"fr-FR","potentialAction":[{"@type":"ReadAction","target":["https:\/\/traductera.com\/languages\/"]}]},{"@type":"WebSite","@id":"https:\/\/traductera.com\/#website","url":"https:\/\/traductera.com\/","name":"ACP Traductera","description":"Localization Partner for your Success in Central & Eastern Europe","publisher":{"@id":"https:\/\/traductera.com\/#organization"},"potentialAction":[{"@type":"SearchAction","target":{"@type":"EntryPoint","urlTemplate":"https:\/\/traductera.com\/?s={search_term_string}"},"query-input":{"@type":"PropertyValueSpecification","valueRequired":true,"valueName":"search_term_string"}}],"inLanguage":"fr-FR"},{"@type":"Organization","@id":"https:\/\/traductera.com\/#organization","name":"ACP Traductera, a.s.","url":"https:\/\/traductera.com\/","logo":{"@type":"ImageObject","inLanguage":"fr-FR","@id":"https:\/\/traductera.com\/#\/schema\/logo\/image\/","url":"https:\/\/traductera.com\/wp-content\/uploads\/2015\/03\/logo_slider.png","contentUrl":"https:\/\/traductera.com\/wp-content\/uploads\/2015\/03\/logo_slider.png","width":700,"height":86,"caption":"ACP Traductera, a.s."},"image":{"@id":"https:\/\/traductera.com\/#\/schema\/logo\/image\/"},"sameAs":["https:\/\/www.facebook.com\/ACPtraductera","https:\/\/x.com\/traductera","https:\/\/www.instagram.com\/acptraductera\/","https:\/\/www.linkedin.com\/company\/acp-traductera"]}]}},"_links":{"self":[{"href":"https:\/\/traductera.com\/fr\/wp-json\/wp\/v2\/pages\/2691","targetHints":{"allow":["GET"]}}],"collection":[{"href":"https:\/\/traductera.com\/fr\/wp-json\/wp\/v2\/pages"}],"about":[{"href":"https:\/\/traductera.com\/fr\/wp-json\/wp\/v2\/types\/page"}],"author":[{"embeddable":true,"href":"https:\/\/traductera.com\/fr\/wp-json\/wp\/v2\/users\/1"}],"replies":[{"embeddable":true,"href":"https:\/\/traductera.com\/fr\/wp-json\/wp\/v2\/comments?post=2691"}],"version-history":[{"count":0,"href":"https:\/\/traductera.com\/fr\/wp-json\/wp\/v2\/pages\/2691\/revisions"}],"wp:attachment":[{"href":"https:\/\/traductera.com\/fr\/wp-json\/wp\/v2\/media?parent=2691"}],"curies":[{"name":"wp","href":"https:\/\/api.w.org\/{rel}","templated":true}]}}