{"id":2712,"date":"2015-06-04T15:59:44","date_gmt":"2015-06-04T13:59:44","guid":{"rendered":"\/\/traductera.com\/?page_id=2712"},"modified":"2024-05-29T11:48:05","modified_gmt":"2024-05-29T09:48:05","slug":"a_propos_de_nous","status":"publish","type":"page","link":"https:\/\/traductera.com\/fr\/a_propos_de_nous\/","title":{"rendered":"\u00c0 propos de nous"},"content":{"rendered":"<div class=\"wpb-content-wrapper\">[mk_page_section bg_image=\u00a0\u00bb\/\/traductera.com\/wp-content\/uploads\/2017\/05\/traductera-about-us-bg.jpg\u00a0\u00bb attachment=\u00a0\u00bbfixed\u00a0\u00bb bg_position=\u00a0\u00bbleft center\u00a0\u00bb bg_repeat=\u00a0\u00bbno-repeat\u00a0\u00bb bg_stretch=\u00a0\u00bbtrue\u00a0\u00bb video_color_mask=\u00a0\u00bb#000000&Prime; video_opacity=\u00a0\u00bb0.1&Prime; top_shadow=\u00a0\u00bbtrue\u00a0\u00bb min_height=\u00a0\u00bb600&Prime; full_width=\u00a0\u00bbtrue\u00a0\u00bb padding_top=\u00a0\u00bb0&Prime; padding_bottom=\u00a0\u00bb0&Prime; sidebar=\u00a0\u00bbsidebar-1&Prime; first_page=\u00a0\u00bbtrue\u00a0\u00bb last_page=\u00a0\u00bbtrue\u00a0\u00bb][vc_column][vc_empty_space height=\u00a0\u00bb250px\u00a0\u00bb][vc_column_text align=\u00a0\u00bbcenter\u00a0\u00bb]\n<h1 style=\"text-align: center;\"><span style=\"color: #ffffff;\">ACP Traductera a&nbsp;obtenu<br \/>\nle certificat norme ISO 17100<\/span><\/h1>\n[\/vc_column_text][vc_empty_space height=\u00a0\u00bb40px\u00a0\u00bb][\/vc_column][\/mk_page_section][mk_page_section attachment=\u00a0\u00bbfixed\u00a0\u00bb bg_position=\u00a0\u00bbcenter center\u00a0\u00bb bg_repeat=\u00a0\u00bbno-repeat\u00a0\u00bb bg_stretch=\u00a0\u00bbtrue\u00a0\u00bb top_shadow=\u00a0\u00bbtrue\u00a0\u00bb min_height=\u00a0\u00bb0&Prime; padding_top=\u00a0\u00bb0&Prime; padding_bottom=\u00a0\u00bb0&Prime; sidebar=\u00a0\u00bbsidebar-1&Prime; first_page=\u00a0\u00bbtrue\u00a0\u00bb last_page=\u00a0\u00bbtrue\u00a0\u00bb][vc_column][vc_empty_space height=\u00a0\u00bb80px\u00a0\u00bb][vc_column_text align=\u00a0\u00bbcenter\u00a0\u00bb]\n<h2 style=\"text-align: center;\">Vous \u00eates \u00e0 la recherche d\u2019un bureau de traduction sp\u00e9cialis\u00e9 dans les langues d\u2019Europe centrale et de l\u2019Est\u00a0?<\/h2>\n[\/vc_column_text][vc_empty_space height=\u00a0\u00bb30px\u00a0\u00bb][vc_separator][\/vc_column][\/mk_page_section][mk_page_section bg_color=\u00a0\u00bb#ffffff\u00a0\u00bb attachment=\u00a0\u00bbfixed\u00a0\u00bb bg_position=\u00a0\u00bbcenter center\u00a0\u00bb bg_repeat=\u00a0\u00bbno-repeat\u00a0\u00bb video_color_mask=\u00a0\u00bb#ffffff\u00a0\u00bb video_opacity=\u00a0\u00bb0.8&Prime; padding_top=\u00a0\u00bb0&Prime; padding_bottom=\u00a0\u00bb0&Prime; section_id=\u00a0\u00bbid=\u00ab\u00a0preklady\u00ab\u00a0\u00a0\u00bb el_class=\u00a0\u00bbsl_back_01&Prime; sidebar=\u00a0\u00bbsidebar-1&Prime; first_page=\u00a0\u00bbfalse\u00a0\u00bb last_page=\u00a0\u00bbfalse\u00a0\u00bb][vc_column][vc_empty_space height=\u00a0\u00bb30px\u00a0\u00bb][vc_row_inner][vc_column_inner width=\u00a0\u00bb1\/2&Prime;][vc_column_text]\n<h6><span style=\"color: #000000;\">[mk_dropcaps content=\u00a0\u00bb#1&Prime; style=\u00a0\u00bbfancy-style\u00a0\u00bb width=\u00a0\u00bb1\/1&Prime; el_position=\u00a0\u00bbfirst last\u00a0\u00bb]<\/span> ACP Traductera est le partenaire id\u00e9al. Notre agence bas\u00e9e en R\u00e9publique tch\u00e8que vous offre des services de traduction et de localisation, dans tous les domaines d\u2019activit\u00e9.<\/h6>\n[\/vc_column_text][vc_separator color=\u00a0\u00bbcustom\u00a0\u00bb accent_color=\u00a0\u00bb#d6d6d6&Prime;][vc_column_text css=\u00a0\u00bb.vc_custom_1716975887083{margin-bottom: 0px !important;}\u00a0\u00bb]\n<h6><span style=\"color: #000000;\">[mk_dropcaps content=\u00a0\u00bbN\u00a0\u00bb style=\u00a0\u00bbfancy-style\u00a0\u00bb width=\u00a0\u00bb1\/1&Prime; el_position=\u00a0\u00bbfirst last\u00a0\u00bb]<\/span>ous pouvons \u00e9galement compter sur une \u00e9quipe de plus de 1,500 traducteurs, r\u00e9viseurs, sp\u00e9cialistes en terminologie, graphistes, informaticiens chevronn\u00e9s et chefs de projets exp\u00e9riment\u00e9s. Ils constituent l\u2019un de nos principaux atouts pour vous garantir un service de qualit\u00e9. Nous investissons \u00e9galement dans la formation de ce capital humain pour soutenir l\u2019introduction de nos clients sur les march\u00e9s d\u2019Europe centrale et de l\u2019Est.<\/h6>\n[\/vc_column_text][vc_separator color=\u00a0\u00bbcustom\u00a0\u00bb accent_color=\u00a0\u00bb#d6d6d6&Prime;][\/vc_column_inner][vc_column_inner width=\u00a0\u00bb1\/2&Prime;][vc_column_text]\n<h6><span style=\"color: #000000;\">[mk_dropcaps content=\u00a0\u00bbN\u00a0\u00bb style=\u00a0\u00bbfancy-style\u00a0\u00bb width=\u00a0\u00bb1\/1&Prime; el_position=\u00a0\u00bbfirst last\u00a0\u00bb]\u00a0<\/span>otre objectif\u00a0? R\u00e9pondre \u00e0 vos exigences en mati\u00e8re de services linguistiques. Peu importe que vous soyez une multinationale, un investisseur \u00e9tranger, un fournisseur mondial de services de traduction et de localisation ou un client d\u2019une autre nature\u2026 Nous mettons toujours tout en \u0153uvre pour vous offrir le meilleur service qui soit.<\/h6>\n[\/vc_column_text][vc_separator color=\u00a0\u00bbcustom\u00a0\u00bb accent_color=\u00a0\u00bb#d6d6d6&Prime;][vc_column_text]\n<h6><span style=\"color: #000000;\">[mk_dropcaps content=\u00a0\u00bbV\u00a0\u00bb style=\u00a0\u00bbfancy-style\u00a0\u00bb width=\u00a0\u00bb1\/1&Prime; el_position=\u00a0\u00bbfirst last\u00a0\u00bb]<\/span>otre satisfaction est notre priorit\u00e9. Pour y parvenir, nous privil\u00e9gions une approche individuelle en liant des liens \u00e9troits avec nos clients, afin de conna\u00eetre vos desiderata et vos besoins. Nous mettons \u00e9galement en \u0153uvre des m\u00e9thodes de travail flexibles pour trouver la meilleure solution pour votre projet.<\/h6>\n[\/vc_column_text][vc_separator color=\u00a0\u00bbcustom\u00a0\u00bb accent_color=\u00a0\u00bb#d6d6d6&Prime;][\/vc_column_inner][\/vc_row_inner][vc_empty_space height=\u00a0\u00bb50px\u00a0\u00bb][\/vc_column][\/mk_page_section][mk_page_section bg_image=\u00a0\u00bb\/\/traductera.com\/wp-content\/uploads\/2017\/05\/traductera-about-us-bg.jpg\u00a0\u00bb attachment=\u00a0\u00bbfixed\u00a0\u00bb bg_position=\u00a0\u00bbleft center\u00a0\u00bb bg_repeat=\u00a0\u00bbno-repeat\u00a0\u00bb bg_stretch=\u00a0\u00bbtrue\u00a0\u00bb speed_factor=\u00a0\u00bb0.7&Prime; video_mask=\u00a0\u00bbtrue\u00a0\u00bb video_color_mask=\u00a0\u00bb#2d2d2d\u00a0\u00bb video_opacity=\u00a0\u00bb0.5&Prime; sidebar=\u00a0\u00bbsidebar-1&Prime; first_page=\u00a0\u00bbfalse\u00a0\u00bb last_page=\u00a0\u00bbfalse\u00a0\u00bb][vc_column][vc_empty_space height=\u00a0\u00bb50px\u00a0\u00bb][vc_column_text]\n<h5><span style=\"color: #ffffff;\">Formats des fichiers:<\/span><\/h5>\n[\/vc_column_text][vc_row_inner][vc_column_inner width=\u00a0\u00bb1\/6&Prime;][mk_milestone align=\u00a0\u00bbcenter\u00a0\u00bb icon_color=\u00a0\u00bb#dd3333&Prime; stop=\u00a0\u00bb19&Prime; speed=\u00a0\u00bb1700&Prime; text_color=\u00a0\u00bb#ffffff\u00a0\u00bb text_size=\u00a0\u00bb40&Prime; font_family=\u00a0\u00bbnone\u00a0\u00bb][vc_separator color=\u00a0\u00bbwhite\u00a0\u00bb el_width=\u00a0\u00bb50&Prime;][vc_column_text align=\u00a0\u00bbcenter\u00a0\u00bb el_class=\u00a0\u00bbmile\u00a0\u00bb]\n<h6 style=\"text-align: center;\"><span style=\"color: #ffffff;\"> ann\u00e9es <\/span> <span style=\"color: #ffffff;\">d\u2019exp\u00e9rience<\/span><\/h6>\n[\/vc_column_text][\/vc_column_inner][vc_column_inner width=\u00a0\u00bb1\/6&Prime;][mk_milestone align=\u00a0\u00bbcenter\u00a0\u00bb icon_color=\u00a0\u00bb#dd3333&Prime; stop=\u00a0\u00bb24&Prime; speed=\u00a0\u00bb2200&Prime; text_color=\u00a0\u00bb#ffffff\u00a0\u00bb text_size=\u00a0\u00bb40&Prime; font_family=\u00a0\u00bbnone\u00a0\u00bb][vc_separator color=\u00a0\u00bbwhite\u00a0\u00bb el_width=\u00a0\u00bb50&Prime;][vc_column_text align=\u00a0\u00bbcenter\u00a0\u00bb el_class=\u00a0\u00bbmile\u00a0\u00bb]\n<h6 style=\"text-align: center;\"><span style=\"color: #ffffff;\">employ\u00e9s<\/span><\/h6>\n[\/vc_column_text][\/vc_column_inner][vc_column_inner width=\u00a0\u00bb1\/6&Prime;][mk_milestone align=\u00a0\u00bbcenter\u00a0\u00bb icon_color=\u00a0\u00bb#dd3333&Prime; stop=\u00a0\u00bb96.5&Prime; speed=\u00a0\u00bb2400&Prime; suffix=\u00a0\u00bb%\u00a0\u00bb text_color=\u00a0\u00bb#ffffff\u00a0\u00bb text_size=\u00a0\u00bb40&Prime; font_family=\u00a0\u00bbnone\u00a0\u00bb][vc_separator color=\u00a0\u00bbwhite\u00a0\u00bb el_width=\u00a0\u00bb50&Prime;][vc_column_text align=\u00a0\u00bbcenter\u00a0\u00bb el_class=\u00a0\u00bbmile\u00a0\u00bb]\n<h6 style=\"text-align: center;\"><span style=\"color: #ffffff;\">de clients satisfaits<\/span><\/h6>\n[\/vc_column_text][\/vc_column_inner][vc_column_inner width=\u00a0\u00bb1\/6&Prime;][mk_milestone align=\u00a0\u00bbcenter\u00a0\u00bb icon_color=\u00a0\u00bb#dd3333&Prime; stop=\u00a0\u00bb1500&Prime; speed=\u00a0\u00bb3000&Prime; text_color=\u00a0\u00bb#ffffff\u00a0\u00bb text_size=\u00a0\u00bb40&Prime; font_family=\u00a0\u00bbnone\u00a0\u00bb][vc_separator color=\u00a0\u00bbwhite\u00a0\u00bb el_width=\u00a0\u00bb50&Prime;][vc_column_text align=\u00a0\u00bbcenter\u00a0\u00bb el_class=\u00a0\u00bbmile\u00a0\u00bb]\n<h6 style=\"text-align: center;\"><span style=\"color: #ffffff;\">traducteurs professionnels<\/span><\/h6>\n[\/vc_column_text][\/vc_column_inner][vc_column_inner width=\u00a0\u00bb1\/6&Prime;][mk_milestone align=\u00a0\u00bbcenter\u00a0\u00bb icon_color=\u00a0\u00bb#dd3333&Prime; start=\u00a0\u00bb150000&Prime; stop=\u00a0\u00bb298676&Prime; speed=\u00a0\u00bb4000&Prime; text_color=\u00a0\u00bb#ffffff\u00a0\u00bb text_size=\u00a0\u00bb40&Prime; font_family=\u00a0\u00bbnone\u00a0\u00bb][vc_separator color=\u00a0\u00bbwhite\u00a0\u00bb el_width=\u00a0\u00bb50&Prime;][vc_column_text align=\u00a0\u00bbcenter\u00a0\u00bb el_class=\u00a0\u00bbmile\u00a0\u00bb]\n<h6 style=\"text-align: center;\"><span style=\"color: #ffffff;\">projets r\u00e9alis\u00e9s<\/span><\/h6>\n[\/vc_column_text][\/vc_column_inner][vc_column_inner width=\u00a0\u00bb1\/6&Prime;][mk_milestone align=\u00a0\u00bbcenter\u00a0\u00bb icon_color=\u00a0\u00bb#dd3333&Prime; start=\u00a0\u00bb1000000&Prime; stop=\u00a0\u00bb357047921&Prime; speed=\u00a0\u00bb4500&Prime; text_color=\u00a0\u00bb#ffffff\u00a0\u00bb text_size=\u00a0\u00bb40&Prime; font_family=\u00a0\u00bbnone\u00a0\u00bb][vc_separator color=\u00a0\u00bbwhite\u00a0\u00bb el_width=\u00a0\u00bb50&Prime;][vc_column_text align=\u00a0\u00bbcenter\u00a0\u00bb el_class=\u00a0\u00bbmile\u00a0\u00bb]\n<h6 style=\"text-align: center;\"><span style=\"color: #ffffff;\">mots traduits<\/span><\/h6>\n[\/vc_column_text][\/vc_column_inner][\/vc_row_inner][vc_empty_space height=\u00a0\u00bb50px\u00a0\u00bb][vc_separator color=\u00a0\u00bbblack\u00a0\u00bb][vc_row_inner][vc_column_inner width=\u00a0\u00bb2\/3&Prime;][\/vc_column_inner][vc_column_inner width=\u00a0\u00bb1\/3&Prime;][vc_button2 title=\u00a0\u00bbDemandez un devis \/ Contactez-nous\u00a0\u00bb align=\u00a0\u00bbright\u00a0\u00bb style=\u00a0\u00bbsquare\u00a0\u00bb color=\u00a0\u00bbjuicy_pink\u00a0\u00bb size=\u00a0\u00bblg\u00a0\u00bb link=\u00a0\u00bburl:demandez_contactez||target:%20_blank\u00a0\u00bb][\/vc_column_inner][\/vc_row_inner][vc_empty_space height=\u00a0\u00bb50px\u00a0\u00bb][\/vc_column][\/mk_page_section]\n<\/div>","protected":false},"excerpt":{"rendered":"<p>[mk_page_section bg_image=\u00a0\u00bb\/\/traductera.com\/wp-content\/uploads\/2017\/05\/traductera-about-us-bg.jpg\u00a0\u00bb attachment=\u00a0\u00bbfixed\u00a0\u00bb bg_position=\u00a0\u00bbleft center\u00a0\u00bb bg_repeat=\u00a0\u00bbno-repeat\u00a0\u00bb bg_stretch=\u00a0\u00bbtrue\u00a0\u00bb video_color_mask=\u00a0\u00bb#000000&Prime; video_opacity=\u00a0\u00bb0.1&Prime; top_shadow=\u00a0\u00bbtrue\u00a0\u00bb min_height=\u00a0\u00bb600&Prime; full_width=\u00a0\u00bbtrue\u00a0\u00bb padding_top=\u00a0\u00bb0&Prime; padding_bottom=\u00a0\u00bb0&Prime; sidebar=\u00a0\u00bbsidebar-1&Prime; first_page=\u00a0\u00bbtrue\u00a0\u00bb last_page=\u00a0\u00bbtrue\u00a0\u00bb][vc_column][vc_empty_space height=\u00a0\u00bb250px\u00a0\u00bb][vc_column_text align=\u00a0\u00bbcenter\u00a0\u00bb] ACP Traductera a&nbsp;obtenu le certificat norme ISO 17100 [\/vc_column_text][vc_empty_space height=\u00a0\u00bb40px\u00a0\u00bb][\/vc_column][\/mk_page_section][mk_page_section attachment=\u00a0\u00bbfixed\u00a0\u00bb bg_position=\u00a0\u00bbcenter center\u00a0\u00bb bg_repeat=\u00a0\u00bbno-repeat\u00a0\u00bb bg_stretch=\u00a0\u00bbtrue\u00a0\u00bb top_shadow=\u00a0\u00bbtrue\u00a0\u00bb min_height=\u00a0\u00bb0&Prime; padding_top=\u00a0\u00bb0&Prime; padding_bottom=\u00a0\u00bb0&Prime; sidebar=\u00a0\u00bbsidebar-1&Prime; first_page=\u00a0\u00bbtrue\u00a0\u00bb last_page=\u00a0\u00bbtrue\u00a0\u00bb][vc_column][vc_empty_space height=\u00a0\u00bb80px\u00a0\u00bb][vc_column_text align=\u00a0\u00bbcenter\u00a0\u00bb] Vous \u00eates \u00e0 la recherche d\u2019un bureau de traduction sp\u00e9cialis\u00e9 dans les [&hellip;]<\/p>\n","protected":false},"author":1,"featured_media":0,"parent":0,"menu_order":0,"comment_status":"open","ping_status":"closed","template":"","meta":{"_acf_changed":false,"_monsterinsights_skip_tracking":false,"_monsterinsights_sitenote_active":false,"_monsterinsights_sitenote_note":"","_monsterinsights_sitenote_category":0,"footnotes":""},"class_list":["post-2712","page","type-page","status-publish","hentry"],"acf":[],"yoast_head":"<title>\u00c0 propos de nous &#8226; ACP Traductera<\/title>\n<meta name=\"robots\" content=\"index, follow, max-snippet:-1, max-image-preview:large, max-video-preview:-1\" \/>\n<link rel=\"canonical\" href=\"https:\/\/traductera.com\/about-us\/\" \/>\n<meta property=\"og:locale\" content=\"fr_FR\" \/>\n<meta property=\"og:type\" content=\"article\" \/>\n<meta property=\"og:title\" content=\"\u00c0 propos de nous &#8226; ACP Traductera\" \/>\n<meta property=\"og:description\" content=\"[mk_page_section bg_image=\u00a0\u00bb\/\/traductera.com\/wp-content\/uploads\/2017\/05\/traductera-about-us-bg.jpg\u00a0\u00bb attachment=\u00a0\u00bbfixed\u00a0\u00bb bg_position=\u00a0\u00bbleft center\u00a0\u00bb bg_repeat=\u00a0\u00bbno-repeat\u00a0\u00bb bg_stretch=\u00a0\u00bbtrue\u00a0\u00bb video_color_mask=\u00a0\u00bb#000000&Prime; video_opacity=\u00a0\u00bb0.1&Prime; top_shadow=\u00a0\u00bbtrue\u00a0\u00bb min_height=\u00a0\u00bb600&Prime; full_width=\u00a0\u00bbtrue\u00a0\u00bb padding_top=\u00a0\u00bb0&Prime; padding_bottom=\u00a0\u00bb0&Prime; sidebar=\u00a0\u00bbsidebar-1&Prime; first_page=\u00a0\u00bbtrue\u00a0\u00bb last_page=\u00a0\u00bbtrue\u00a0\u00bb][vc_column][vc_empty_space height=\u00a0\u00bb250px\u00a0\u00bb][vc_column_text align=\u00a0\u00bbcenter\u00a0\u00bb] ACP Traductera a&nbsp;obtenu le certificat norme ISO 17100 [\/vc_column_text][vc_empty_space height=\u00a0\u00bb40px\u00a0\u00bb][\/vc_column][\/mk_page_section][mk_page_section attachment=\u00a0\u00bbfixed\u00a0\u00bb bg_position=\u00a0\u00bbcenter center\u00a0\u00bb bg_repeat=\u00a0\u00bbno-repeat\u00a0\u00bb bg_stretch=\u00a0\u00bbtrue\u00a0\u00bb top_shadow=\u00a0\u00bbtrue\u00a0\u00bb min_height=\u00a0\u00bb0&Prime; padding_top=\u00a0\u00bb0&Prime; padding_bottom=\u00a0\u00bb0&Prime; sidebar=\u00a0\u00bbsidebar-1&Prime; first_page=\u00a0\u00bbtrue\u00a0\u00bb last_page=\u00a0\u00bbtrue\u00a0\u00bb][vc_column][vc_empty_space height=\u00a0\u00bb80px\u00a0\u00bb][vc_column_text align=\u00a0\u00bbcenter\u00a0\u00bb] Vous \u00eates \u00e0 la recherche d\u2019un bureau de traduction sp\u00e9cialis\u00e9 dans les [&hellip;]\" \/>\n<meta property=\"og:url\" content=\"https:\/\/traductera.com\/about-us\/\" \/>\n<meta property=\"og:site_name\" content=\"ACP Traductera\" \/>\n<meta property=\"article:publisher\" content=\"https:\/\/www.facebook.com\/ACPtraductera\" \/>\n<meta property=\"article:modified_time\" content=\"2024-05-29T09:48:05+00:00\" \/>\n<meta property=\"og:image\" content=\"https:\/\/traductera.com\/wp-content\/uploads\/2017\/05\/traductera-about-us-bg.jpg\" \/>\n<meta name=\"twitter:card\" content=\"summary_large_image\" \/>\n<meta name=\"twitter:image\" content=\"https:\/\/traductera.com\/wp-content\/uploads\/2017\/05\/traductera-about-us-bg.jpg\" \/>\n<meta name=\"twitter:site\" content=\"@traductera\" \/>\n<meta name=\"twitter:label1\" content=\"Dur\u00e9e de lecture estim\u00e9e\" \/>\n\t<meta name=\"twitter:data1\" content=\"5 minutes\" \/>\n<script type=\"application\/ld+json\" class=\"yoast-schema-graph\">{\"@context\":\"https:\/\/schema.org\",\"@graph\":[{\"@type\":\"WebPage\",\"@id\":\"https:\/\/traductera.com\/about-us\/\",\"url\":\"https:\/\/traductera.com\/about-us\/\",\"name\":\"\u00c0 propos de nous &#8226; ACP Traductera\",\"isPartOf\":{\"@id\":\"https:\/\/traductera.com\/#website\"},\"datePublished\":\"2015-06-04T13:59:44+00:00\",\"dateModified\":\"2024-05-29T09:48:05+00:00\",\"inLanguage\":\"fr-FR\",\"potentialAction\":[{\"@type\":\"ReadAction\",\"target\":[\"https:\/\/traductera.com\/about-us\/\"]}]},{\"@type\":\"WebSite\",\"@id\":\"https:\/\/traductera.com\/#website\",\"url\":\"https:\/\/traductera.com\/\",\"name\":\"ACP Traductera\",\"description\":\"Localization Partner for your Success in Central & Eastern Europe\",\"publisher\":{\"@id\":\"https:\/\/traductera.com\/#organization\"},\"potentialAction\":[{\"@type\":\"SearchAction\",\"target\":{\"@type\":\"EntryPoint\",\"urlTemplate\":\"https:\/\/traductera.com\/?s={search_term_string}\"},\"query-input\":{\"@type\":\"PropertyValueSpecification\",\"valueRequired\":true,\"valueName\":\"search_term_string\"}}],\"inLanguage\":\"fr-FR\"},{\"@type\":\"Organization\",\"@id\":\"https:\/\/traductera.com\/#organization\",\"name\":\"ACP Traductera, a.s.\",\"url\":\"https:\/\/traductera.com\/\",\"logo\":{\"@type\":\"ImageObject\",\"inLanguage\":\"fr-FR\",\"@id\":\"https:\/\/traductera.com\/#\/schema\/logo\/image\/\",\"url\":\"https:\/\/traductera.com\/wp-content\/uploads\/2015\/03\/logo_slider.png\",\"contentUrl\":\"https:\/\/traductera.com\/wp-content\/uploads\/2015\/03\/logo_slider.png\",\"width\":700,\"height\":86,\"caption\":\"ACP Traductera, a.s.\"},\"image\":{\"@id\":\"https:\/\/traductera.com\/#\/schema\/logo\/image\/\"},\"sameAs\":[\"https:\/\/www.facebook.com\/ACPtraductera\",\"https:\/\/x.com\/traductera\",\"https:\/\/www.instagram.com\/acptraductera\/\",\"https:\/\/www.linkedin.com\/company\/acp-traductera\"]}]}<\/script>","yoast_head_json":{"title":"\u00c0 propos de nous &#8226; ACP Traductera","robots":{"index":"index","follow":"follow","max-snippet":"max-snippet:-1","max-image-preview":"max-image-preview:large","max-video-preview":"max-video-preview:-1"},"canonical":"https:\/\/traductera.com\/about-us\/","og_locale":"fr_FR","og_type":"article","og_title":"\u00c0 propos de nous &#8226; ACP Traductera","og_description":"[mk_page_section bg_image=\u00a0\u00bb\/\/traductera.com\/wp-content\/uploads\/2017\/05\/traductera-about-us-bg.jpg\u00a0\u00bb attachment=\u00a0\u00bbfixed\u00a0\u00bb bg_position=\u00a0\u00bbleft center\u00a0\u00bb bg_repeat=\u00a0\u00bbno-repeat\u00a0\u00bb bg_stretch=\u00a0\u00bbtrue\u00a0\u00bb video_color_mask=\u00a0\u00bb#000000&Prime; video_opacity=\u00a0\u00bb0.1&Prime; top_shadow=\u00a0\u00bbtrue\u00a0\u00bb min_height=\u00a0\u00bb600&Prime; full_width=\u00a0\u00bbtrue\u00a0\u00bb padding_top=\u00a0\u00bb0&Prime; padding_bottom=\u00a0\u00bb0&Prime; sidebar=\u00a0\u00bbsidebar-1&Prime; first_page=\u00a0\u00bbtrue\u00a0\u00bb last_page=\u00a0\u00bbtrue\u00a0\u00bb][vc_column][vc_empty_space height=\u00a0\u00bb250px\u00a0\u00bb][vc_column_text align=\u00a0\u00bbcenter\u00a0\u00bb] ACP Traductera a&nbsp;obtenu le certificat norme ISO 17100 [\/vc_column_text][vc_empty_space height=\u00a0\u00bb40px\u00a0\u00bb][\/vc_column][\/mk_page_section][mk_page_section attachment=\u00a0\u00bbfixed\u00a0\u00bb bg_position=\u00a0\u00bbcenter center\u00a0\u00bb bg_repeat=\u00a0\u00bbno-repeat\u00a0\u00bb bg_stretch=\u00a0\u00bbtrue\u00a0\u00bb top_shadow=\u00a0\u00bbtrue\u00a0\u00bb min_height=\u00a0\u00bb0&Prime; padding_top=\u00a0\u00bb0&Prime; padding_bottom=\u00a0\u00bb0&Prime; sidebar=\u00a0\u00bbsidebar-1&Prime; first_page=\u00a0\u00bbtrue\u00a0\u00bb last_page=\u00a0\u00bbtrue\u00a0\u00bb][vc_column][vc_empty_space height=\u00a0\u00bb80px\u00a0\u00bb][vc_column_text align=\u00a0\u00bbcenter\u00a0\u00bb] Vous \u00eates \u00e0 la recherche d\u2019un bureau de traduction sp\u00e9cialis\u00e9 dans les [&hellip;]","og_url":"https:\/\/traductera.com\/about-us\/","og_site_name":"ACP Traductera","article_publisher":"https:\/\/www.facebook.com\/ACPtraductera","article_modified_time":"2024-05-29T09:48:05+00:00","og_image":[{"url":"https:\/\/traductera.com\/wp-content\/uploads\/2017\/05\/traductera-about-us-bg.jpg","type":"","width":"","height":""}],"twitter_card":"summary_large_image","twitter_image":"https:\/\/traductera.com\/wp-content\/uploads\/2017\/05\/traductera-about-us-bg.jpg","twitter_site":"@traductera","twitter_misc":{"Dur\u00e9e de lecture estim\u00e9e":"5 minutes"},"schema":{"@context":"https:\/\/schema.org","@graph":[{"@type":"WebPage","@id":"https:\/\/traductera.com\/about-us\/","url":"https:\/\/traductera.com\/about-us\/","name":"\u00c0 propos de nous &#8226; ACP Traductera","isPartOf":{"@id":"https:\/\/traductera.com\/#website"},"datePublished":"2015-06-04T13:59:44+00:00","dateModified":"2024-05-29T09:48:05+00:00","inLanguage":"fr-FR","potentialAction":[{"@type":"ReadAction","target":["https:\/\/traductera.com\/about-us\/"]}]},{"@type":"WebSite","@id":"https:\/\/traductera.com\/#website","url":"https:\/\/traductera.com\/","name":"ACP Traductera","description":"Localization Partner for your Success in Central & Eastern Europe","publisher":{"@id":"https:\/\/traductera.com\/#organization"},"potentialAction":[{"@type":"SearchAction","target":{"@type":"EntryPoint","urlTemplate":"https:\/\/traductera.com\/?s={search_term_string}"},"query-input":{"@type":"PropertyValueSpecification","valueRequired":true,"valueName":"search_term_string"}}],"inLanguage":"fr-FR"},{"@type":"Organization","@id":"https:\/\/traductera.com\/#organization","name":"ACP Traductera, a.s.","url":"https:\/\/traductera.com\/","logo":{"@type":"ImageObject","inLanguage":"fr-FR","@id":"https:\/\/traductera.com\/#\/schema\/logo\/image\/","url":"https:\/\/traductera.com\/wp-content\/uploads\/2015\/03\/logo_slider.png","contentUrl":"https:\/\/traductera.com\/wp-content\/uploads\/2015\/03\/logo_slider.png","width":700,"height":86,"caption":"ACP Traductera, a.s."},"image":{"@id":"https:\/\/traductera.com\/#\/schema\/logo\/image\/"},"sameAs":["https:\/\/www.facebook.com\/ACPtraductera","https:\/\/x.com\/traductera","https:\/\/www.instagram.com\/acptraductera\/","https:\/\/www.linkedin.com\/company\/acp-traductera"]}]}},"_links":{"self":[{"href":"https:\/\/traductera.com\/fr\/wp-json\/wp\/v2\/pages\/2712","targetHints":{"allow":["GET"]}}],"collection":[{"href":"https:\/\/traductera.com\/fr\/wp-json\/wp\/v2\/pages"}],"about":[{"href":"https:\/\/traductera.com\/fr\/wp-json\/wp\/v2\/types\/page"}],"author":[{"embeddable":true,"href":"https:\/\/traductera.com\/fr\/wp-json\/wp\/v2\/users\/1"}],"replies":[{"embeddable":true,"href":"https:\/\/traductera.com\/fr\/wp-json\/wp\/v2\/comments?post=2712"}],"version-history":[{"count":1,"href":"https:\/\/traductera.com\/fr\/wp-json\/wp\/v2\/pages\/2712\/revisions"}],"predecessor-version":[{"id":40380,"href":"https:\/\/traductera.com\/fr\/wp-json\/wp\/v2\/pages\/2712\/revisions\/40380"}],"wp:attachment":[{"href":"https:\/\/traductera.com\/fr\/wp-json\/wp\/v2\/media?parent=2712"}],"curies":[{"name":"wp","href":"https:\/\/api.w.org\/{rel}","templated":true}]}}