{"id":2866,"date":"2015-03-04T13:34:15","date_gmt":"2015-03-04T12:34:15","guid":{"rendered":"\/\/traductera.com\/cenova-nabidka-2\/"},"modified":"2020-05-25T16:17:48","modified_gmt":"2020-05-25T14:17:48","slug":"demandez_contactez","status":"publish","type":"page","link":"https:\/\/traductera.com\/fr\/demandez_contactez\/","title":{"rendered":"Demandez un devis \/Contactez-nous"},"content":{"rendered":"[mk_page_section bg_image=\u00a0\u00bb\/\/traductera.com\/wp-content\/uploads\/2015\/02\/home_2_a.jpg\u00a0\u00bb attachment=\u00a0\u00bbfixed\u00a0\u00bb sidebar=\u00a0\u00bbsidebar-1&Prime; first_page=\u00a0\u00bbfalse\u00a0\u00bb last_page=\u00a0\u00bbfalse\u00a0\u00bb][vc_column][\/vc_column][\/mk_page_section][mk_page_section][vc_column width=\u00a0\u00bb1\/4&Prime;][mk_fancy_title color=\u00a0\u00bb#393836&Prime; size=\u00a0\u00bb30&Prime; font_style=\u00a0\u00bbinhert\u00a0\u00bb margin_bottom=\u00a0\u00bb18&Prime; font_family=\u00a0\u00bbnone\u00a0\u00bb]Demandez un devis \/Contactez-nous [\/mk_fancy_title][\/vc_column][vc_column width=\u00a0\u00bb3\/4&Prime;][vc_column_text]\n<h6>Vous souhaitez plus d&rsquo;informations sur nos services ? Vous voulez un devis ? Remplissez le formulaire ci-dessous. Si vous avez un texte \u00e0 traduire, envoyez-le en pi\u00e8ce jointe. Nous vous contacterons en moins de 24 heures. En cas d&rsquo;urgence, appelez le +420&nbsp;777&nbsp;333&nbsp;637.<\/h6>\n[\/vc_column_text][vc_separator][vc_raw_html]JTVCZm9ybWlkYWJsZSUyMGlkJTNENiU1RA==[\/vc_raw_html][vc_column_text]\n<h6>Merci pour l&rsquo;int\u00e9r\u00eat que vous portez \u00e0 nos services. ACP Traductera g\u00e8re les donn\u00e9es fournies conform\u00e9ment \u00e0 la loi n\u00b0 101\/2000 sur la protection des donn\u00e9es personnelles et d&rsquo;autres dispositions l\u00e9gale. Les donn\u00e9es ne seront pas communiqu\u00e9es \u00e0 des parties tierces et ne seront utilis\u00e9es que dans le cadre du contrat en question et pour envoyer des messages commerciaux d&rsquo;ACP Traductera. En soumettant ce formulaire, vous acceptez l&rsquo;utilisation susmentionn\u00e9e de vos donn\u00e9es.<\/h6>\n[\/vc_column_text][\/vc_column][\/mk_page_section]\n","protected":false},"excerpt":{"rendered":"<p>[mk_page_section bg_image=\u00a0\u00bb\/\/traductera.com\/wp-content\/uploads\/2015\/02\/home_2_a.jpg\u00a0\u00bb attachment=\u00a0\u00bbfixed\u00a0\u00bb sidebar=\u00a0\u00bbsidebar-1&Prime; first_page=\u00a0\u00bbfalse\u00a0\u00bb last_page=\u00a0\u00bbfalse\u00a0\u00bb][vc_column][\/vc_column][\/mk_page_section][mk_page_section][vc_column width=\u00a0\u00bb1\/4&Prime;][mk_fancy_title color=\u00a0\u00bb#393836&Prime; size=\u00a0\u00bb30&Prime; font_style=\u00a0\u00bbinhert\u00a0\u00bb margin_bottom=\u00a0\u00bb18&Prime; font_family=\u00a0\u00bbnone\u00a0\u00bb]Demandez un devis \/Contactez-nous [\/mk_fancy_title][\/vc_column][vc_column width=\u00a0\u00bb3\/4&Prime;][vc_column_text] Vous souhaitez plus d&rsquo;informations sur nos services ? Vous voulez un devis ? Remplissez le formulaire ci-dessous. Si vous avez un texte \u00e0 traduire, envoyez-le en pi\u00e8ce jointe. Nous vous contacterons en moins de 24 heures. En cas [&hellip;]<\/p>\n","protected":false},"author":1,"featured_media":0,"parent":0,"menu_order":0,"comment_status":"open","ping_status":"closed","template":"","meta":{"_acf_changed":false,"_monsterinsights_skip_tracking":false,"_monsterinsights_sitenote_active":false,"_monsterinsights_sitenote_note":"","_monsterinsights_sitenote_category":0,"footnotes":""},"class_list":["post-2866","page","type-page","status-publish","hentry"],"acf":[],"yoast_head":"<title>Demandez un devis \/Contactez-nous &#8226; ACP Traductera<\/title>\n<meta name=\"robots\" content=\"index, follow, max-snippet:-1, max-image-preview:large, max-video-preview:-1\" \/>\n<link rel=\"canonical\" href=\"https:\/\/traductera.com\/fr\/demandez_contactez\/\" \/>\n<meta property=\"og:locale\" content=\"fr_FR\" \/>\n<meta property=\"og:type\" content=\"article\" \/>\n<meta property=\"og:title\" content=\"Demandez un devis \/Contactez-nous &#8226; ACP Traductera\" \/>\n<meta property=\"og:description\" content=\"[mk_page_section bg_image=\u00a0\u00bb\/\/traductera.com\/wp-content\/uploads\/2015\/02\/home_2_a.jpg\u00a0\u00bb attachment=\u00a0\u00bbfixed\u00a0\u00bb sidebar=\u00a0\u00bbsidebar-1&Prime; first_page=\u00a0\u00bbfalse\u00a0\u00bb last_page=\u00a0\u00bbfalse\u00a0\u00bb][vc_column][\/vc_column][\/mk_page_section][mk_page_section][vc_column width=\u00a0\u00bb1\/4&Prime;][mk_fancy_title color=\u00a0\u00bb#393836&Prime; size=\u00a0\u00bb30&Prime; font_style=\u00a0\u00bbinhert\u00a0\u00bb margin_bottom=\u00a0\u00bb18&Prime; font_family=\u00a0\u00bbnone\u00a0\u00bb]Demandez un devis \/Contactez-nous [\/mk_fancy_title][\/vc_column][vc_column width=\u00a0\u00bb3\/4&Prime;][vc_column_text] Vous souhaitez plus d&rsquo;informations sur nos services ? Vous voulez un devis ? Remplissez le formulaire ci-dessous. Si vous avez un texte \u00e0 traduire, envoyez-le en pi\u00e8ce jointe. Nous vous contacterons en moins de 24 heures. En cas [&hellip;]\" \/>\n<meta property=\"og:url\" content=\"https:\/\/traductera.com\/fr\/demandez_contactez\/\" \/>\n<meta property=\"og:site_name\" content=\"ACP Traductera\" \/>\n<meta property=\"article:publisher\" content=\"https:\/\/www.facebook.com\/ACPtraductera\" \/>\n<meta property=\"article:modified_time\" content=\"2020-05-25T14:17:48+00:00\" \/>\n<meta property=\"og:image\" content=\"https:\/\/traductera.com\/wp-content\/uploads\/2015\/03\/logo_slider.png\" \/>\n\t<meta property=\"og:image:width\" content=\"700\" \/>\n\t<meta property=\"og:image:height\" content=\"86\" \/>\n\t<meta property=\"og:image:type\" content=\"image\/png\" \/>\n<meta name=\"twitter:card\" content=\"summary_large_image\" \/>\n<meta name=\"twitter:site\" content=\"@traductera\" \/>\n<meta name=\"twitter:label1\" content=\"Dur\u00e9e de lecture estim\u00e9e\" \/>\n\t<meta name=\"twitter:data1\" content=\"1 minute\" \/>\n<script type=\"application\/ld+json\" class=\"yoast-schema-graph\">{\"@context\":\"https:\/\/schema.org\",\"@graph\":[{\"@type\":\"WebPage\",\"@id\":\"https:\/\/traductera.com\/fr\/demandez_contactez\/\",\"url\":\"https:\/\/traductera.com\/fr\/demandez_contactez\/\",\"name\":\"Demandez un devis \/Contactez-nous &#8226; ACP Traductera\",\"isPartOf\":{\"@id\":\"https:\/\/traductera.com\/#website\"},\"datePublished\":\"2015-03-04T12:34:15+00:00\",\"dateModified\":\"2020-05-25T14:17:48+00:00\",\"inLanguage\":\"fr-FR\",\"potentialAction\":[{\"@type\":\"ReadAction\",\"target\":[\"https:\/\/traductera.com\/fr\/demandez_contactez\/\"]}]},{\"@type\":\"WebSite\",\"@id\":\"https:\/\/traductera.com\/#website\",\"url\":\"https:\/\/traductera.com\/\",\"name\":\"ACP Traductera\",\"description\":\"Localization Partner for your Success in Central & Eastern Europe\",\"publisher\":{\"@id\":\"https:\/\/traductera.com\/#organization\"},\"potentialAction\":[{\"@type\":\"SearchAction\",\"target\":{\"@type\":\"EntryPoint\",\"urlTemplate\":\"https:\/\/traductera.com\/?s={search_term_string}\"},\"query-input\":{\"@type\":\"PropertyValueSpecification\",\"valueRequired\":true,\"valueName\":\"search_term_string\"}}],\"inLanguage\":\"fr-FR\"},{\"@type\":\"Organization\",\"@id\":\"https:\/\/traductera.com\/#organization\",\"name\":\"ACP Traductera, a.s.\",\"url\":\"https:\/\/traductera.com\/\",\"logo\":{\"@type\":\"ImageObject\",\"inLanguage\":\"fr-FR\",\"@id\":\"https:\/\/traductera.com\/#\/schema\/logo\/image\/\",\"url\":\"https:\/\/traductera.com\/wp-content\/uploads\/2015\/03\/logo_slider.png\",\"contentUrl\":\"https:\/\/traductera.com\/wp-content\/uploads\/2015\/03\/logo_slider.png\",\"width\":700,\"height\":86,\"caption\":\"ACP Traductera, a.s.\"},\"image\":{\"@id\":\"https:\/\/traductera.com\/#\/schema\/logo\/image\/\"},\"sameAs\":[\"https:\/\/www.facebook.com\/ACPtraductera\",\"https:\/\/x.com\/traductera\",\"https:\/\/www.instagram.com\/acptraductera\/\",\"https:\/\/www.linkedin.com\/company\/acp-traductera\"]}]}<\/script>","yoast_head_json":{"title":"Demandez un devis \/Contactez-nous &#8226; ACP Traductera","robots":{"index":"index","follow":"follow","max-snippet":"max-snippet:-1","max-image-preview":"max-image-preview:large","max-video-preview":"max-video-preview:-1"},"canonical":"https:\/\/traductera.com\/fr\/demandez_contactez\/","og_locale":"fr_FR","og_type":"article","og_title":"Demandez un devis \/Contactez-nous &#8226; ACP Traductera","og_description":"[mk_page_section bg_image=\u00a0\u00bb\/\/traductera.com\/wp-content\/uploads\/2015\/02\/home_2_a.jpg\u00a0\u00bb attachment=\u00a0\u00bbfixed\u00a0\u00bb sidebar=\u00a0\u00bbsidebar-1&Prime; first_page=\u00a0\u00bbfalse\u00a0\u00bb last_page=\u00a0\u00bbfalse\u00a0\u00bb][vc_column][\/vc_column][\/mk_page_section][mk_page_section][vc_column width=\u00a0\u00bb1\/4&Prime;][mk_fancy_title color=\u00a0\u00bb#393836&Prime; size=\u00a0\u00bb30&Prime; font_style=\u00a0\u00bbinhert\u00a0\u00bb margin_bottom=\u00a0\u00bb18&Prime; font_family=\u00a0\u00bbnone\u00a0\u00bb]Demandez un devis \/Contactez-nous [\/mk_fancy_title][\/vc_column][vc_column width=\u00a0\u00bb3\/4&Prime;][vc_column_text] Vous souhaitez plus d&rsquo;informations sur nos services ? Vous voulez un devis ? Remplissez le formulaire ci-dessous. Si vous avez un texte \u00e0 traduire, envoyez-le en pi\u00e8ce jointe. Nous vous contacterons en moins de 24 heures. En cas [&hellip;]","og_url":"https:\/\/traductera.com\/fr\/demandez_contactez\/","og_site_name":"ACP Traductera","article_publisher":"https:\/\/www.facebook.com\/ACPtraductera","article_modified_time":"2020-05-25T14:17:48+00:00","og_image":[{"width":700,"height":86,"url":"https:\/\/traductera.com\/wp-content\/uploads\/2015\/03\/logo_slider.png","type":"image\/png"}],"twitter_card":"summary_large_image","twitter_site":"@traductera","twitter_misc":{"Dur\u00e9e de lecture estim\u00e9e":"1 minute"},"schema":{"@context":"https:\/\/schema.org","@graph":[{"@type":"WebPage","@id":"https:\/\/traductera.com\/fr\/demandez_contactez\/","url":"https:\/\/traductera.com\/fr\/demandez_contactez\/","name":"Demandez un devis \/Contactez-nous &#8226; ACP Traductera","isPartOf":{"@id":"https:\/\/traductera.com\/#website"},"datePublished":"2015-03-04T12:34:15+00:00","dateModified":"2020-05-25T14:17:48+00:00","inLanguage":"fr-FR","potentialAction":[{"@type":"ReadAction","target":["https:\/\/traductera.com\/fr\/demandez_contactez\/"]}]},{"@type":"WebSite","@id":"https:\/\/traductera.com\/#website","url":"https:\/\/traductera.com\/","name":"ACP Traductera","description":"Localization Partner for your Success in Central & Eastern Europe","publisher":{"@id":"https:\/\/traductera.com\/#organization"},"potentialAction":[{"@type":"SearchAction","target":{"@type":"EntryPoint","urlTemplate":"https:\/\/traductera.com\/?s={search_term_string}"},"query-input":{"@type":"PropertyValueSpecification","valueRequired":true,"valueName":"search_term_string"}}],"inLanguage":"fr-FR"},{"@type":"Organization","@id":"https:\/\/traductera.com\/#organization","name":"ACP Traductera, a.s.","url":"https:\/\/traductera.com\/","logo":{"@type":"ImageObject","inLanguage":"fr-FR","@id":"https:\/\/traductera.com\/#\/schema\/logo\/image\/","url":"https:\/\/traductera.com\/wp-content\/uploads\/2015\/03\/logo_slider.png","contentUrl":"https:\/\/traductera.com\/wp-content\/uploads\/2015\/03\/logo_slider.png","width":700,"height":86,"caption":"ACP Traductera, a.s."},"image":{"@id":"https:\/\/traductera.com\/#\/schema\/logo\/image\/"},"sameAs":["https:\/\/www.facebook.com\/ACPtraductera","https:\/\/x.com\/traductera","https:\/\/www.instagram.com\/acptraductera\/","https:\/\/www.linkedin.com\/company\/acp-traductera"]}]}},"_links":{"self":[{"href":"https:\/\/traductera.com\/fr\/wp-json\/wp\/v2\/pages\/2866","targetHints":{"allow":["GET"]}}],"collection":[{"href":"https:\/\/traductera.com\/fr\/wp-json\/wp\/v2\/pages"}],"about":[{"href":"https:\/\/traductera.com\/fr\/wp-json\/wp\/v2\/types\/page"}],"author":[{"embeddable":true,"href":"https:\/\/traductera.com\/fr\/wp-json\/wp\/v2\/users\/1"}],"replies":[{"embeddable":true,"href":"https:\/\/traductera.com\/fr\/wp-json\/wp\/v2\/comments?post=2866"}],"version-history":[{"count":0,"href":"https:\/\/traductera.com\/fr\/wp-json\/wp\/v2\/pages\/2866\/revisions"}],"wp:attachment":[{"href":"https:\/\/traductera.com\/fr\/wp-json\/wp\/v2\/media?parent=2866"}],"curies":[{"name":"wp","href":"https:\/\/api.w.org\/{rel}","templated":true}]}}